{"id":2822,"date":"2024-09-02T16:25:56","date_gmt":"2024-09-02T16:25:56","guid":{"rendered":"https:\/\/cappadociatouristinformation.gen.tr\/?page_id=2822"},"modified":"2024-09-06T13:37:37","modified_gmt":"2024-09-06T13:37:37","slug":"kayseri-aeroporto","status":"publish","type":"page","link":"https:\/\/cappadociatouristinformation.gen.tr\/it\/organizza-il-tuo-viaggio-in-cappadocia\/kayseri-aeroporto\/","title":{"rendered":"La Migliore Guida ai Trasporti: Kayseri Aeroporto Alla Cappadocia"},"content":{"rendered":"<p><strong>La Cappadocia della Turchia centrale attira persone da tutto il mondo grazie alla sua popolarit\u00e0 come destinazione per i viaggiatori.<\/strong><\/p>\n<p>Questa zona \u00e8 famosa per i suoi paesaggi bizzarri e la sua ricca storia. Tuttavia, la domanda rimane ancora aperta: come si pu\u00f2 passare facilmente dal trafficato aeroporto alla bellissima Cappadocia? Questa guida completa ti mostra tutti i diversi modi per arrivare dall&#8217;aeroporto di Kayseri al centro della Cappadocia, cos\u00ec il tuo viaggio sar\u00e0 magico quanto il tuo arrivo.<\/p>\n<p>A circa 75 chilometri di distanza, l&#8217;aeroporto di Kayseri Erkilet (ASR) \u00e8 l&#8217;aeroporto pi\u00f9 grande e pi\u00f9 vicino alla Cappadocia. Puoi andare dall&#8217;aeroporto di Kayseri alla Cappadocia in diversi modi, a seconda dei tuoi desideri e bisogni.<\/p>\n<h2 id=\"t-1700051940557\"><strong><em>Con i servizi navetta<\/em><\/strong><strong><\/strong><\/h2>\n<p><span><img decoding=\"async\" alt=\"Informazioni turistiche sulla Cappadocia navetta aeroportuale Kayseri\" data-id=\"8010\" width=\"702\" data-init-width=\"1000\" height=\"469\" data-init-height=\"668\" title=\"Informazioni turistiche sulla Cappadocia navetta aeroportuale Kayseri\" loading=\"lazy\" src=\"https:\/\/cappadociatouristinformation.gen.tr\/wp-content\/uploads\/2024\/09\/Cappadocia-tourist-information-kayseri-airport-shuttle-1.jpg\" data-width=\"702\" data-height=\"469\" style=\"aspect-ratio: auto 1000 \/ 668;\"><\/span><\/p>\n<p>I servizi navetta sono amici affidabili per i viaggiatori che desiderano comodit\u00e0 e compagnia. Dall&#8217;aeroporto di Kayseri alla Cappadocia, i servizi navetta sono un modo conveniente per spostarsi. I servizi navetta partono puntuali e regolarmente e offrono anche corse dirette al tuo alloggio, cos\u00ec non devi affrontare lo stress di fare pi\u00f9 fermate.<\/p>\n<p>Prendere una navetta dall&#8217;aeroporto di Kayseri alla Cappadocia \u00e8 un modo conveniente per arrivarci. Gli autobus navetta della Cappadocia sono condivisi e possono portarti in diversi posti. Il viaggio dura in genere 1 ora e 30 minuti.<\/p>\n<p>I bus navetta dall&#8217;aeroporto di Kayseri alla Cappadocia costano diversi a seconda di dove stai andando, ma di solito sono pi\u00f9 economici dei taxi.<\/p>\n<p>Il viaggio non \u00e8 pi\u00f9 solo un modo per spostarsi da un luogo all&#8217;altro; diventa un&#8217;esperienza condivisa che porta alle cose straordinarie che li aspettano nella terra dei camini delle fate.<\/p>\n<h2 id=\"t-1700051940558\"><strong><em>Con il taxi<\/em><\/strong><\/h2>\n<p><span><img decoding=\"async\" alt=\"Informazioni turistiche sulla Cappadocia Taxi aeroporto Kayseri\" data-id=\"8011\" width=\"702\" data-init-width=\"1000\" height=\"467\" data-init-height=\"665\" title=\"Informazioni turistiche sulla Cappadocia Taxi aeroporto Kayseri\" loading=\"lazy\" src=\"https:\/\/cappadociatouristinformation.gen.tr\/wp-content\/uploads\/2024\/09\/Cappadocia-tourist-information-kayseri-airport-taxi-1.jpg\" data-width=\"702\" data-height=\"467\" style=\"aspect-ratio: auto 1000 \/ 665;\"><\/span><\/p>\n<p>Il taxi \u00e8 un modo semplice e veloce per spostarsi dall&#8217;aeroporto di Kayseri alla Cappadocia per le persone che desiderano un&#8217;esperienza pi\u00f9 personalizzata o che hanno un programma serrato. Proprio fuori dall&#8217;edificio dell&#8217;aeroporto ci sono molti parcheggi di taxi e la maggior parte degli autisti sa come arrivare in Cappadocia.<\/p>\n<p>Quando prendi un taxi, puoi goderti il viaggio al tuo ritmo. Non dovrai condividere il viaggio con altre persone e l&#8217;autista potr\u00e0 apportare modifiche in base alle tue esigenze. Dovresti fare questa scelta se hai molti bagagli o se parti in gruppo.<\/p>\n<p>Il modo pi\u00f9 veloce e costoso per arrivare dall\u2019aeroporto di Kayseri alla Cappadocia \u00e8 prendere un taxi. Puoi prendere un taxi fuori dall&#8217;edificio dell&#8217;aeroporto e andare direttamente al tuo hotel o in un altro posto in Cappadocia. Il tempo di percorrenza \u00e8 di circa 1 ora e 15 minuti.<\/p>\n<p>Esiste una vasta gamma di prezzi per i taxi dall&#8217;aeroporto di Kayseri alla Cappadocia, ma il costo medio \u00e8 compreso tra 800 e 1000 lire turche.<\/p>\n<p>\u00c8 importante tenere presente, tuttavia, che i prezzi dei taxi potrebbero essere pi\u00f9 alti delle tariffe degli autobus perch\u00e9 la corsa \u00e8 privata. Per evitare qualsiasi confusione, \u00e8 meglio verificare il prezzo con l&#8217;autista prima di iniziare il viaggio.<\/p>\n<h2 id=\"t-1700051940559\"><strong><em>Noleggiando un&#8217;auto<\/em><\/strong><\/h2>\n<p><span><img decoding=\"async\" alt=\"Informazioni turistiche sulla Cappadocia, aeroporto di Kayseri, noleggio auto\" data-id=\"8012\" width=\"702\" data-init-width=\"1000\" height=\"468\" data-init-height=\"667\" title=\"Informazioni turistiche sulla Cappadocia, aeroporto di Kayseri, noleggio auto\" loading=\"lazy\" src=\"https:\/\/cappadociatouristinformation.gen.tr\/wp-content\/uploads\/2024\/09\/Cappadocia-tourist-information-kayseri-airport-rent-a-car-1.jpg\" data-width=\"702\" data-height=\"468\" style=\"aspect-ratio: auto 1000 \/ 667;\"><\/span><\/p>\n<p>Se desideri la massima libert\u00e0 di andare ovunque tu voglia mentre sei in Cappadocia, noleggiare un&#8217;auto dall&#8217;aeroporto di Kayseri \u00e8 un&#8217;ottima opzione. Il modo migliore per vedere la Cappadocia \u00e8 prendere un&#8217;auto.<\/p>\n<p>La disponibilit\u00e0 di un&#8217;auto a noleggio consente di esplorare le attrazioni meno conosciute della Cappadocia. Puoi andare al tuo ritmo, fermarti nei punti panoramici e fare gite all&#8217;ultimo minuto.<\/p>\n<p>Dato che non ci sono molti trasporti pubblici nella zona, i taxi costano pi\u00f9 di quelli di Istanbul. Se il tuo hotel non fornisce servizi di trasporto, ti consigliamo vivamente di noleggiare un&#8217;auto per poter arrivare dove devi andare velocemente e facilmente. All&#8217;aeroporto di Kayseri ci sono diversi posti dove noleggiare auto.<\/p>\n<p>Il prezzo per noleggiare un&#8217;auto dall&#8217;aeroporto di Kayseri cambia in base al tipo di auto scelta e per quanto tempo la tieni.<\/p>\n<p>Ricorda che guidare in Cappadocia potrebbe essere molto diverso da quello a cui sei abituato, poich\u00e9 le strade potrebbero essere piccole, le regole del traffico potrebbero essere diverse e lo scenario potrebbe essere difficile in alcuni luoghi. Se desideri noleggiare un&#8217;auto in Turchia, assicurazioni di sapere come guidare in queste situazioni e vedere se ci sono altri requisiti.<\/p>\n<h2 id=\"t-1700051940560\"><strong><em>&nbsp;Con trasporto privato<\/em><\/strong><\/h2>\n<p><span><img decoding=\"async\" alt=\"Informazioni turistiche sulla Cappadocia aeroporto di Kayseri privato\" data-id=\"8013\" width=\"702\" data-init-width=\"1000\" height=\"468\" data-init-height=\"667\" title=\"Informazioni turistiche sulla Cappadocia aeroporto di Kayseri privato\" loading=\"lazy\" src=\"https:\/\/cappadociatouristinformation.gen.tr\/wp-content\/uploads\/2024\/09\/Cappadocia-tourist-information-kayseri-airport-private-1-1.jpg\" data-width=\"702\" data-height=\"468\" style=\"aspect-ratio: auto 1000 \/ 667;\"><\/span><\/p>\n<p>I servizi di trasporto privato offrono un&#8217;esperienza personalizzata per le persone che desiderano il comfort di un&#8217;auto privata senza dover guidare. Questi servizi possono essere organizzati in anticipo e il tuo autista sar\u00e0 pronto ad accoglierti all&#8217;aeroporto al tuo arrivo.<\/p>\n<p>Il tuo hotel o una compagnia turistica possono organizzare un trasferimento privato per te. Costa di pi\u00f9, ma \u00e8 il modo pi\u00f9 semplice per arrivarci, soprattutto per famiglie o gruppi numerosi.&nbsp;<\/p>\n<p>Un trasferimento privato \u00e8 l&#8217;opzione migliore se vuoi arrivare dove stai andando velocemente e comodamente. Avrai un passaggio privato fino al luogo in cui desideri andare in Cappadocia, dove potrai riposare in una bella macchina. Questa scelta \u00e8 particolarmente utile per chi viaggia con bambini perch\u00e9 rende il viaggio tranquillo e senza stress.<\/p>\n<p>Il trasporto privato pu\u00f2 costare un po&#8217; di pi\u00f9, ma il servizio personalizzato e il comfort extra li rendono la scelta migliore per molti turisti che cercano la modalit\u00e0 migliore per iniziare il loro viaggio in Cappadocia.<\/p>\n<p><strong>Se il tuo hotel non fornisce il trasporto aeroportuale, qui puoi garantire il tuo trasferimento prima di arrivare all&#8217;aeroporto di Kayseri.<\/strong><\/p>\n<ul>\n<li><a href=\"https:\/\/www.getyourguide.com\/goreme-l984\/cappadocia-transfer-tofrom-kayseri-or-nevsehir-airports-t440381\/?partner_id=NO9XIDE&amp;utm_medium=online_publisher&amp;cmp=CappadociaTouristInformation\" target=\"_blank\" rel=\"nofollow noopener\" style=\"outline: currentcolor;\"><span data-sheets-root=\"1\" data-sheets-userformat=\"{&quot;2&quot;:23105,&quot;3&quot;:{&quot;1&quot;:0},&quot;9&quot;:0,&quot;12&quot;:0,&quot;14&quot;:{&quot;1&quot;:2,&quot;2&quot;:1715017},&quot;15&quot;:&quot;Arial&quot;,&quot;17&quot;:1}\" data-sheets-value=\"{&quot;1&quot;:2,&quot;2&quot;:&quot;Private\/Shared Transfers Kayseri or Nev\u015fehir Airports&quot;}\">Trasferimenti privati\/condivisi Aeroporti di Kayseri o Nev\u015fehir<\/span><\/a><\/li>\n<li><a href=\"https:\/\/www.getyourguide.com\/cappadocia-l1400\/nevsehir-kayseri-airport-transfer-to-cappadocia-t514828\/?partner_id=NO9XIDE&amp;utm_medium=online_publisher&amp;cmp=CappadociaTouristInformation\" target=\"_blank\" rel=\"nofollow noopener\" style=\"outline: none;\"><span data-sheets-root=\"1\" data-sheets-userformat=\"{&quot;2&quot;:23105,&quot;3&quot;:{&quot;1&quot;:0},&quot;9&quot;:0,&quot;12&quot;:0,&quot;14&quot;:{&quot;1&quot;:2,&quot;2&quot;:1715017},&quot;15&quot;:&quot;&quot;GT Eesti&quot;, &quot;fallback for GT Eesti&quot;, sans-serif&quot;,&quot;17&quot;:1}\" data-sheets-value=\"{&quot;1&quot;:2,&quot;2&quot;:&quot;Nev\u015fehir\/Kayseri Airport Transfer to Cappadocia hotels&quot;}\">Trasferimento dall&#8217;aeroporto di Nev\u015fehir\/Kayseri all&#8217;hotel della Cappadocia<\/span><\/a><\/li>\n<li><a href=\"https:\/\/www.getyourguide.com\/kayseri-l1052\/from-kayseri-airport-transfer-to-nevsehir-goreme-and-more-t417736\/?partner_id=NO9XIDE&amp;utm_medium=online_publisher&amp;cmp=CappadociaTouristInformation\" target=\"_blank\" rel=\"nofollow noopener\" style=\"outline: currentcolor;\"><span data-sheets-root=\"1\" data-sheets-userformat=\"{&quot;2&quot;:23105,&quot;3&quot;:{&quot;1&quot;:0},&quot;9&quot;:0,&quot;12&quot;:0,&quot;14&quot;:{&quot;1&quot;:2,&quot;2&quot;:1715017},&quot;15&quot;:&quot;&quot;GT Eesti&quot;, &quot;fallback for GT Eesti&quot;, sans-serif&quot;,&quot;17&quot;:1}\" data-sheets-value=\"{&quot;1&quot;:2,&quot;2&quot;:&quot;From Kayseri: Airport Transfer to Cappadocia Hotels&quot;}\">Da Kayseri: trasferimento dall&#8217;aeroporto all&#8217;hotel della Cappadocia<\/span><\/a><\/li>\n<\/ul>\n<p><strong>Se desideri un trasferimento privato senza problemi, sicuro e comodo, puoi beneficiare di uno <span style=\"text-decoration: underline;\">sconto del 5%<\/span>&nbsp;con il codice<\/strong><a href=\"https:\/\/wa.link\/yavht2\" target=\"_blank\" rel=\"nofollow noopener\" style=\"outline: none;\"><\/a><a href=\"https:\/\/wa.link\/yavht2\" target=\"_blank\" rel=\"nofollow noopener\" style=\"outline: none;\"><strong><\/strong><\/a><strong><a href=\"https:\/\/wa.link\/yavht2\" rel=\"nofollow noopener\" target=\"_blank\" style=\"outline: none;\"><strong><span>&#8220;CAPTI5&#8221;<\/span><\/strong><\/a> tramite questo link.<\/strong><strong> <\/strong><a href=\"https:\/\/wa.link\/yavht2\" target=\"_blank\" rel=\"nofollow noopener\" style=\"outline: currentcolor;\"><strong><\/strong><\/a><\/p>\n<h2 id=\"t-1700051940561\"><strong><em>Con gli autobus pubblici<\/em><\/strong><\/h2>\n<p><span><img decoding=\"async\" alt=\"Autobus pubblico per l'aeroporto di Kayseri, informazioni turistiche sulla Cappadocia\" data-id=\"8014\" width=\"702\" data-init-width=\"1000\" height=\"468\" data-init-height=\"666\" title=\"Autobus pubblico per l'aeroporto di Kayseri, informazioni turistiche sulla Cappadocia\" loading=\"lazy\" src=\"https:\/\/cappadociatouristinformation.gen.tr\/wp-content\/uploads\/2024\/09\/Cappadocia-tourist-information-kayseri-airport-public-bus-1.jpg\" data-width=\"702\" data-height=\"468\" style=\"aspect-ratio: auto 1000 \/ 666;\"><\/span><\/p>\n<p>Se stai cercando un modo economico e autentico per andare dall&#8217;aeroporto di Kayseri alla Cappadocia, approfitta del sistema di autobus pubblici. Dall&#8217;aeroporto, puoi prendere un autobus per qualsiasi numero di citt\u00e0 nella zona della Cappadocia.<\/p>\n<p>L\u2019opzione pi\u00f9 economica per spostarsi dall\u2019aeroporto di Kayseri alla Cappadocia \u00e8 prendere un autobus pubblico. Gli autobus pubblici che partono ogni ora per G\u00f6reme, la principale destinazione turistica della Cappadocia, servono il terminal dell&#8217;aeroporto.<\/p>\n<p>I viaggiatori con lo zaino in spalla e coloro che vogliono semplicemente uscire e conoscere il mondo spesso scelgono questa alternativa conveniente. Socializzerai con i veri turchi e avrai un&#8217;idea della vita in questo affascinante paese.<\/p>\n<p>Il tempo di viaggio potrebbe essere leggermente pi\u00f9 lungo rispetto ad altri metodi, ma il viaggio stesso diventer\u00e0 un aspetto memorabile della tua avventura in Cappadocia. Il viaggio dura solitamente circa 2 ore.<\/p>\n<p>Tieni presente che le linee degli autobus pubblici sono soggette a modifiche, quindi \u00e8 meglio ricontrollare in anticipo gli orari di partenza per garantire un viaggio tranquillo dall&#8217;aeroporto alla Cappadocia.<span><img decoding=\"async\" alt=\"Informazioni turistiche sulla Cappadocia aeroporto di Kayseri\" data-id=\"8015\" width=\"702\" data-init-width=\"1000\" height=\"395\" data-init-height=\"563\" title=\"Informazioni turistiche sulla Cappadocia aeroporto di Kayseri\" loading=\"lazy\" src=\"https:\/\/cappadociatouristinformation.gen.tr\/wp-content\/uploads\/2024\/09\/cappadocia-touris-information-Gulludere-Valley-1-2.jpg\" data-width=\"702\" data-height=\"395\" style=\"aspect-ratio: auto 1000 \/ 563;\"><\/span><\/p>\n<p>Il fascino della Cappadocia ti aspetta non appena atterrerai all&#8217;aeroporto di Kayseri. Esistono molti modi per arrivare dove devi andare, dai servizi navetta e taxi al noleggio auto, autobus pubblici e trasporti privati. Puoi assicurarti che il tuo viaggio si svolga senza intoppi e secondo le tue esigenze.<\/p>\n<p>Non importa in che direzione vai; presto sarai nel meraviglioso mondo della Cappadocia, dove i tramonti sono interessanti tanto quanto i modi per arrivarci.<\/p>\n<p>Hai imparato di pi\u00f9 su ciascuna scelta nei pezzi sopra, che ti hanno fornito tutte le informazioni di cui hai bisogno per rendere il tuo viaggio indimenticabile.<\/p>\n<h3 style=\"\" id=\"t-1702554096343\" data-hide=\"true\"><strong>Articoli Correlati:<\/strong><\/h3>\n<p><a href=\"https:\/\/cappadociatouristinformation.gen.tr\/it\/cose-da-fare\/con-bambini\/\" dynamic-postlink=\"tcb_post_the_permalink\" data-shortcode-id=\"2614\"><\/a><\/p>\n<h3 style=\"text-align: center; padding-top: 0px !important; margin-top: 0px !important;\" id=\"t-1702554096344\" data-hide=\"true\"><span data-attr-link=\"1\" data-attr-rel=\"0\" data-attr-target=\"0\" data-extra_key=\"\" data-option-inline=\"1\" data-shortcode=\"tcb_post_title\" data-shortcode-name=\"Post title\" data-attr-css=\"\" data-attr-static-link=\"{&quot;className&quot;:&quot;&quot;,&quot;href&quot;:&quot;#&quot;,&quot;title&quot;:&quot;La Migliore Guida ai Trasporti: Kayseri Aeroporto Alla Cappadocia&quot;,&quot;class&quot;:&quot;&quot;}\" style=\"\"><a href=\"https:\/\/cappadociatouristinformation.gen.tr\/it\/cose-da-fare\/con-bambini\/\" title=\"15 Cose Migliori da Fare in Cappadocia Con Bambini\" data-css=\"\">15 Cose Migliori da Fare in Cappadocia Con Bambini<\/a><\/span><\/h3>\n<p><a href=\"https:\/\/cappadociatouristinformation.gen.tr\/it\/cose-da-fare\/con-bambini\/\" style=\"\"><span style=\"\"><span style=\"\">Per saperne di pi\u00f9<\/span><\/span><\/a><a href=\"https:\/\/cappadociatouristinformation.gen.tr\/it\/organizza-il-tuo-viaggio-in-cappadocia\/itinerario-tre-giorni\/\" dynamic-postlink=\"tcb_post_the_permalink\" data-shortcode-id=\"2614\"><\/a><\/p>\n<h3 style=\"text-align: center; padding-top: 0px !important; margin-top: 0px !important;\" id=\"t-1702554096344\" data-hide=\"true\"><span data-attr-link=\"1\" data-attr-rel=\"0\" data-attr-target=\"0\" data-extra_key=\"\" data-option-inline=\"1\" data-shortcode=\"tcb_post_title\" data-shortcode-name=\"Post title\" data-attr-css=\"\" data-attr-static-link=\"{&quot;className&quot;:&quot;&quot;,&quot;href&quot;:&quot;#&quot;,&quot;title&quot;:&quot;La Migliore Guida ai Trasporti: Kayseri Aeroporto Alla Cappadocia&quot;,&quot;class&quot;:&quot;&quot;}\" style=\"\"><a href=\"https:\/\/cappadociatouristinformation.gen.tr\/it\/organizza-il-tuo-viaggio-in-cappadocia\/itinerario-tre-giorni\/\" title=\"Itinerario di 3 Giorni in Cappadocia: Il miglior itinerario di 3 giorni per principianti in Cappadocia [Con biglietti]\" data-css=\"\">Itinerario di 3 Giorni in Cappadocia: Il miglior itinerario di 3 giorni per principianti in Cappadocia [Con biglietti]<\/a><\/span><\/h3>\n<p><a href=\"https:\/\/cappadociatouristinformation.gen.tr\/it\/organizza-il-tuo-viaggio-in-cappadocia\/itinerario-tre-giorni\/\" style=\"\"><span style=\"\"><span style=\"\">Per saperne di pi\u00f9<\/span><\/span><\/a><a href=\"https:\/\/cappadociatouristinformation.gen.tr\/it\/organizza-il-tuo-viaggio-in-cappadocia\/kayseri-aeroporto\/\" dynamic-postlink=\"tcb_post_the_permalink\" data-shortcode-id=\"2614\"><\/a><\/p>\n<h3 style=\"text-align: center; padding-top: 0px !important; margin-top: 0px !important;\" id=\"t-1702554096344\" data-hide=\"true\"><span data-attr-link=\"1\" data-attr-rel=\"0\" data-attr-target=\"0\" data-extra_key=\"\" data-option-inline=\"1\" data-shortcode=\"tcb_post_title\" data-shortcode-name=\"Post title\" data-attr-css=\"\" data-attr-static-link=\"{&quot;className&quot;:&quot;&quot;,&quot;href&quot;:&quot;#&quot;,&quot;title&quot;:&quot;La Migliore Guida ai Trasporti: Kayseri Aeroporto Alla Cappadocia&quot;,&quot;class&quot;:&quot;&quot;}\" style=\"\"><a href=\"https:\/\/cappadociatouristinformation.gen.tr\/it\/organizza-il-tuo-viaggio-in-cappadocia\/kayseri-aeroporto\/\" title=\"La Migliore Guida ai Trasporti: Kayseri Aeroporto Alla Cappadocia\" data-css=\"\">La Migliore Guida ai Trasporti: Kayseri Aeroporto Alla Cappadocia<\/a><\/span><\/h3>\n<p><a href=\"https:\/\/cappadociatouristinformation.gen.tr\/it\/organizza-il-tuo-viaggio-in-cappadocia\/kayseri-aeroporto\/\" style=\"\"><span style=\"\"><span style=\"\">Per saperne di pi\u00f9<\/span><\/span><\/a><a href=\"https:\/\/cappadociatouristinformation.gen.tr\/it\/organizza-il-tuo-viaggio-in-cappadocia\/da-antalya\/\" dynamic-postlink=\"tcb_post_the_permalink\" data-shortcode-id=\"2614\"><\/a><\/p>\n<h3 style=\"text-align: center; padding-top: 0px !important; margin-top: 0px !important;\" id=\"t-1702554096344\" data-hide=\"true\"><span data-attr-link=\"1\" data-attr-rel=\"0\" data-attr-target=\"0\" data-extra_key=\"\" data-option-inline=\"1\" data-shortcode=\"tcb_post_title\" data-shortcode-name=\"Post title\" data-attr-css=\"\" data-attr-static-link=\"{&quot;className&quot;:&quot;&quot;,&quot;href&quot;:&quot;#&quot;,&quot;title&quot;:&quot;La Migliore Guida ai Trasporti: Kayseri Aeroporto Alla Cappadocia&quot;,&quot;class&quot;:&quot;&quot;}\" style=\"\"><a href=\"https:\/\/cappadociatouristinformation.gen.tr\/it\/organizza-il-tuo-viaggio-in-cappadocia\/da-antalya\/\" title=\"Migliore Guida ai Trasporti: Da Antalya Alla Cappadocia\" data-css=\"\">Migliore Guida ai Trasporti: Da Antalya Alla Cappadocia<\/a><\/span><\/h3>\n<p><a href=\"https:\/\/cappadociatouristinformation.gen.tr\/it\/organizza-il-tuo-viaggio-in-cappadocia\/da-antalya\/\" style=\"\"><span style=\"\"><span style=\"\">Per saperne di pi\u00f9<\/span><\/span><\/a><\/p>\n","protected":false},"excerpt":{"rendered":"<p>La Cappadocia della Turchia centrale attira persone da tutto il mondo grazie alla sua popolarit\u00e0 come destinazione per i viaggiatori. Questa zona \u00e8 famosa per i suoi paesaggi bizzarri e la sua ricca storia. Tuttavia, la domanda rimane ancora aperta: come si pu\u00f2 passare facilmente dal trafficato aeroporto alla bellissima Cappadocia? Questa guida completa ti [&hellip;]<\/p>\n","protected":false},"author":2,"featured_media":3140,"parent":2248,"menu_order":0,"comment_status":"closed","ping_status":"closed","template":"","meta":{"footnotes":""},"categories":[],"tags":[81,37,97,96],"class_list":["post-2822","page","type-page","status-publish","has-post-thumbnail","hentry","tag-guida","tag-guide","tag-kayseri-aeroporto","tag-trasporti","post-wrapper","thrv_wrapper"],"_links":{"self":[{"href":"https:\/\/cappadociatouristinformation.gen.tr\/it\/wp-json\/wp\/v2\/pages\/2822","targetHints":{"allow":["GET"]}}],"collection":[{"href":"https:\/\/cappadociatouristinformation.gen.tr\/it\/wp-json\/wp\/v2\/pages"}],"about":[{"href":"https:\/\/cappadociatouristinformation.gen.tr\/it\/wp-json\/wp\/v2\/types\/page"}],"author":[{"embeddable":true,"href":"https:\/\/cappadociatouristinformation.gen.tr\/it\/wp-json\/wp\/v2\/users\/2"}],"replies":[{"embeddable":true,"href":"https:\/\/cappadociatouristinformation.gen.tr\/it\/wp-json\/wp\/v2\/comments?post=2822"}],"version-history":[{"count":10,"href":"https:\/\/cappadociatouristinformation.gen.tr\/it\/wp-json\/wp\/v2\/pages\/2822\/revisions"}],"predecessor-version":[{"id":3357,"href":"https:\/\/cappadociatouristinformation.gen.tr\/it\/wp-json\/wp\/v2\/pages\/2822\/revisions\/3357"}],"up":[{"embeddable":true,"href":"https:\/\/cappadociatouristinformation.gen.tr\/it\/wp-json\/wp\/v2\/pages\/2248"}],"wp:featuredmedia":[{"embeddable":true,"href":"https:\/\/cappadociatouristinformation.gen.tr\/it\/wp-json\/wp\/v2\/media\/3140"}],"wp:attachment":[{"href":"https:\/\/cappadociatouristinformation.gen.tr\/it\/wp-json\/wp\/v2\/media?parent=2822"}],"wp:term":[{"taxonomy":"category","embeddable":true,"href":"https:\/\/cappadociatouristinformation.gen.tr\/it\/wp-json\/wp\/v2\/categories?post=2822"},{"taxonomy":"post_tag","embeddable":true,"href":"https:\/\/cappadociatouristinformation.gen.tr\/it\/wp-json\/wp\/v2\/tags?post=2822"}],"curies":[{"name":"wp","href":"https:\/\/api.w.org\/{rel}","templated":true}]}}