{"id":2828,"date":"2024-09-02T16:32:30","date_gmt":"2024-09-02T16:32:30","guid":{"rendered":"https:\/\/cappadociatouristinformation.gen.tr\/?page_id=2828"},"modified":"2024-09-06T13:38:35","modified_gmt":"2024-09-06T13:38:35","slug":"nevsehir-aeroporto","status":"publish","type":"page","link":"https:\/\/cappadociatouristinformation.gen.tr\/it\/organizza-il-tuo-viaggio-in-cappadocia\/nevsehir-aeroporto\/","title":{"rendered":"La migliore Guida ai Trasporti: Nevsehir Aeroporto Alla Cappadocia"},"content":{"rendered":"<p><strong>La Cappadocia ha una vasta estensione geografica, quindi il trasporto pubblico non \u00e8 ben consolidato.<\/strong><strong><\/strong>In questo articolo spiegheremo le varie opzioni di trasporto dall&#8217;aeroporto di Nevsehir alla Cappadocia, dai taxi e bus navetta agli autobus pubblici e agli autonoleggi. Tuttavia, il noleggio di auto private e le navitte aeroportuali rendono molto semplice spostarsi in tutta la regione.<\/p>\n<p>Minibus e autobus sono mezzi di trasporto pubblico popolari nell&#8217;area della Cappadocia. Il taxi \u00e8 un&#8217;altra opzione. Il trasporto pubblico, in particolare dall&#8217;aeroporto al centro citt\u00e0, potrebbe essere pi\u00f9 conveniente.<\/p>\n<p>Sia che tu preferisca la comodit\u00e0 di un taxi o l&#8217;indipendenza di un&#8217;auto a noleggio, ti aiuteremo a navigare dall&#8217;aeroporto di Nev\u015fehir Kapadokya attraverso il centro della Cappadocia.<\/p>\n<h2 style=\"\" id=\"t-1700053162174\"><strong>Dov&#8217;\u00e8 l&#8217;aeroporto di Nevsehir:<\/strong><\/h2>\n<p><strong><\/strong>L&#8217;aeroporto di Nevsehir Kapadokya si trova a circa 36,7 km. ad Avanos, 37,6 km. a Goreme, 36,5 km. a Uchisar o 47,8 km. a Urgup<\/p>\n<h2 style=\"\" id=\"t-1700053162176\"><strong><em>Arrivo al centro di Kapadokya:<\/em><\/strong><\/h2>\n<p><strong><em><\/em><\/strong><strong><em><\/em><\/strong><em>La distanza tra l&#8217;aeroporto di Nev\u015fehir Cappadocia e il capolinea degli autobus di Nev\u015fehir \u00e8 di circa 31 km.<\/em><\/p>\n<p><em>Dato che non ci sono trasporti pubblici lungo questo percorso, puoi prendere un taxi o noleggiare un veicolo. Tuttavia, se vuoi risparmiare sul tuo viaggio, puoi passare dai taxi alle navitte aeroportuali.<\/em><\/p>\n<h2 id=\"t-1700053162177\"><b><em><span lang=\"EN-GB\">Con l&#8217;autobus pubblico<\/span><\/em><\/b><\/h2>\n<p><span><img decoding=\"async\" alt=\"Autobus per il trasporto all'aeroporto di Nevsehir, informazioni turistiche sulla Cappadocia\" data-id=\"8025\" width=\"702\" data-init-width=\"1000\" height=\"465\" data-init-height=\"662\" title=\"Autobus per il trasporto all'aeroporto di Nevsehir, informazioni turistiche sulla Cappadocia\" loading=\"lazy\" src=\"https:\/\/cappadociatouristinformation.gen.tr\/wp-content\/uploads\/2024\/09\/Cappadocia-tourist-information-nevsehir-airport-transportation-bus-1.jpg\" data-width=\"702\" data-height=\"465\" style=\"aspect-ratio: auto 1000 \/ 662;\"><\/span><\/p>\n<p>La Cappadocia \u00e8 generalmente raggiungibile tramite l&#8217;aeroporto di Kayseri; tuttavia, se hai acquistato il biglietto dall&#8217;aeroporto della Cappadocia anzich\u00e9 dall&#8217;aeroporto di Nev\u015fehir (l&#8217;aeroporto di Nev\u015fehir \u00e8 indicato come aeroporto della Cappadocia), il centro di Nev\u015fehir \u00e8 a 30 chilometri.<\/p>\n<p><strong>Purtroppo non esiste un servizio autobus diretto dall&#8217;aeroporto alla citt\u00e0 di Nev\u015fehir.<\/strong><\/p>\n<p>Turkish Airlines e Anadolu Jet gestiscono i propri servizi navetta per i propri clienti verso la citt\u00e0 di Nevsehir ei suoi quartieri come \u00dcrg\u00fcp, nonch\u00e9 dai quartieri e dal centro all&#8217;aeroporto.&nbsp;<\/p>\n<p>I minibus Tuzk\u00f6y che partono dall&#8217;aeroporto ogni ora possono portarti a G\u00fcl\u015fehir, mentre gli autobus municipali da G\u00fcl\u015fehir possono portarti al centro di Nev\u015fehir. Ci teniamo a ricordarti che anche pagando una cifra minima per un viaggio in minibus Tuzk\u00f6y verso l&#8217;aeroporto perderai almeno 2 ore di tempo. Pertanto, questo modo di trasporto non \u00e8 eccezionalmente facile da usare.<\/p>\n<p>Puoi anche verificare in anticipo se l&#8217;hotel in cui alloggerai offre il trasporto. Puoi prendere le navette aeroportuali in partenza dal centro del Bazaar, dell&#8217;Universit\u00e0 Nev\u015fehir e del Forum Cappadocia almeno 2 ore prima del volo in partenza dalla Cappadocia.<\/p>\n<h2 id=\"t-1700053162178\"><strong><em>Con i servizi navetta<\/em><\/strong><\/h2>\n<p><span><img decoding=\"async\" alt=\"Informazioni turistiche sulla Cappadocia navetta per il trasporto aeroportuale Nevsehir\" data-id=\"8026\" width=\"702\" data-init-width=\"1000\" height=\"439\" data-init-height=\"625\" title=\"Informazioni turistiche sulla Cappadocia navetta per il trasporto aeroportuale Nevsehir\" loading=\"lazy\" src=\"https:\/\/cappadociatouristinformation.gen.tr\/wp-content\/uploads\/2024\/09\/Cappadocia-tourist-information-nevsehir-airport-transportation-shuttle-1.jpg\" data-width=\"702\" data-height=\"439\" style=\"aspect-ratio: auto 1000 \/ 625;\"><\/span><\/p>\n<p>Dall&#8217;aeroporto Nevsehir Kapadokya, le navette condivise sono il metodo di trasporto pi\u00f9 conveniente ed economico (rispetto alle navette private) per le citt\u00e0 della Cappadocia (Goreme, Urgup, Uchisar, Cavusin e Avanos).<\/p>\n<p>\u00c8 pi\u00f9 economico che usare i taxi ed \u00e8 molto pi\u00f9 facile per te che trascinare grandi bagagli per la citt\u00e0. In aeroporto \u00e8 disponibile un servizio di accoglienza. All&#8217;uscita del terminal, il tuo autista ti aspetter\u00e0 con una targhetta con il tuo nome.<\/p>\n<p>Ti consigliamo vivamente di prenotare un servizio navetta privato per il tuo hotel se viaggi in gruppo, se hai bambini piccoli al seguito o se hai molti bagagli.<\/p>\n<p>Dall&#8217;aeroporto Nevsehir Kapadokya al tuo alloggio in Cappadocia (Goreme, Urgup, Uchisar, Cavusin e Avanos) o viceversa, le navette private forniscono un servizio di trasporto conveniente, conveniente e senza stress a un prezzo accessibile.&nbsp;<\/p>\n<p>Non appena tutti saranno pronti, la navetta verr\u00e0 a prendervi e vi aiuter\u00e0 con i bagagli. Verrai portato direttamente al tuo hotel. Ottima qualit\u00e0 per il prezzo pagato.<\/p>\n<h2 id=\"t-1700053162179\"><b><em><span lang=\"EN-GB\">Con il taxi<\/span><\/em><\/b><\/h2>\n<p><span><img decoding=\"async\" alt=\"Informazioni turistiche sulla Cappadocia taxi per il trasporto all'aeroporto di Nevsehir\" data-id=\"8027\" width=\"702\" data-init-width=\"1000\" height=\"354\" data-init-height=\"504\" title=\"Informazioni turistiche sulla Cappadocia taxi per il trasporto all'aeroporto di Nevsehir\" loading=\"lazy\" src=\"https:\/\/cappadociatouristinformation.gen.tr\/wp-content\/uploads\/2024\/09\/Cappadocia-tourist-information-nevsehir-airport-transportation-taxi-1.jpg\" data-width=\"702\" data-height=\"354\" style=\"aspect-ratio: auto 1000 \/ 504;\"><\/span><\/p>\n<p>Il metodo pi\u00f9 rapido e conveniente per andare dall&#8217;aeroporto di Nevsehir Cappadocia al centro della citt\u00e0 \u00e8 tramite taxi.<\/p>\n<p>I taxi che partono di fronte al terminal dell&#8217;aeroporto ti portano dall&#8217;aeroporto al centro citt\u00e0 in media in 35-40 minuti. Questa escursione, per\u00f2, ti coster\u00e0 in media 600-800 tl.<\/p>\n<p>Di conseguenza, prima di intraprendere il viaggio, potresti contrattare con l&#8217;autista e spingerlo ad abbassare il biglietto, oppure puoi individuare qualche altra persona che va nella tua stessa direzione e un&#8217;offerta per dividere la tariffa.<\/p>\n<h2 id=\"t-1700053162180\"><b><em><span lang=\"EN-GB\">Noleggiare un&#8217;auto<\/span><\/em><\/b><\/h2>\n<p><span><img decoding=\"async\" alt=\"Auto per il trasporto all'aeroporto di Nevsehir, informazioni turistiche sulla Cappadocia\" data-id=\"8028\" width=\"702\" data-init-width=\"1000\" height=\"446\" data-init-height=\"636\" title=\"Auto per il trasporto all'aeroporto di Nevsehir, informazioni turistiche sulla Cappadocia\" loading=\"lazy\" src=\"https:\/\/cappadociatouristinformation.gen.tr\/wp-content\/uploads\/2024\/09\/Cappadocia-tourist-information-nevsehir-airport-transportation-private-1.jpg\" data-width=\"702\" data-height=\"446\" style=\"aspect-ratio: auto 1000 \/ 636;\"><\/span><\/p>\n<p>Se desideri la massima libert\u00e0 di andare ovunque tu voglia mentre sei in Cappadocia, noleggiare un&#8217;auto all&#8217;aeroporto di Nev\u015fehir \u00e8 un&#8217;ottima opzione. Il modo migliore per vedere la Cappadocia \u00e8 prendere un&#8217;auto.<\/p>\n<p>La disponibilit\u00e0 di un&#8217;auto a noleggio consente di esplorare le attrazioni meno conosciute della Cappadocia. Puoi andare al tuo ritmo, fermarti nei punti panoramici e fare gite all&#8217;ultimo minuto.<\/p>\n<p>Dato che non ci sono molti trasporti pubblici nella zona, i taxi costano pi\u00f9 di quelli di Istanbul. Se il tuo hotel non fornisce servizi di trasporto, ti consigliamo vivamente di noleggiare un&#8217;auto per poter arrivare dove devi andare velocemente e facilmente. All&#8217;aeroporto di Nev\u015fehir ci sono diversi posti dove noleggiare auto.<\/p>\n<p>Il prezzo per noleggiare un&#8217;auto all&#8217;Aeroporto di Nev\u015fehir cambia in base al tipo di auto scelta e per quanto tempo la tieni.<\/p>\n<p>Ricorda che guidare in Cappadocia potrebbe essere molto diverso da quello a cui sei abituato, poich\u00e9 le strade potrebbero essere piccole, le regole del traffico potrebbero essere diverse e lo scenario potrebbe essere difficile in alcuni luoghi. Se desideri noleggiare un\u2019auto in Turchia, assicurati di sapere come guidare in queste situazioni e vedere se ci sono altri requisiti.<\/p>\n<h2 id=\"t-1700053162181\"><b><em><span lang=\"EN-GB\">Trasporto privato<\/span><\/em><\/b><\/h2>\n<p><strong>Se desideri un trasferimento privato senza problemi, sicuro e comodo, puoi beneficiare di uno <span style=\"text-decoration: underline;\">sconto del 5%<\/span> con il codice <\/strong><a href=\"https:\/\/wa.link\/yavht2\" target=\"_blank\" rel=\"nofollow noopener\"><strong><span style=\"--tcb-applied-color: rgb(233, 7, 41) !important; color: rgb(233, 7, 41) !important;\">&#8220;CAPTI5&#8221;<\/span><\/strong><\/a><a href=\"https:\/\/wa.link\/yavht2\" target=\"_blank\" rel=\"nofollow noopener\" style=\"outline: none;\"><strong> tramite questo link.<\/strong><\/a><strong> <\/strong><a href=\"https:\/\/wa.link\/yavht2\" target=\"_blank\" rel=\"nofollow noopener\" style=\"outline: currentcolor;\"><strong><\/strong><\/a><\/p>\n<p><span><img decoding=\"async\" alt=\"Informazioni turistiche sulla Cappadocia, trasporto dall'aeroporto di Nevsehir\" data-id=\"8029\" width=\"702\" data-init-width=\"1000\" height=\"468\" data-init-height=\"667\" title=\"Informazioni turistiche sulla Cappadocia, trasporto dall'aeroporto di Nevsehir\" loading=\"lazy\" src=\"https:\/\/cappadociatouristinformation.gen.tr\/wp-content\/uploads\/2024\/09\/Cappadocia-tourist-information-nevsehir-airport-transportation-1-1.jpg\" data-width=\"702\" data-height=\"468\" style=\"aspect-ratio: auto 1000 \/ 667;\"><\/span><\/p>\n<p>I servizi di trasporto privato offrono un&#8217;esperienza personalizzata per le persone che desiderano il comfort di un&#8217;auto privata senza dover guidare. Questi servizi possono essere organizzati in anticipo e il tuo autista sar\u00e0 pronto ad accoglierti all&#8217;aeroporto al tuo arrivo. Puoi prenotare il trasporto privato per la Cappadocia online o contattando il tuo hotel prima di arrivare in Cappadocia; tuttavia \u00e8 possibile che non sia possibile utilizzare questo servizio all&#8217;aeroporto di Nevsehir. Il tuo hotel o una compagnia turistica possono organizzare un trasferimento privato per te. Costa di pi\u00f9, ma \u00e8 il modo pi\u00f9 semplice per arrivarci, soprattutto per famiglie o gruppi numerosi.&nbsp;Un trasferimento privato \u00e8 l&#8217;opzione migliore se vuoi arrivare dove stai andando velocemente e comodamente. Avrai un passaggio privato fino al luogo in cui desideri andare in Cappadocia, dove potrai riposare in una bella macchina. Questa scelta \u00e8 particolarmente utile per chi viaggia con bambini perch\u00e9 rende il viaggio tranquillo e senza stress. Il trasporto privato pu\u00f2 costare un po&#8217; di pi\u00f9, ma il servizio personalizzato e il comfort extra li rendono la scelta migliore per molti turisti che cercano la modalit\u00e0 migliore per iniziare il loro viaggio in Cappadocia.<strong>Se il tuo hotel non fornisce il trasporto aeroportuale, qui puoi garantire il tuo trasferimento prima di arrivare all&#8217;aeroporto di Nev\u015fehir.<\/strong><\/p>\n<ul>\n<li tve-droppable\"\"=\"\"><a href=\"https:\/\/www.getyourguide.com\/goreme-l984\/cappadocia-transfer-tofrom-kayseri-or-nevsehir-airports-t440381\/?partner_id=NO9XIDE&amp;utm_medium=online_publisher&amp;cmp=CappadociaTouristInformation\" rel=\"nofollow noopener\" target=\"_blank\" style=\"outline: none;\"><span data-sheets-root=\"1\" data-sheets-userformat=\"{&quot;2&quot;:23105,&quot;3&quot;:{&quot;1&quot;:0},&quot;9&quot;:0,&quot;12&quot;:0,&quot;14&quot;:{&quot;1&quot;:2,&quot;2&quot;:1715017},&quot;15&quot;:&quot;Arial&quot;,&quot;17&quot;:1}\" data-sheets-value=\"{&quot;1&quot;:2,&quot;2&quot;:&quot;Private\/Shared Transfers Kayseri or Nev\u015fehir Airports&quot;}\">Trasferimenti privati\/condivisi Aeroporti di Kayseri o Nev\u015fehir<\/span><\/a><\/li>\n<li tve-droppable\"\"=\"\"><a href=\"https:\/\/www.getyourguide.com\/cappadocia-l1400\/nevsehir-kayseri-airport-transfer-to-cappadocia-t514828\/?partner_id=NO9XIDE&amp;utm_medium=online_publisher&amp;cmp=CappadociaTouristInformation\" rel=\"nofollow noopener\" target=\"_blank\" style=\"outline: none;\"><span data-sheets-root=\"1\" data-sheets-userformat=\"{&quot;2&quot;:23105,&quot;3&quot;:{&quot;1&quot;:0},&quot;9&quot;:0,&quot;12&quot;:0,&quot;14&quot;:{&quot;1&quot;:2,&quot;2&quot;:1715017},&quot;15&quot;:&quot;&quot;GT Eesti&quot;, &quot;fallback for GT Eesti&quot;, sans-serif&quot;,&quot;17&quot;:1}\" data-sheets-value=\"{&quot;1&quot;:2,&quot;2&quot;:&quot;Nev\u015fehir\/Kayseri Airport Transfer to Cappadocia hotels&quot;}\">Trasferimento dall&#8217;aeroporto di Nev\u015fehir\/Kayseri all&#8217;hotel della Cappadocia<\/span><\/a><\/li>\n<li tve-droppable\"\"=\"\"><a href=\"https:\/\/www.getyourguide.com\/nevsehir-l121020\/airport-pick-up-drop-from-to-cappadocia-nevsehir-t504999\/?partner_id=NO9XIDE&amp;utm_medium=online_publisher&amp;cmp=CappadociaTouristInformation\" rel=\"nofollow noopener\" target=\"_blank\" style=\"outline: none;\"><span data-sheets-root=\"1\" data-sheets-userformat=\"{&quot;2&quot;:23105,&quot;3&quot;:{&quot;1&quot;:0},&quot;9&quot;:0,&quot;12&quot;:0,&quot;14&quot;:{&quot;1&quot;:2,&quot;2&quot;:1715017},&quot;15&quot;:&quot;&quot;GT Eesti&quot;, &quot;fallback for GT Eesti&quot;, sans-serif&quot;,&quot;17&quot;:1}\" data-sheets-value=\"{&quot;1&quot;:2,&quot;2&quot;:&quot;Nev\u015fehir\/Kayseri Airport Transfer to Cappadocia hotels&quot;}\"><span data-sheets-root=\"1\" data-sheets-userformat=\"{&quot;2&quot;:23105,&quot;3&quot;:{&quot;1&quot;:0},&quot;9&quot;:0,&quot;12&quot;:0,&quot;14&quot;:{&quot;1&quot;:2,&quot;2&quot;:1715017},&quot;15&quot;:&quot;&quot;GT Eesti&quot;, &quot;fallback for GT Eesti&quot;, sans-serif&quot;,&quot;17&quot;:1}\" data-sheets-value=\"{&quot;1&quot;:2,&quot;2&quot;:&quot;One-Way Airport Transfer from Nevsehir Airport to Cappadocia&quot;}\">Trasferimento aeroporto di sola andata dall&#8217;aeroporto di Nevsehir alla Cappadocia<\/span><\/span><\/a><\/li>\n<\/ul>\n<p style=\"\">Prima di organizzare qualsiasi servizio navetta \u00e8 molto utile informarsi sulle opportunit\u00e0 che il vostro albergo vi offre.<\/p>\n<p><span><img decoding=\"async\" alt=\"informazioni turistiche sulla cappadocia dove alloggiare\" data-id=\"7825\" width=\"702\" data-init-width=\"1000\" height=\"468\" data-init-height=\"667\" title=\"informazioni turistiche sulla cappadocia dove alloggiare\" loading=\"lazy\" src=\"https:\/\/cappadociatouristinformation.gen.tr\/wp-content\/uploads\/2024\/09\/cappadocia-tourist-information-where-to-stay-1.jpg\" data-width=\"702\" data-height=\"468\" style=\"aspect-ratio: auto 1000 \/ 667;\"><\/span><\/p>\n<p>Il fascino della Cappadocia ti aspetta non appena atterrerai all&#8217;aeroporto di Nev\u015fehir. Esistono molti modi per arrivare dove devi andare, dai servizi navetta condivisi, ai taxi, al noleggio auto e al trasporto privato. Puoi assicurarti che il tuo viaggio si svolga senza intoppi e secondo le tue esigenze.<\/p>\n<p>Non importa in che direzione vai; presto sarai nel meraviglioso mondo della Cappadocia, dove i tramonti sono interessanti tanto quanto i modi per arrivarci.<\/p>\n<p>Hai imparato di pi\u00f9 su ciascuna scelta nei pezzi sopra, che ti hanno fornito tutte le informazioni di cui hai bisogno per rendere il tuo viaggio indimenticabile.<\/p>\n<h3 style=\"\" id=\"t-1702554679809\"><strong>Articoli Correlati:<\/strong><\/h3>\n<p><a href=\"https:\/\/cappadociatouristinformation.gen.tr\/it\/hotel\/hotel-economici\/\" dynamic-postlink=\"tcb_post_the_permalink\" data-shortcode-id=\"2986\"><\/a><\/p>\n<h3 style=\"text-align: center; padding-top: 0px !important; margin-top: 0px !important;\" id=\"t-1725619069541\"><span data-attr-link=\"1\" data-attr-rel=\"0\" data-attr-target=\"0\" data-extra_key=\"\" data-option-inline=\"1\" data-shortcode=\"tcb_post_title\" data-shortcode-name=\"Post title\" data-attr-css=\"\" data-attr-static-link=\"{&quot;className&quot;:&quot;&quot;,&quot;href&quot;:&quot;https:\/\/cappadociatouristinformation.gen.tr\/it\/organizza-il-tuo-viaggio-in-cappadocia\/carta-sim-turca\/&quot;,&quot;title&quot;:&quot;Carta SIM Turca Per Turisti&quot;,&quot;class&quot;:&quot;&quot;}\" style=\"\"><a href=\"https:\/\/cappadociatouristinformation.gen.tr\/it\/hotel\/hotel-economici\/\" title=\"10 Hotel Economici Pi\u00f9 Votati in Cappadocia\" data-css=\"\">10 Hotel Economici Pi\u00f9 Votati in Cappadocia<\/a><\/span><\/h3>\n<p><a href=\"https:\/\/cappadociatouristinformation.gen.tr\/it\/hotel\/hotel-economici\/\" style=\"\"><span style=\"\"><span style=\"\">Per saperne di pi\u00f9<\/span><\/span><\/a><a href=\"https:\/\/cappadociatouristinformation.gen.tr\/it\/cose-da-fare\/con-bambini\/\" dynamic-postlink=\"tcb_post_the_permalink\" data-shortcode-id=\"2986\"><\/a><\/p>\n<h3 style=\"text-align: center; padding-top: 0px !important; margin-top: 0px !important;\" id=\"t-1725619069541\"><span data-attr-link=\"1\" data-attr-rel=\"0\" data-attr-target=\"0\" data-extra_key=\"\" data-option-inline=\"1\" data-shortcode=\"tcb_post_title\" data-shortcode-name=\"Post title\" data-attr-css=\"\" data-attr-static-link=\"{&quot;className&quot;:&quot;&quot;,&quot;href&quot;:&quot;https:\/\/cappadociatouristinformation.gen.tr\/it\/organizza-il-tuo-viaggio-in-cappadocia\/carta-sim-turca\/&quot;,&quot;title&quot;:&quot;Carta SIM Turca Per Turisti&quot;,&quot;class&quot;:&quot;&quot;}\" style=\"\"><a href=\"https:\/\/cappadociatouristinformation.gen.tr\/it\/cose-da-fare\/con-bambini\/\" title=\"15 Cose Migliori da Fare in Cappadocia Con Bambini\" data-css=\"\">15 Cose Migliori da Fare in Cappadocia Con Bambini<\/a><\/span><\/h3>\n<p><a href=\"https:\/\/cappadociatouristinformation.gen.tr\/it\/cose-da-fare\/con-bambini\/\" style=\"\"><span style=\"\"><span style=\"\">Per saperne di pi\u00f9<\/span><\/span><\/a><a href=\"https:\/\/cappadociatouristinformation.gen.tr\/it\/organizza-il-tuo-viaggio-in-cappadocia\/carta-sim-turca\/\" dynamic-postlink=\"tcb_post_the_permalink\" data-shortcode-id=\"2986\"><\/a><\/p>\n<h3 style=\"text-align: center; padding-top: 0px !important; margin-top: 0px !important;\" id=\"t-1725619069541\"><span data-attr-link=\"1\" data-attr-rel=\"0\" data-attr-target=\"0\" data-extra_key=\"\" data-option-inline=\"1\" data-shortcode=\"tcb_post_title\" data-shortcode-name=\"Post title\" data-attr-css=\"\" data-attr-static-link=\"{&quot;className&quot;:&quot;&quot;,&quot;href&quot;:&quot;https:\/\/cappadociatouristinformation.gen.tr\/it\/organizza-il-tuo-viaggio-in-cappadocia\/carta-sim-turca\/&quot;,&quot;title&quot;:&quot;Carta SIM Turca Per Turisti&quot;,&quot;class&quot;:&quot;&quot;}\" style=\"\"><a href=\"https:\/\/cappadociatouristinformation.gen.tr\/it\/organizza-il-tuo-viaggio-in-cappadocia\/carta-sim-turca\/\" title=\"Carta SIM Turca Per Turisti\" data-css=\"\">Carta SIM Turca Per Turisti<\/a><\/span><\/h3>\n<p><a href=\"https:\/\/cappadociatouristinformation.gen.tr\/it\/organizza-il-tuo-viaggio-in-cappadocia\/carta-sim-turca\/\" style=\"\"><span style=\"\"><span style=\"\">Per saperne di pi\u00f9<\/span><\/span><\/a><a href=\"https:\/\/cappadociatouristinformation.gen.tr\/it\/organizza-il-tuo-viaggio-in-cappadocia\/itinerario-tre-giorni\/\" dynamic-postlink=\"tcb_post_the_permalink\" data-shortcode-id=\"2986\"><\/a><\/p>\n<h3 style=\"text-align: center; padding-top: 0px !important; margin-top: 0px !important;\" id=\"t-1725619069541\"><span data-attr-link=\"1\" data-attr-rel=\"0\" data-attr-target=\"0\" data-extra_key=\"\" data-option-inline=\"1\" data-shortcode=\"tcb_post_title\" data-shortcode-name=\"Post title\" data-attr-css=\"\" data-attr-static-link=\"{&quot;className&quot;:&quot;&quot;,&quot;href&quot;:&quot;https:\/\/cappadociatouristinformation.gen.tr\/it\/organizza-il-tuo-viaggio-in-cappadocia\/carta-sim-turca\/&quot;,&quot;title&quot;:&quot;Carta SIM Turca Per Turisti&quot;,&quot;class&quot;:&quot;&quot;}\" style=\"\"><a href=\"https:\/\/cappadociatouristinformation.gen.tr\/it\/organizza-il-tuo-viaggio-in-cappadocia\/itinerario-tre-giorni\/\" title=\"Itinerario di 3 Giorni in Cappadocia: Il miglior itinerario di 3 giorni per principianti in Cappadocia [Con biglietti]\" data-css=\"\">Itinerario di 3 Giorni in Cappadocia: Il miglior itinerario di 3 giorni per principianti in Cappadocia [Con biglietti]<\/a><\/span><\/h3>\n<p><a href=\"https:\/\/cappadociatouristinformation.gen.tr\/it\/organizza-il-tuo-viaggio-in-cappadocia\/itinerario-tre-giorni\/\" style=\"\"><span style=\"\"><span style=\"\">Per saperne di pi\u00f9<\/span><\/span><\/a><\/p>\n","protected":false},"excerpt":{"rendered":"<p>La Cappadocia ha una vasta estensione geografica, quindi il trasporto pubblico non \u00e8 ben consolidato.In questo articolo spiegheremo le varie opzioni di trasporto dall&#8217;aeroporto di Nevsehir alla Cappadocia, dai taxi e bus navetta agli autobus pubblici e agli autonoleggi. Tuttavia, il noleggio di auto private e le navitte aeroportuali rendono molto semplice spostarsi in tutta [&hellip;]<\/p>\n","protected":false},"author":2,"featured_media":3142,"parent":2248,"menu_order":0,"comment_status":"closed","ping_status":"closed","template":"","meta":{"footnotes":""},"categories":[],"tags":[81,37,95,96],"class_list":["post-2828","page","type-page","status-publish","has-post-thumbnail","hentry","tag-guida","tag-guide","tag-nevsehir-aeroporto","tag-trasporti","post-wrapper","thrv_wrapper"],"_links":{"self":[{"href":"https:\/\/cappadociatouristinformation.gen.tr\/it\/wp-json\/wp\/v2\/pages\/2828","targetHints":{"allow":["GET"]}}],"collection":[{"href":"https:\/\/cappadociatouristinformation.gen.tr\/it\/wp-json\/wp\/v2\/pages"}],"about":[{"href":"https:\/\/cappadociatouristinformation.gen.tr\/it\/wp-json\/wp\/v2\/types\/page"}],"author":[{"embeddable":true,"href":"https:\/\/cappadociatouristinformation.gen.tr\/it\/wp-json\/wp\/v2\/users\/2"}],"replies":[{"embeddable":true,"href":"https:\/\/cappadociatouristinformation.gen.tr\/it\/wp-json\/wp\/v2\/comments?post=2828"}],"version-history":[{"count":9,"href":"https:\/\/cappadociatouristinformation.gen.tr\/it\/wp-json\/wp\/v2\/pages\/2828\/revisions"}],"predecessor-version":[{"id":3358,"href":"https:\/\/cappadociatouristinformation.gen.tr\/it\/wp-json\/wp\/v2\/pages\/2828\/revisions\/3358"}],"up":[{"embeddable":true,"href":"https:\/\/cappadociatouristinformation.gen.tr\/it\/wp-json\/wp\/v2\/pages\/2248"}],"wp:featuredmedia":[{"embeddable":true,"href":"https:\/\/cappadociatouristinformation.gen.tr\/it\/wp-json\/wp\/v2\/media\/3142"}],"wp:attachment":[{"href":"https:\/\/cappadociatouristinformation.gen.tr\/it\/wp-json\/wp\/v2\/media?parent=2828"}],"wp:term":[{"taxonomy":"category","embeddable":true,"href":"https:\/\/cappadociatouristinformation.gen.tr\/it\/wp-json\/wp\/v2\/categories?post=2828"},{"taxonomy":"post_tag","embeddable":true,"href":"https:\/\/cappadociatouristinformation.gen.tr\/it\/wp-json\/wp\/v2\/tags?post=2828"}],"curies":[{"name":"wp","href":"https:\/\/api.w.org\/{rel}","templated":true}]}}