{"id":2833,"date":"2024-09-02T16:51:24","date_gmt":"2024-09-02T16:51:24","guid":{"rendered":"https:\/\/cappadociatouristinformation.gen.tr\/?page_id=2833"},"modified":"2024-09-06T14:01:15","modified_gmt":"2024-09-06T14:01:15","slug":"da-istanbul","status":"publish","type":"page","link":"https:\/\/cappadociatouristinformation.gen.tr\/it\/organizza-il-tuo-viaggio-in-cappadocia\/da-istanbul\/","title":{"rendered":"Migliore Guida ai Trasporti: Da Istanbul Alla Cappadocia"},"content":{"rendered":"<p>La Cappadocia, situata nella regione centrale della Turchia, \u00e8 da sempre un luogo di fascino e meraviglia, vantando paesaggi fantastici che combinano armoniosamente la storia.<\/p>\n<p>Il suo paesaggio etereo, caratterizzato da abitazioni-caverna e camini magici, garantisce un&#8217;avventura senza pari. Oltre a ci\u00f2, la spedizione per arrivare a questa singolare destinazione \u00e8 altrettanto notevole.<\/p>\n<p>Oggi intraprendiamo un viaggio virtuale, svelando i misteri dei trasporti da Istanbul alla Cappadocia. In questo articolo esamineremo le diverse scelte a tua disposizione e spiegheremo le differenze tra loro, cos\u00ec potrai pianificare il tuo viaggio magico.<\/p>\n<h2 id=\"t-1700085964364\"><strong><em>Vieni ad Arrivare l\u00e0<\/em><\/strong><\/h2>\n<p><strong><em>Quando viaggi in Cappadocia, hai 4 opzioni:<\/em><\/strong><\/p>\n<ul>\n<li>Vieni a far parte di un tour<\/li>\n<li>Il tuo veicolo personale<\/li>\n<li>Autobus nazionale<\/li>\n<li>Taxi<\/li>\n<\/ul>\n<h2 id=\"t-1702557555825\"><strong>1. Giro di gruppo<\/strong><\/h2>\n<p><span><img decoding=\"async\" alt=\"tour di gruppo informazioni turistiche in cappadocia\" data-id=\"8273\" width=\"702\" data-init-width=\"1000\" height=\"468\" data-init-height=\"667\" title=\"tour di gruppo informazioni turistiche in cappadocia\" loading=\"lazy\" src=\"https:\/\/cappadociatouristinformation.gen.tr\/wp-content\/uploads\/2024\/09\/group-tour-cappadocia-tourist-information-1.jpg\" data-width=\"702\" data-height=\"468\" style=\"aspect-ratio: auto 1000 \/ 667;\"><\/span><\/p>\n<p>I gruppi turistici da Istanbul alla Cappadocia offrono l&#8217;opportunit\u00e0 di incontrare altri viaggiatori che condividono i tuoi interessi oltre a trasporti ed escursioni guidate, che sono tutti modi fantastici per esplorare questa regione mozzafiato della Turchia. Nella maggior parte dei casi, questi tour ti mostrano le famose formazioni rocciose, le antiche grotte e il ricco passato culturale della Cappadocia.<\/p>\n<p>I tour Istanbul-Cappadocia sono fantastici se non hai molto tempo o denaro ma vuoi comunque vedere e fare tutto ci\u00f2 che la Cappadocia ha da offrire. Ecco cosa puoi aspettarti da questi tour:<\/p>\n<ul>\n<li><strong>Itinerario:&nbsp;<\/strong> i gruppi turistici di solito includono le principali attrazioni della Cappadocia nei loro itinerari. Questi possono includere il Museo all&#8217;aperto di Goreme, citt\u00e0 sotterranee, camini delle fate e cattedrali scavate nella roccia. Alcuni viaggi prevedono voli in mongolfiera sopra gli strani paesaggi.<\/li>\n<li><strong>Trasporti:<\/strong> &nbsp;il pacchetto solitamente include il viaggio in volo o in autobus da Istanbul alla Cappadocia. Gli autobus sono pi\u00f9 economici e offrono splendidi viaggi su strada, mentre gli aerei sono pi\u00f9 veloci ma pi\u00f9 costosi.<\/li>\n<li><strong>Alloggio:&nbsp;<\/strong> i gruppi turistici prenotano un alloggio confortevole in Cappadocia. Gli hotel nelle caverne arricchiscono l&#8217;esperienza.<\/li>\n<li><strong>Guide esperte:<\/strong> &nbsp;tour con esperti competenti forniscono approfondimenti storici e culturali sulla Cappadocia. Possono aiutarti a comprendere la storia della regione e le intriganti formazioni rocciose.<\/li>\n<li><strong>Attivit\u00e0 di gruppo:<\/strong> &nbsp;escursioni nelle valli, serate turche e laboratori di ceramica sono attivit\u00e0 comuni di gruppo che ti permettono di sperimentare la cultura locale.<\/li>\n<li><strong>Pasti:&nbsp;<\/strong> la cucina turca, nota per la sua variet\u00e0 e creativit\u00e0, \u00e8 inclusa nella maggior parte dei pacchetti di viaggio.<\/li>\n<li><strong>Flessibilit\u00e0:<\/strong> &nbsp; &nbsp;la durata e le attivit\u00e0 variano in base al pacchetto turistico. Scegli i pacchetti adatti al tuo budget e ai tuoi interessi.<\/li>\n<\/ul>\n<p tve-droppable\"\"=\"\"><strong>Dai un&#8217;occhiata all&#8217;elenco accuratamente selezionato di tour Istanbul-Cappadocia che soddisfano le tue esigenze specifiche e il tuo budget.<\/strong><\/p>\n<ul>\n<li><a href=\"https:\/\/www.getyourguide.com\/istanbul-l56\/from-istanbul-2-day-all-inclusive-trip-to-cappadocia-t396081\/?partner_id=NO9XIDE&amp;utm_medium=online_publisher&amp;cmp=CappadociaTouristInformation\" target=\"_blank\" rel=\"nofollow noopener\" style=\"outline: currentcolor;\"><span data-sheets-root=\"1\" data-sheets-userformat=\"{&quot;2&quot;:23105,&quot;3&quot;:{&quot;1&quot;:0},&quot;9&quot;:0,&quot;12&quot;:0,&quot;14&quot;:{&quot;1&quot;:2,&quot;2&quot;:1715017},&quot;15&quot;:&quot;&quot;GT Eesti&quot;, &quot;fallback for GT Eesti&quot;, sans-serif&quot;,&quot;17&quot;:1}\" data-sheets-value=\"{&quot;1&quot;:2,&quot;2&quot;:&quot;From Istanbul: 2-Day All-Inclusive Cappadocia Guided Trip&quot;}\">Da Istanbul: viaggio guidato in Cappadocia all-inclusive di 2 giorni<\/span><\/a><\/li>\n<li><a href=\"https:\/\/www.getyourguide.com\/istanbul-l56\/from-istanbul-day-trip-to-cappadocia-with-flight-and-lunch-t395961\/?partner_id=NO9XIDE&amp;utm_medium=online_publisher&amp;cmp=CappadociaTouristInformation\" target=\"_blank\" rel=\"nofollow noopener\" style=\"outline: none;\"><span data-sheets-root=\"1\" data-sheets-userformat=\"{&quot;2&quot;:23105,&quot;3&quot;:{&quot;1&quot;:0},&quot;9&quot;:0,&quot;12&quot;:0,&quot;14&quot;:{&quot;1&quot;:2,&quot;2&quot;:1715017},&quot;15&quot;:&quot;&quot;GT Eesti&quot;, &quot;fallback for GT Eesti&quot;, sans-serif&quot;,&quot;17&quot;:1}\" data-sheets-value=\"{&quot;1&quot;:2,&quot;2&quot;:&quot;From Istanbul: Day Trip to Cappadocia with Flight &amp; Lunch&quot;}\">Da Istanbul: gita di un giorno in Cappadocia con volo e pranzo<\/span><\/a><\/li>\n<li><a href=\"https:\/\/www.getyourguide.com\/istanbul-l56\/from-istanbul-2-day-trip-to-cappadocia-with-flights-t396108\/?partner_id=NO9XIDE&amp;utm_medium=online_publisher&amp;cmp=CappadociaTouristInformation\" target=\"_blank\" rel=\"nofollow noopener\" style=\"outline: none;\"><span data-sheets-root=\"1\" data-sheets-userformat=\"{&quot;2&quot;:23105,&quot;3&quot;:{&quot;1&quot;:0},&quot;9&quot;:0,&quot;12&quot;:0,&quot;14&quot;:{&quot;1&quot;:2,&quot;2&quot;:1715017},&quot;15&quot;:&quot;&quot;GT Eesti&quot;, &quot;fallback for GT Eesti&quot;, sans-serif&quot;,&quot;17&quot;:1}\" data-sheets-value=\"{&quot;1&quot;:2,&quot;2&quot;:&quot;From Istanbul: 2-Day Trip to Cappadocia with Flights&quot;}\">Da Istanbul: viaggio di 2 giorni in Cappadocia con voli<\/span><\/a><\/li>\n<li><a href=\"https:\/\/www.getyourguide.com\/central-anatolia-l161\/istanbul-3-days-2-nights-in-cappadocia-hot-air-balloon-t433763\/?partner_id=NO9XIDE&amp;utm_medium=online_publisher&amp;cmp=CappadociaTouristInformation\" target=\"_blank\" rel=\"nofollow noopener\" style=\"outline: currentcolor;\"><span data-sheets-root=\"1\" data-sheets-userformat=\"{&quot;2&quot;:23105,&quot;3&quot;:{&quot;1&quot;:0},&quot;9&quot;:0,&quot;12&quot;:0,&quot;14&quot;:{&quot;1&quot;:2,&quot;2&quot;:1715017},&quot;15&quot;:&quot;&quot;GT Eesti&quot;, &quot;fallback for GT Eesti&quot;, sans-serif&quot;,&quot;17&quot;:1}\" data-sheets-value=\"{&quot;1&quot;:2,&quot;2&quot;:&quot;Istanbul: 3-Days, 2-nights in Cappadocia &amp; Hot Air Balloon&quot;}\">Istanbul: 3 giorni, 2 notti in Cappadocia e mongolfiera<\/span><\/a><\/li>\n<li><a href=\"https:\/\/www.getyourguide.com\/istanbul-l56\/from-istanbul-2-day-trip-to-cappadocia-wballooncave-hotel-t433013\/?partner_id=NO9XIDE&amp;utm_medium=online_publisher&amp;cmp=CappadociaTouristInformation\" target=\"_blank\" rel=\"nofollow noopener\" style=\"outline: none;\"><span data-sheets-root=\"1\" data-sheets-userformat=\"{&quot;2&quot;:23105,&quot;3&quot;:{&quot;1&quot;:0},&quot;9&quot;:0,&quot;12&quot;:0,&quot;14&quot;:{&quot;1&quot;:2,&quot;2&quot;:1715017},&quot;15&quot;:&quot;&quot;GT Eesti&quot;, &quot;fallback for GT Eesti&quot;, sans-serif&quot;,&quot;17&quot;:1}\" data-sheets-value=\"{&quot;1&quot;:2,&quot;2&quot;:&quot;From Istanbul: 2-Day Trip to Cappadocia w\/Balloon+Cave Hotel&quot;}\">Da Istanbul: viaggio di 2 giorni in Cappadocia con Balloon+Cave Hotel<\/span><\/a><\/li>\n<li><a href=\"https:\/\/www.getyourguide.com\/istanbul-l56\/from-istanbul-2-day-cappadocia-tour-by-bus-or-plane-t524226\/?partner_id=NO9XIDE&amp;utm_medium=online_publisher&amp;cmp=CappadociaTouristInformation\" target=\"_blank\" rel=\"nofollow noopener\" style=\"outline: currentcolor;\"><span data-sheets-root=\"1\" data-sheets-userformat=\"{&quot;2&quot;:23105,&quot;3&quot;:{&quot;1&quot;:0},&quot;9&quot;:0,&quot;12&quot;:0,&quot;14&quot;:{&quot;1&quot;:2,&quot;2&quot;:1715017},&quot;15&quot;:&quot;&quot;GT Eesti&quot;, &quot;fallback for GT Eesti&quot;, sans-serif&quot;,&quot;17&quot;:1}\" data-sheets-value=\"{&quot;1&quot;:2,&quot;2&quot;:&quot;From Istanbul: 2-Day Cappadocia Tour By Bus or Plane&quot;}\">Da Istanbul: tour della Cappadocia di 2 giorni in autobus o aereo<\/span><\/a><\/li>\n<\/ul>\n<h2 id=\"t-1702557555826\"><strong>2. In <strong>aereo<\/strong><\/strong><\/h2>\n<p><span><img decoding=\"async\" alt=\"informazioni turistiche sulla cappadocia da istanbul\" data-id=\"8043\" width=\"702\" data-init-width=\"1000\" height=\"468\" data-init-height=\"667\" title=\"informazioni turistiche sulla cappadocia da istanbul\" loading=\"lazy\" src=\"https:\/\/cappadociatouristinformation.gen.tr\/wp-content\/uploads\/2024\/09\/cappadocia-tourist-information-plaine-1.jpg\" data-width=\"702\" data-height=\"468\" style=\"aspect-ratio: auto 1000 \/ 667;\"><\/span><\/p>\n<p>Il modo pi\u00f9 veloce da Istanbul alla Cappadocia \u00e8 in aereo. I biglietti preacquistati sono convenienti. Istanbul ha pi\u00f9 voli diretti giornalieri.<\/p>\n<p>La Cappadocia \u00e8 facilmente raggiungibile in aereo da Istanbul all&#8217;aeroporto di Nev\u015fehir-Kapadokya (NEV) e all&#8217;aeroporto Erkilet di Kayseri.<\/p>\n<p>Se provieni da fuori Turchia e vuoi vedere sia Istanbul che la Cappadocia, potresti aspettare per vedere Istanbul fino alla fine del tuo viaggio. Trasferisci dal tuo volo internazionale al terminal internazionale del nuovo aeroporto di Istanbul (IST), quindi dirigiti al terminal nazionale per imbarcarti su un volo diretto per la Cappadocia. Risparmia tempo saltando il trasporto aeroportuale e disfando le valigie nel tuo hotel di Istanbul.<\/p>\n<p>I voli nazionali turchi sono pi\u00f9 costosi fuori dalla Turchia; pertanto, per prenotare, utilizza un agente di viaggio turco affidabile o il sito web della compagnia aerea. Le agenzie di viaggio turche possono anche aiutarti a prenotare guide private, hotel e auto a noleggio, tra le altre cose.<\/p>\n<h2 id=\"t-1700085964366\"><strong>3. In Autobus<\/strong><\/h2>\n<p><span><img decoding=\"async\" alt=\"Autobus per informazioni turistiche sulla cappadocia da istanbul\" data-id=\"8044\" width=\"702\" data-init-width=\"1000\" height=\"394\" data-init-height=\"561\" title=\"Autobus per informazioni turistiche sulla cappadocia da istanbul\" loading=\"lazy\" src=\"https:\/\/cappadociatouristinformation.gen.tr\/wp-content\/uploads\/2024\/09\/by-bus-cappadocia-tourist-information-1.jpg\" data-width=\"702\" data-height=\"394\" style=\"aspect-ratio: auto 1000 \/ 561;\"><\/span><\/p>\n<p>Il modo meno costoso per andare da Istanbul alla Cappadocia \u00e8 prendere un autobus notturno. Tuttavia, il viaggio \u00e8 molto lungo: dalle 10 alle 12 ore e 730 km (454 miglia). Tuttavia, gli autobus turchi sono piuttosto comodi, con caratteristiche come l&#8217;aria condizionata ei sedili che possono essere appoggiati allo schienale.&nbsp;<\/p>\n<p>Se puoi dormire sugli autobus, questo potrebbe essere il modo migliore per spostarti da un posto all&#8217;altro perch\u00e9 passa direttamente da uno all&#8217;altro. Inoltre, diverse compagnie gestiscono autobus ogni notte.<\/p>\n<h2 id=\"t-1700085964367\"><strong>4. In Macchina<\/strong><\/h2>\n<p><span><img decoding=\"async\" alt=\"auto per informazioni turistiche sulla cappadocia da istanbul\" data-id=\"8045\" width=\"702\" data-init-width=\"1000\" height=\"469\" data-init-height=\"668\" title=\"auto per informazioni turistiche sulla cappadocia da istanbul\" loading=\"lazy\" src=\"https:\/\/cappadociatouristinformation.gen.tr\/wp-content\/uploads\/2024\/09\/by-car-cappadocia-tourist-information-3.jpg\" data-width=\"702\" data-height=\"469\" style=\"aspect-ratio: auto 1000 \/ 668;\"><\/span><\/p>\n<p>Da Istanbul alla Cappadocia \u00c8 un viaggio cos\u00ec lungo, o 730 chilometri (454 miglia), che richiede 8 ore per essere completato se non ci sono fermate. Dal punto di vista finanziario ha senso solo se molte persone dividono il costo dell&#8217;auto e del gas. Il traffico in partenza da Istanbul \u00e8 un incubo, ma una volta usciti dalla citt\u00e0, la strada attraversa uno splendido scenario montano.<\/p>\n<h2 id=\"t-1700085964368\" data-hide=\"true\"><strong><em><strong>Quale aeroporto \u00e8 migliore?<\/strong><\/em><\/strong><\/h2>\n<p><span><img decoding=\"async\" alt=\"informazioni turistiche sulla cappadocia da istanbul\" data-id=\"8046\" width=\"702\" data-init-width=\"1000\" height=\"468\" data-init-height=\"667\" title=\"informazioni turistiche sulla cappadocia da istanbul\" loading=\"lazy\" src=\"https:\/\/cappadociatouristinformation.gen.tr\/wp-content\/uploads\/2024\/09\/cappadocia-tourist-information-plaine-from-istanbul-1.jpg\" data-width=\"702\" data-height=\"468\" style=\"aspect-ratio: auto 1000 \/ 667;\"><\/span><\/p>\n<p><strong>Kayseri o Nevsehir?<\/strong> Questa decisione \u00e8 completamente a tua discrezione. Tuttavia, voglio partire da due aeroporti. (Per chi se lo chiede, la distanza tra Kayseri e Cappadocia \u00e8 di 71 chilometri e un&#8217;ora.). \u00c8 molto pi\u00f9 probabile che tu riesca a trovare biglietti aerei economici o con data aperta all&#8217;aeroporto di Kayseri perch\u00e9 l\u00ec ci sono pi\u00f9 voli.<\/p>\n<p>Hava\u015f offre contemporaneamente il trasporto da entrambi gli aeroporti alle citt\u00e0 vitali di Goreme-Uchisar-\u00dcrg\u00fcp e Avanos, che si trovano nel centro della Cappadocia. Assicurati che il tuo hotel sappia quando \u00e8 previsto l&#8217;atterraggio del tuo aereo prima del tuo arrivo. E cos\u00ec, le macchine ti aspettano alla porta quando scendi dall&#8217;aereo.&nbsp;<\/p>\n<p>Una corsa in taxi per raggiungere i tuoi hotel \u00e8 un&#8217;opzione, ma ti coster\u00e0 in media 800 TL aggiuntivi.<\/p>\n<p>Controlla <a href=\"https:\/\/istanbul-tourist-information.com\/en\/istanbul-to-cappadocia\/\" target=\"_blank\" rel=\"noopener\">questo sito<\/a> per ulteriori informazioni su come arrivare da Istanbul alla Cappadocia.<\/p>\n<h3 style=\"\" id=\"t-1702557555827\" data-hide=\"true\"><strong>Articoli Correlati:<\/strong><\/h3>\n<p><a href=\"https:\/\/cappadociatouristinformation.gen.tr\/it\/cose-da-fare\/cappadocia-in-inverno\/\" dynamic-postlink=\"tcb_post_the_permalink\" data-shortcode-id=\"2620\"><\/a><\/p>\n<h3 style=\"text-align: center; padding-top: 0px !important; margin-top: 0px !important;\"><span data-attr-link=\"1\" data-attr-rel=\"0\" data-attr-target=\"0\" data-extra_key=\"\" data-option-inline=\"1\" data-shortcode=\"tcb_post_title\" data-shortcode-name=\"Post title\" data-attr-css=\"\" data-attr-static-link=\"{&quot;className&quot;:&quot;&quot;,&quot;href&quot;:&quot;https:\/\/cappadociatouristinformation.gen.tr\/it\/organizza-il-tuo-viaggio-in-cappadocia\/itinerario-tre-giorni\/&quot;,&quot;title&quot;:&quot;Itinerario di 3 Giorni in Cappadocia: Il miglior itinerario di 3 giorni per principianti in Cappadocia ((Con biglietti))&quot;,&quot;class&quot;:&quot;&quot;}\" style=\"\"><a href=\"https:\/\/cappadociatouristinformation.gen.tr\/it\/cose-da-fare\/cappadocia-in-inverno\/\" title=\"10 Cose da Fare in Cappadocia in Inverno\" data-css=\"\">10 Cose da Fare in Cappadocia in Inverno<\/a><\/span><\/h3>\n<p><a href=\"https:\/\/cappadociatouristinformation.gen.tr\/it\/cose-da-fare\/cappadocia-in-inverno\/\" style=\"\"><span style=\"\"><span style=\"\">Per saperne di pi\u00f9<\/span><\/span><\/a><a href=\"https:\/\/cappadociatouristinformation.gen.tr\/it\/cose-da-fare\/musei-in-cappadocia\/\" dynamic-postlink=\"tcb_post_the_permalink\" data-shortcode-id=\"2620\"><\/a><\/p>\n<h3 style=\"text-align: center; padding-top: 0px !important; margin-top: 0px !important;\"><span data-attr-link=\"1\" data-attr-rel=\"0\" data-attr-target=\"0\" data-extra_key=\"\" data-option-inline=\"1\" data-shortcode=\"tcb_post_title\" data-shortcode-name=\"Post title\" data-attr-css=\"\" data-attr-static-link=\"{&quot;className&quot;:&quot;&quot;,&quot;href&quot;:&quot;https:\/\/cappadociatouristinformation.gen.tr\/it\/organizza-il-tuo-viaggio-in-cappadocia\/itinerario-tre-giorni\/&quot;,&quot;title&quot;:&quot;Itinerario di 3 Giorni in Cappadocia: Il miglior itinerario di 3 giorni per principianti in Cappadocia ((Con biglietti))&quot;,&quot;class&quot;:&quot;&quot;}\" style=\"\"><a href=\"https:\/\/cappadociatouristinformation.gen.tr\/it\/cose-da-fare\/musei-in-cappadocia\/\" title=\"10 musei in Cappadocia \u2013 Musei pi\u00f9 votati\" data-css=\"\">10 musei in Cappadocia \u2013 Musei pi\u00f9 votati<\/a><\/span><\/h3>\n<p><a href=\"https:\/\/cappadociatouristinformation.gen.tr\/it\/cose-da-fare\/musei-in-cappadocia\/\" style=\"\"><span style=\"\"><span style=\"\">Per saperne di pi\u00f9<\/span><\/span><\/a><a href=\"https:\/\/cappadociatouristinformation.gen.tr\/it\/cose-da-fare\/con-bambini\/\" dynamic-postlink=\"tcb_post_the_permalink\" data-shortcode-id=\"2620\"><\/a><\/p>\n<h3 style=\"text-align: center; padding-top: 0px !important; margin-top: 0px !important;\"><span data-attr-link=\"1\" data-attr-rel=\"0\" data-attr-target=\"0\" data-extra_key=\"\" data-option-inline=\"1\" data-shortcode=\"tcb_post_title\" data-shortcode-name=\"Post title\" data-attr-css=\"\" data-attr-static-link=\"{&quot;className&quot;:&quot;&quot;,&quot;href&quot;:&quot;https:\/\/cappadociatouristinformation.gen.tr\/it\/organizza-il-tuo-viaggio-in-cappadocia\/itinerario-tre-giorni\/&quot;,&quot;title&quot;:&quot;Itinerario di 3 Giorni in Cappadocia: Il miglior itinerario di 3 giorni per principianti in Cappadocia ((Con biglietti))&quot;,&quot;class&quot;:&quot;&quot;}\" style=\"\"><a href=\"https:\/\/cappadociatouristinformation.gen.tr\/it\/cose-da-fare\/con-bambini\/\" title=\"15 Cose Migliori da Fare in Cappadocia Con Bambini\" data-css=\"\">15 Cose Migliori da Fare in Cappadocia Con Bambini<\/a><\/span><\/h3>\n<p><a href=\"https:\/\/cappadociatouristinformation.gen.tr\/it\/cose-da-fare\/con-bambini\/\" style=\"\"><span style=\"\"><span style=\"\">Per saperne di pi\u00f9<\/span><\/span><\/a><a href=\"https:\/\/cappadociatouristinformation.gen.tr\/it\/organizza-il-tuo-viaggio-in-cappadocia\/itinerario-tre-giorni\/\" dynamic-postlink=\"tcb_post_the_permalink\" data-shortcode-id=\"2620\"><\/a><\/p>\n<h3 style=\"text-align: center; padding-top: 0px !important; margin-top: 0px !important;\"><span data-attr-link=\"1\" data-attr-rel=\"0\" data-attr-target=\"0\" data-extra_key=\"\" data-option-inline=\"1\" data-shortcode=\"tcb_post_title\" data-shortcode-name=\"Post title\" data-attr-css=\"\" data-attr-static-link=\"{&quot;className&quot;:&quot;&quot;,&quot;href&quot;:&quot;https:\/\/cappadociatouristinformation.gen.tr\/it\/organizza-il-tuo-viaggio-in-cappadocia\/itinerario-tre-giorni\/&quot;,&quot;title&quot;:&quot;Itinerario di 3 Giorni in Cappadocia: Il miglior itinerario di 3 giorni per principianti in Cappadocia ((Con biglietti))&quot;,&quot;class&quot;:&quot;&quot;}\" style=\"\"><a href=\"https:\/\/cappadociatouristinformation.gen.tr\/it\/organizza-il-tuo-viaggio-in-cappadocia\/itinerario-tre-giorni\/\" title=\"Itinerario di 3 Giorni in Cappadocia: Il miglior itinerario di 3 giorni per principianti in Cappadocia [Con biglietti]\" data-css=\"\">Itinerario di 3 Giorni in Cappadocia: Il miglior itinerario di 3 giorni per principianti in Cappadocia [Con biglietti]<\/a><\/span><\/h3>\n<p><a href=\"https:\/\/cappadociatouristinformation.gen.tr\/it\/organizza-il-tuo-viaggio-in-cappadocia\/itinerario-tre-giorni\/\" style=\"\"><span style=\"\"><span style=\"\">Per saperne di pi\u00f9<\/span><\/span><\/a><\/p>\n","protected":false},"excerpt":{"rendered":"<p>La Cappadocia, situata nella regione centrale della Turchia, \u00e8 da sempre un luogo di fascino e meraviglia, vantando paesaggi fantastici che combinano armoniosamente la storia. Il suo paesaggio etereo, caratterizzato da abitazioni-caverna e camini magici, garantisce un&#8217;avventura senza pari. Oltre a ci\u00f2, la spedizione per arrivare a questa singolare destinazione \u00e8 altrettanto notevole. Oggi intraprendiamo [&hellip;]<\/p>\n","protected":false},"author":2,"featured_media":3146,"parent":2248,"menu_order":0,"comment_status":"closed","ping_status":"closed","template":"","meta":{"footnotes":""},"categories":[],"tags":[93,81,37],"class_list":["post-2833","page","type-page","status-publish","has-post-thumbnail","hentry","tag-da-istanbul-alla-cappadocia","tag-guida","tag-guide","post-wrapper","thrv_wrapper"],"_links":{"self":[{"href":"https:\/\/cappadociatouristinformation.gen.tr\/it\/wp-json\/wp\/v2\/pages\/2833","targetHints":{"allow":["GET"]}}],"collection":[{"href":"https:\/\/cappadociatouristinformation.gen.tr\/it\/wp-json\/wp\/v2\/pages"}],"about":[{"href":"https:\/\/cappadociatouristinformation.gen.tr\/it\/wp-json\/wp\/v2\/types\/page"}],"author":[{"embeddable":true,"href":"https:\/\/cappadociatouristinformation.gen.tr\/it\/wp-json\/wp\/v2\/users\/2"}],"replies":[{"embeddable":true,"href":"https:\/\/cappadociatouristinformation.gen.tr\/it\/wp-json\/wp\/v2\/comments?post=2833"}],"version-history":[{"count":8,"href":"https:\/\/cappadociatouristinformation.gen.tr\/it\/wp-json\/wp\/v2\/pages\/2833\/revisions"}],"predecessor-version":[{"id":3360,"href":"https:\/\/cappadociatouristinformation.gen.tr\/it\/wp-json\/wp\/v2\/pages\/2833\/revisions\/3360"}],"up":[{"embeddable":true,"href":"https:\/\/cappadociatouristinformation.gen.tr\/it\/wp-json\/wp\/v2\/pages\/2248"}],"wp:featuredmedia":[{"embeddable":true,"href":"https:\/\/cappadociatouristinformation.gen.tr\/it\/wp-json\/wp\/v2\/media\/3146"}],"wp:attachment":[{"href":"https:\/\/cappadociatouristinformation.gen.tr\/it\/wp-json\/wp\/v2\/media?parent=2833"}],"wp:term":[{"taxonomy":"category","embeddable":true,"href":"https:\/\/cappadociatouristinformation.gen.tr\/it\/wp-json\/wp\/v2\/categories?post=2833"},{"taxonomy":"post_tag","embeddable":true,"href":"https:\/\/cappadociatouristinformation.gen.tr\/it\/wp-json\/wp\/v2\/tags?post=2833"}],"curies":[{"name":"wp","href":"https:\/\/api.w.org\/{rel}","templated":true}]}}