{"id":2839,"date":"2024-09-02T16:35:35","date_gmt":"2024-09-02T16:35:35","guid":{"rendered":"https:\/\/cappadociatouristinformation.gen.tr\/?page_id=2839"},"modified":"2024-09-06T13:59:30","modified_gmt":"2024-09-06T13:59:30","slug":"da-antalya","status":"publish","type":"page","link":"https:\/\/cappadociatouristinformation.gen.tr\/it\/organizza-il-tuo-viaggio-in-cappadocia\/da-antalya\/","title":{"rendered":"Migliore Guida ai Trasporti: Da Antalya Alla Cappadocia"},"content":{"rendered":"<p>Antalya \u00e8 ampiamente considerata una destinazione privilegiata in Turchia per piacevoli vacanze al mare. Tuttavia, \u00e8 difficile rifiutare la Cappadocia, soprattutto se ti trovi gi\u00e0 nella regione.<\/p>\n<p>C&#8217;\u00e8 una buona possibilit\u00e0 che tu sia interessato a intraprendere il viaggio tra le due localit\u00e0 se hai letto questo articolo. Sei nel posto giusto perch\u00e9 qui ti diremo il metodo pi\u00f9 semplice per viaggiare da Antalya alla Cappadocia nel 2023.<\/p>\n<p>Sfortunatamente, spostarsi con i trasporti pubblici in un paese straniero pu\u00f2 essere piuttosto incoraggiante. Ci\u00f2 \u00e8 particolarmente vero data la grande distanza tra le due localit\u00e0.<\/p>\n<p>Questa guida completa descrive il percorso da Antalya alla Cappadocia.<\/p>\n<h2 id=\"t-1700088045466\"><strong>Dov&#8217;\u00e8 la Cappadocia?<\/strong><\/h2>\n<p><span><img loading=\"lazy\" decoding=\"async\" alt=\"\" data-id=\"7780\" width=\"702\" data-init-width=\"1000\" height=\"468\" data-init-height=\"667\" title=\"Naturale,pietra,statue,contro,il,pittoresco,blu,Sky,in,soleggiato\" src=\"https:\/\/cappadociatouristinformation.gen.tr\/wp-content\/uploads\/2024\/09\/shutterstock_2288588957.jpg\" data-width=\"702\" data-height=\"468\" style=\"aspect-ratio: auto 1000 \/ 667;\"><\/span><\/p>\n<p>La Cappadocia \u00e8 una zona al centro della Turchia. Un&#8217;area di circa 5.000 chilometri quadrati.<\/p>\n<p>Molte persone sbagliano quando pensano che la Cappadocia sia solo una citt\u00e0 o il famoso scenario con le mongolfiere.<\/p>\n<p>In realt\u00e0 \u00e8 in Cappadocia, ma non \u00e8 solo la Cappadocia.<\/p>\n<p>La posizione desiderata \u00e8 denominata Parco Nazionale di Goreme. I &#8220;camini delle fate&#8221; costituiscono il terreno da cui vola ogni mongolfiera.<\/p>\n<h2 id=\"t-1700088045467\"><strong><em>Quanto dista Antalya dalla Cappadocia?<\/em><\/strong><\/h2>\n<p>La Cappadocia si trova a sud-ovest di Antalya. Sono 500 km da Antalya ai Camini delle fate.<\/p>\n<p>Per andare da Antalya alla Cappadocia, hai alcune opzioni tra cui scegliere. Ci sono&nbsp; <strong>4 opzioni principali<\/strong> . Sono:<\/p>\n<ul type=\"disc\">\n<li>Vieni a far parte di un tour<\/li>\n<li>Con l&#8217;autobus<\/li>\n<li>Guida<\/li>\n<li>In aereo<\/li>\n<\/ul>\n<h2 id=\"t-1700088045471\"><b><em><span lang=\"EN-US\">1. Giro di gruppo<\/span><\/em><\/b><\/h2>\n<p><span><img loading=\"lazy\" decoding=\"async\" alt=\"Informazioni turistiche sulla Cappadocia dai trasporti di Antalya\" data-id=\"8058\" width=\"702\" data-init-width=\"1000\" height=\"468\" data-init-height=\"667\" title=\"Informazioni turistiche sulla Cappadocia dai trasporti di Antalya\" src=\"https:\/\/cappadociatouristinformation.gen.tr\/wp-content\/uploads\/2024\/09\/Cappadocia-tourist-information-from-antalya-transportationn.jpg\" data-width=\"702\" data-height=\"468\" style=\"aspect-ratio: auto 1000 \/ 667;\"><\/span><\/p>\n<p>I gruppi turistici da Antalya alla Cappadocia offrono l&#8217;opportunit\u00e0 di incontrare altri viaggiatori che condividono i tuoi interessi oltre a trasporti ed escursioni guidate, che sono tutti modi fantastici per esplorare questa regione mozzafiato della Turchia. Nella maggior parte dei casi, questi tour ti mostrano le famose formazioni rocciose, le antiche grotte e il ricco passato culturale della Cappadocia.&nbsp;<\/p>\n<p>I tour di Antalya Cappadocia sono fantastici se non hai molto tempo o denaro ma vuoi comunque vedere e fare tutto ci\u00f2 che la Cappadocia ha da offrire. Ecco cosa puoi aspettarti da questi tour:<\/p>\n<ul>\n<li><strong>Itinerario:&nbsp;<\/strong> i gruppi turistici di solito includono le principali attrazioni della Cappadocia nei loro itinerari. Questi possono includere il Museo all&#8217;aperto di Goreme, citt\u00e0 sotterranee, camini delle fate e cattedrali scavate nella roccia. Alcuni viaggi prevedono voli in mongolfiera sopra gli strani paesaggi.<\/li>\n<li><strong>Trasporti:<\/strong> &nbsp;il pacchetto solitamente include il viaggio in volo o in autobus da Antalya alla Cappadocia. Gli autobus sono pi\u00f9 economici e offrono splendidi viaggi su strada, mentre gli aerei sono pi\u00f9 veloci ma pi\u00f9 costosi.<\/li>\n<li><strong>Alloggio:&nbsp;<\/strong> i gruppi turistici prenotano un alloggio confortevole in Cappadocia. Gli hotel nelle caverne arricchiscono l&#8217;esperienza.<\/li>\n<li><strong>Guide esperte:<\/strong> &nbsp;tour con esperti competenti forniscono approfondimenti storici e culturali sulla Cappadocia. Possono aiutarti a comprendere la storia della regione e le intriganti formazioni rocciose.<\/li>\n<li><strong>Attivit\u00e0 di gruppo:<\/strong> &nbsp;escursioni nelle valli, serate turche e laboratori di ceramica sono attivit\u00e0 comuni di gruppo che ti permettono di sperimentare la cultura locale.<\/li>\n<li><strong>Pasti:&nbsp;<\/strong> la cucina turca, nota per la sua variet\u00e0 e creativit\u00e0, \u00e8 inclusa nella maggior parte dei pacchetti di viaggio.<\/li>\n<li><strong>Flessibilit\u00e0:<\/strong> la durata e le attivit\u00e0 variano in base al pacchetto turistico. Scegli i pacchetti adatti al tuo budget e ai tuoi interessi.<\/li>\n<\/ul>\n<p><strong>Dai un&#8217;occhiata all&#8217;elenco accuratamente selezionato di tour Antalya-Cappadocia che soddisfano le tue esigenze e il tuo budget specifico<\/strong><\/p>\n<ul>\n<li><a href=\"https:\/\/www.getyourguide.com\/derinkuyu-l181427\/from-antalya-to-cappadocia-2-night-3-days-t542340\/?partner_id=NO9XIDE&amp;utm_medium=online_publisher&amp;cmp=CappadociaTouristInformation\" rel=\"nofollow noopener\" target=\"_blank\" style=\"outline: currentcolor;\"><span data-sheets-root=\"1\" data-sheets-userformat=\"{&quot;2&quot;:23105,&quot;3&quot;:{&quot;1&quot;:0},&quot;9&quot;:0,&quot;12&quot;:0,&quot;14&quot;:{&quot;1&quot;:2,&quot;2&quot;:1715017},&quot;15&quot;:&quot;&quot;GT Eesti&quot;, &quot;fallback for GT Eesti&quot;, sans-serif&quot;,&quot;17&quot;:1}\" data-sheets-value=\"{&quot;1&quot;:2,&quot;2&quot;:&quot;From Antalya to Cappadocia 2 Night 3 Days&quot;}\">Da Antalya alla Cappadocia 2 notti 3 giorni<\/span><\/a><\/li>\n<li><a href=\"https:\/\/www.getyourguide.com\/antalya-l172\/from-antalya-2-day-trip-to-cappadocia-with-cave-hotel-t453252\/?partner_id=NO9XIDE&amp;utm_medium=online_publisher&amp;cmp=CappadociaTouristInformation\" rel=\"nofollow noopener\" target=\"_blank\" style=\"outline: currentcolor;\">Da Antalya: Cappadocia di 2 giorni, Cave Hotel e tour in mongolfiera<\/a><\/li>\n<li><a href=\"https:\/\/www.getyourguide.com\/alanya-l918\/from-alanya-2-day-cappadocia-cave-hotel-balloon-tour-t480856\/?partner_id=NO9XIDE&amp;utm_medium=online_publisher&amp;cmp=CappadociaTouristInformation\" rel=\"nofollow noopener\" target=\"_blank\" style=\"outline: currentcolor;\">Da Alanya: Cappadocia di 2 giorni, Cave Hotel e tour in mongolfiera<\/a><\/li>\n<li><a href=\"https:\/\/www.getyourguide.com\/side-l856\/from-side-2-day-cappadocia-cave-hotel-balloon-tour-t480047\/?partner_id=NO9XIDE&amp;utm_medium=online_publisher&amp;cmp=CappadociaTouristInformation\" rel=\"nofollow noopener\" target=\"_blank\" style=\"outline: currentcolor;\">Da un lato: tour della Cappadocia di 2 giorni e mongolfiera opzionale<\/a><\/li>\n<li><a href=\"https:\/\/www.getyourguide.com\/istanbul-l56\/from-istanbul-best-of-turkey-10-day-package-tour-t437721\/?partner_id=NO9XIDE&amp;utm_medium=online_publisher&amp;cmp=CappadociaTouristInformation\" rel=\"nofollow noopener\" target=\"_blank\" style=\"outline: currentcolor;\">Il meglio del pacchetto turistico di 10 giorni della Turchia<\/a><\/li>\n<\/ul>\n<h2 id=\"t-1700088045468\"><strong><em>2. In autobus<\/em><\/strong><\/h2>\n<p><span><img loading=\"lazy\" decoding=\"async\" alt=\"Informazioni turistiche sulla Cappadocia dai trasporti di Antalya\" data-id=\"8056\" width=\"702\" data-init-width=\"1000\" height=\"469\" data-init-height=\"668\" title=\"Informazioni turistiche sulla Cappadocia dai trasporti di Antalya\" src=\"https:\/\/cappadociatouristinformation.gen.tr\/wp-content\/uploads\/2024\/09\/Cappadocia-tourist-information-kayseri-airport-bus.jpg\" data-width=\"702\" data-height=\"469\" style=\"aspect-ratio: auto 1000 \/ 668;\"><\/span><\/p>\n<p>Prendere un autobus \u00e8 il primo modo per andare da Antalya alla Cappadocia. Se vuoi andare direttamente da Antalya al Parco Nazionale di Goreme, dai un&#8217;occhiata a Flixbus.<\/p>\n<p>Ci vogliono 9-10 ore per arrivare in autobus. Se prendi l&#8217;autobus, dovrai capire come muoverti da solo in Cappadocia, pagare il cibo, pagare per entrare nella citt\u00e0 sotterranea e altro ancora.<\/p>\n<p>Se vuoi prendere l&#8217;autobus, dovresti assolutamente usare Flixbus perch\u00e9 fanno un ottimo lavoro.<\/p>\n<p>In Turchia puoi raggiungere facilmente quasi ovunque in autobus. Ma potresti aver bisogno di aiuto per decidere quale terminale degli autobus utilizzare.<\/p>\n<p>Puoi arrivare a Nev\u015fehir in autobus e da l\u00ec puoi andare nella regione della Cappadocia con navette o taxi. Puoi trovare i biglietti dell&#8217;autobus in molte citt\u00e0, come Da Ankara, Istanbul, Izmir, Mu\u011fla.<\/p>\n<p>Dopo essere arrivati al terminal degli autobus di Nev\u015fehir, la regione della Cappadocia \u00e8 abbastanza vicina.&nbsp;<\/p>\n<p>A proposito, alcuni hotel offrono anche servizi di trasferimento. Prima di prenotare un hotel, chiedi al tuo hotel se dispone di un servizio navetta.<\/p>\n<h2 id=\"t-1700088045469\"><strong>3. Guidando<\/strong><\/h2>\n<p><span><img loading=\"lazy\" decoding=\"async\" alt=\"auto per informazioni turistiche sulla cappadocia da istanbul\" data-id=\"8045\" width=\"702\" data-init-width=\"1000\" height=\"469\" data-init-height=\"668\" title=\"auto per informazioni turistiche sulla cappadocia da istanbul\" src=\"https:\/\/cappadociatouristinformation.gen.tr\/wp-content\/uploads\/2024\/09\/by-car-cappadocia-tourist-information.jpg\" data-width=\"702\" data-height=\"469\" style=\"aspect-ratio: auto 1000 \/ 668;\"><\/span><\/p>\n<p>Quando si tratta di libert\u00e0, guidare da Antalya alla Cappadocia \u00e8 il modo migliore per arrivarci.<\/p>\n<p>Non ci sono regole su dove o quando puoi fermarti. Inoltre, il viaggio \u00e8 carino e ci sono molti posti dove fermarsi.<\/p>\n<p>L&#8217;unica cosa che dovresti considerare \u00e8 che dovrai pagare la benzina e l&#8217;auto a noleggio. E, naturalmente, lo stress di guidare per pi\u00f9 di 500 km in un luogo dove le strade sono note per essere molto trafficate.<\/p>\n<p>Se decidi di guidare da solo, controlla i prezzi di tutte le compagnie di autonoleggio prima di scegliere quella migliore.<\/p>\n<p><strong>Se desideri un trasferimento privato senza problemi, sicuro e comodo, puoi beneficiare di uno <span style=\"text-decoration: underline;\">sconto del 5%<\/span> con il codice <\/strong><a href=\"https:\/\/wa.link\/yavht2\" target=\"_blank\" rel=\"nofollow noopener\"><strong><span style=\"--tcb-applied-color: rgb(233, 7, 41) !important; color: rgb(233, 7, 41) !important;\">&#8220;CAPTI5&#8221;<\/span><\/strong><strong> tramite questo link.<\/strong><strong> <\/strong><strong><\/strong><\/a><\/p>\n<h2 id=\"t-1700088045470\"><b><em><span lang=\"EN-US\">4. In aereo<\/span><\/em><\/b><\/h2>\n<p><span><img loading=\"lazy\" decoding=\"async\" alt=\"Informazioni turistiche sulla Cappadocia dai trasporti di Antalya\" data-id=\"8057\" width=\"702\" data-init-width=\"1000\" height=\"471\" data-init-height=\"671\" title=\"Informazioni turistiche sulla Cappadocia dai trasporti di Antalya\" src=\"https:\/\/cappadociatouristinformation.gen.tr\/wp-content\/uploads\/2024\/09\/Cappadocia-tourist-information-from-antalya-transportation.jpg\" data-width=\"702\" data-height=\"471\" style=\"aspect-ratio: auto 1000 \/ 671;\"><\/span><\/p>\n<p>Se arrivi da Antalya, puoi anche volare in Cappadocia.<\/p>\n<p>Il volo dura poco pi\u00f9 di un&#8217;ora, rendendolo il modo pi\u00f9 veloce per spostarsi tra i due luoghi. Se lo paragoni alla guida, \u00e8 molto pi\u00f9 veloce.<\/p>\n<p>Non penso che dovresti prendere questo volo per tre motivi principali. Per cominciare, \u00e8 la scelta pi\u00f9 costosa che non offre molti vantaggi.<\/p>\n<p>Prendere un aereo da Antalya a Kayseri o Nev\u015fehir, che \u00e8 l&#8217;aeroporto pi\u00f9 vicino, costa dai 55 ai 70 euro andata e ritorno.&nbsp;<\/p>\n<p><span><img loading=\"lazy\" decoding=\"async\" alt=\"escursione di informazioni turistiche in cappadocia\" data-id=\"7894\" width=\"702\" data-init-width=\"1000\" height=\"468\" data-init-height=\"667\" title=\"informazioni turistiche sulla cappadocia escursione in jeep safari\" src=\"https:\/\/cappadociatouristinformation.gen.tr\/wp-content\/uploads\/2024\/09\/cappadocia-tourist-information-hike-1-3.jpg\" data-width=\"702\" data-height=\"468\" style=\"aspect-ratio: auto 1000 \/ 667;\"><\/span><\/p>\n<p>In conclusione, il percorso da Antalya alla Cappadocia \u00e8 un viaggio in s\u00e9 e per s\u00e9. Sia che tu voglia volare per la velocit\u00e0, guidare per ammirare i paesaggi o prendere il treno per la storia, ognuno ti mostrer\u00e0 parti diverse della cultura e della bellezza della Turchia.<\/p>\n<p>Non dimenticare che il viaggio \u00e8 una parte importante dell&#8217;avventura e pu\u00f2 regalarti momenti di meraviglia e scoperta. I paesaggi misteriosi e la storia antica della Cappadocia ti aspettano quando arrivano l\u00ec, ma il viaggio stesso rimarr\u00e0 con te per sempre.<\/p>\n<p>Quindi preparati per l&#8217;ignoto, fai le valigie e lascia che la strada ti porti nel cuore dello splendido interno della Turchia.<\/p>\n<h3 style=\"\" id=\"t-1702554865136\"><strong>Articoli Correlati:<\/strong><\/h3>\n<p><a href=\"https:\/\/cappadociatouristinformation.gen.tr\/it\/cose-da-fare\/cappadocia-in-inverno\/\" dynamic-postlink=\"tcb_post_the_permalink\" data-shortcode-id=\"2620\"><\/a><\/p>\n<h3 style=\"text-align: center; padding-top: 0px !important; margin-top: 0px !important;\" id=\"t-1725624797388\"><span data-attr-link=\"1\" data-attr-rel=\"0\" data-attr-target=\"0\" data-extra_key=\"\" data-option-inline=\"1\" data-shortcode=\"tcb_post_title\" data-shortcode-name=\"Post title\" data-attr-css=\"\" data-attr-static-link=\"{&quot;className&quot;:&quot;&quot;,&quot;href&quot;:&quot;https:\/\/cappadociatouristinformation.gen.tr\/it\/hotel\/dove-alloggiare\/&quot;,&quot;title&quot;:&quot;Dove Alloggiare in Cappadocia: 4 Fantastici Quartieri da Conoscere&quot;,&quot;class&quot;:&quot;&quot;}\" style=\"\"><a href=\"https:\/\/cappadociatouristinformation.gen.tr\/it\/cose-da-fare\/cappadocia-in-inverno\/\" title=\"10 Cose da Fare in Cappadocia in Inverno\" data-css=\"\">10 Cose da Fare in Cappadocia in Inverno<\/a><\/span><\/h3>\n<p><a href=\"https:\/\/cappadociatouristinformation.gen.tr\/it\/cose-da-fare\/cappadocia-in-inverno\/\" style=\"\"><span style=\"\"><span style=\"\">Per saperne di pi\u00f9<\/span><\/span><\/a><a href=\"https:\/\/cappadociatouristinformation.gen.tr\/it\/cose-da-fare\/con-bambini\/\" dynamic-postlink=\"tcb_post_the_permalink\" data-shortcode-id=\"2620\"><\/a><\/p>\n<h3 style=\"text-align: center; padding-top: 0px !important; margin-top: 0px !important;\" id=\"t-1725624797388\"><span data-attr-link=\"1\" data-attr-rel=\"0\" data-attr-target=\"0\" data-extra_key=\"\" data-option-inline=\"1\" data-shortcode=\"tcb_post_title\" data-shortcode-name=\"Post title\" data-attr-css=\"\" data-attr-static-link=\"{&quot;className&quot;:&quot;&quot;,&quot;href&quot;:&quot;https:\/\/cappadociatouristinformation.gen.tr\/it\/hotel\/dove-alloggiare\/&quot;,&quot;title&quot;:&quot;Dove Alloggiare in Cappadocia: 4 Fantastici Quartieri da Conoscere&quot;,&quot;class&quot;:&quot;&quot;}\" style=\"\"><a href=\"https:\/\/cappadociatouristinformation.gen.tr\/it\/cose-da-fare\/con-bambini\/\" title=\"15 Cose Migliori da Fare in Cappadocia Con Bambini\" data-css=\"\">15 Cose Migliori da Fare in Cappadocia Con Bambini<\/a><\/span><\/h3>\n<p><a href=\"https:\/\/cappadociatouristinformation.gen.tr\/it\/cose-da-fare\/con-bambini\/\" style=\"\"><span style=\"\"><span style=\"\">Per saperne di pi\u00f9<\/span><\/span><\/a><a href=\"https:\/\/cappadociatouristinformation.gen.tr\/it\/hotel\/dove-alloggiare\/\" dynamic-postlink=\"tcb_post_the_permalink\" data-shortcode-id=\"2620\"><\/a><\/p>\n<h3 style=\"text-align: center; padding-top: 0px !important; margin-top: 0px !important;\" id=\"t-1725624797388\"><span data-attr-link=\"1\" data-attr-rel=\"0\" data-attr-target=\"0\" data-extra_key=\"\" data-option-inline=\"1\" data-shortcode=\"tcb_post_title\" data-shortcode-name=\"Post title\" data-attr-css=\"\" data-attr-static-link=\"{&quot;className&quot;:&quot;&quot;,&quot;href&quot;:&quot;https:\/\/cappadociatouristinformation.gen.tr\/it\/hotel\/dove-alloggiare\/&quot;,&quot;title&quot;:&quot;Dove Alloggiare in Cappadocia: 4 Fantastici Quartieri da Conoscere&quot;,&quot;class&quot;:&quot;&quot;}\" style=\"\"><a href=\"https:\/\/cappadociatouristinformation.gen.tr\/it\/hotel\/dove-alloggiare\/\" title=\"Dove Alloggiare in Cappadocia: 4 Fantastici Quartieri da Conoscere\" data-css=\"\">Dove Alloggiare in Cappadocia: 4 Fantastici Quartieri da Conoscere<\/a><\/span><\/h3>\n<p><a href=\"https:\/\/cappadociatouristinformation.gen.tr\/it\/hotel\/dove-alloggiare\/\" style=\"\"><span style=\"\"><span style=\"\">Per saperne di pi\u00f9<\/span><\/span><\/a><a href=\"https:\/\/cappadociatouristinformation.gen.tr\/it\/cose-da-fare\/\" dynamic-postlink=\"tcb_post_the_permalink\" data-shortcode-id=\"2620\"><\/a><\/p>\n<h3 style=\"text-align: center; padding-top: 0px !important; margin-top: 0px !important;\" id=\"t-1725624797388\"><span data-attr-link=\"1\" data-attr-rel=\"0\" data-attr-target=\"0\" data-extra_key=\"\" data-option-inline=\"1\" data-shortcode=\"tcb_post_title\" data-shortcode-name=\"Post title\" data-attr-css=\"\" data-attr-static-link=\"{&quot;className&quot;:&quot;&quot;,&quot;href&quot;:&quot;https:\/\/cappadociatouristinformation.gen.tr\/it\/hotel\/dove-alloggiare\/&quot;,&quot;title&quot;:&quot;Dove Alloggiare in Cappadocia: 4 Fantastici Quartieri da Conoscere&quot;,&quot;class&quot;:&quot;&quot;}\" style=\"\"><a href=\"https:\/\/cappadociatouristinformation.gen.tr\/it\/cose-da-fare\/\" title=\"Le 50 Cose da Fare in Cappadocia [Con Biglietti]\" data-css=\"\">Le 50 Cose da Fare in Cappadocia [Con Biglietti]<\/a><\/span><\/h3>\n<p><a href=\"https:\/\/cappadociatouristinformation.gen.tr\/it\/cose-da-fare\/\" style=\"\"><span style=\"\"><span style=\"\">Per saperne di pi\u00f9<\/span><\/span><\/a><\/p>\n","protected":false},"excerpt":{"rendered":"<p>Antalya \u00e8 ampiamente considerata una destinazione privilegiata in Turchia per piacevoli vacanze al mare. Tuttavia, \u00e8 difficile rifiutare la Cappadocia, soprattutto se ti trovi gi\u00e0 nella regione. C&#8217;\u00e8 una buona possibilit\u00e0 che tu sia interessato a intraprendere il viaggio tra le due localit\u00e0 se hai letto questo articolo. Sei nel posto giusto perch\u00e9 qui ti [&hellip;]<\/p>\n","protected":false},"author":2,"featured_media":3144,"parent":2248,"menu_order":0,"comment_status":"closed","ping_status":"closed","template":"","meta":{"footnotes":""},"categories":[],"tags":[94,81,37],"class_list":["post-2839","page","type-page","status-publish","has-post-thumbnail","hentry","tag-da-antalya-alla-cappadocia","tag-guida","tag-guide","post-wrapper","thrv_wrapper"],"_links":{"self":[{"href":"https:\/\/cappadociatouristinformation.gen.tr\/it\/wp-json\/wp\/v2\/pages\/2839","targetHints":{"allow":["GET"]}}],"collection":[{"href":"https:\/\/cappadociatouristinformation.gen.tr\/it\/wp-json\/wp\/v2\/pages"}],"about":[{"href":"https:\/\/cappadociatouristinformation.gen.tr\/it\/wp-json\/wp\/v2\/types\/page"}],"author":[{"embeddable":true,"href":"https:\/\/cappadociatouristinformation.gen.tr\/it\/wp-json\/wp\/v2\/users\/2"}],"replies":[{"embeddable":true,"href":"https:\/\/cappadociatouristinformation.gen.tr\/it\/wp-json\/wp\/v2\/comments?post=2839"}],"version-history":[{"count":8,"href":"https:\/\/cappadociatouristinformation.gen.tr\/it\/wp-json\/wp\/v2\/pages\/2839\/revisions"}],"predecessor-version":[{"id":3359,"href":"https:\/\/cappadociatouristinformation.gen.tr\/it\/wp-json\/wp\/v2\/pages\/2839\/revisions\/3359"}],"up":[{"embeddable":true,"href":"https:\/\/cappadociatouristinformation.gen.tr\/it\/wp-json\/wp\/v2\/pages\/2248"}],"wp:featuredmedia":[{"embeddable":true,"href":"https:\/\/cappadociatouristinformation.gen.tr\/it\/wp-json\/wp\/v2\/media\/3144"}],"wp:attachment":[{"href":"https:\/\/cappadociatouristinformation.gen.tr\/it\/wp-json\/wp\/v2\/media?parent=2839"}],"wp:term":[{"taxonomy":"category","embeddable":true,"href":"https:\/\/cappadociatouristinformation.gen.tr\/it\/wp-json\/wp\/v2\/categories?post=2839"},{"taxonomy":"post_tag","embeddable":true,"href":"https:\/\/cappadociatouristinformation.gen.tr\/it\/wp-json\/wp\/v2\/tags?post=2839"}],"curies":[{"name":"wp","href":"https:\/\/api.w.org\/{rel}","templated":true}]}}