{"id":2855,"date":"2024-09-02T17:10:44","date_gmt":"2024-09-02T17:10:44","guid":{"rendered":"https:\/\/cappadociatouristinformation.gen.tr\/?page_id=2855"},"modified":"2025-07-31T12:24:58","modified_gmt":"2025-07-31T12:24:58","slug":"carta-sim-turca","status":"publish","type":"page","link":"https:\/\/cappadociatouristinformation.gen.tr\/it\/organizza-il-tuo-viaggio-in-cappadocia\/carta-sim-turca\/","title":{"rendered":"Carta SIM Turca Per Turisti"},"content":{"rendered":"<p data-hide=\"true\" id=\"t-1668669458154\"><span style=\"font-size: 22px !important;\">Questa \u00e8 la nostra guida definitiva all&#8217;acquisto di una carta SIM turca per i turisti in Cappadocia.<\/span><\/p>\n<p>Se stai pianificando una vacanza in Cappadocia, restare connesso \u00e8 essenziale e acquistare una carta SIM prepagata per la tua visita \u00e8 il modo pi\u00f9 semplice per farlo.&nbsp;<\/p>\n<p>In questa guida esamineremo tutto ci\u00f2 che devi sapere sulle carte SIM turche per turisti in Cappadocia, da quale operatore ha le migliori offerte di rete e carte SIM in Turchia ad altre opzioni vantaggiose come le <strong><span style=\"--tcb-applied-color: var$(--tcb-skin-color-1) !important; color: var(--tcb-skin-color-1) !important;\"><a href=\"#tve-jump-18e8a70ac9a\" jump-animation=\"smooth\" style=\"outline: currentcolor;\">carte e-SIM<\/a> .<\/span><\/strong><\/p>\n<p>Quindi iniziamo!<\/p>\n<p><span><img decoding=\"async\" alt=\"Carta SIM Turchia\" data-id=\"8507\" width=\"702\" data-init-width=\"1000\" height=\"468\" data-init-height=\"667\" title=\"Carta SIM Turchia La migliore carta SIM turca per Antalya\" src=\"https:\/\/cappadociatouristinformation.gen.tr\/wp-content\/uploads\/2024\/09\/Best-Turkish-SIM-Card-for-Antalya-1.jpeg\" data-width=\"702\" data-height=\"468\" data-pinpro-key=\"jsawnccfv\" style=\"aspect-ratio: auto 1000 \/ 667;\" loading=\"lazy\"><\/span><\/p>\n<h2 id=\"t-1668669458155\"><strong>Ho davvero bisogno di una carta SIM turca per la Cappadocia?<\/strong><\/h2>\n<p>Le persone che vogliono andare in vacanza in Cappadocia spesso si chiedono se hanno bisogno di una carta SIM turca. Dopotutto, la maggior parte <a href=\"https:\/\/cappadociatouristinformation.gen.tr\/it\/hotel\/\" style=\"outline: none;\">degli hotel in Cappadocia<\/a> offre la connessione Wi-Fi gratuita, quindi perch\u00e9 non optare per quella?<\/p>\n<p>Ci sono alcuni motivi per cui una carta SIM turca pu\u00f2 essere utile, anche se ti fermi in Cappadocia solo per pochi giorni. Per cominciare, l&#8217;utilizzo dei dati su una scheda SIM locale \u00e8 notevolmente&nbsp; <strong>pi\u00f9 economico<\/strong> &nbsp;rispetto all&#8217;utilizzo&nbsp; <strong>dei dati in roaming sulla rete domestica.<\/strong><\/p>\n<p>Inoltre, se hai una scheda SIM locale,&nbsp; <strong>puoi sempre connetterti a Internet<\/strong> , anche se non c&#8217;\u00e8 Wi-Fi nelle vicinanze. Naturalmente non \u00e8 necessario utilizzare il Wi-Fi dell&#8217;hotel, che <strong>&nbsp;di solito \u00e8 <\/strong>&nbsp;<strong>lento e non sicuro.<\/strong> &nbsp;Se esplorerai la Cappadocia,&nbsp; <strong>avrai sicuramente bisogno di una carta SIM turca.<\/strong><\/p>\n<p><strong>In altre parole<\/strong> , se vuoi rimanere connesso durante il tuo viaggio in Cappadocia, <strong>ti consigliamo di acquistare una carta SIM turca.<\/strong> Apportare questa modifica <strong>ti far\u00e0 risparmiare denaro e ti dar\u00e0 tranquillit\u00e0,<\/strong> sapendo che potrai sempre connetterti a Internet in sicurezza.<\/p>\n<p>Ma come posso farlo velocemente, senza fare la fila e al miglior prezzo?<\/p>\n<h2 id=\"t-1668669458156\"><strong>Prenota online la tua SIM Card turca prima del tuo viaggio in Cappadocia<\/strong><\/h2>\n<p>Come posso ottenere una carta SIM locale o un dispositivo Internet da utilizzare mentre sono in vacanza in Turchia? La carta e-SIM per la Turchia \u00e8 l&#8217;opzione migliore per i viaggiatori che <strong>necessitano solo di Internet mobile<\/strong> e non hanno bisogno di effettuare chiamate o inviare messaggi mentre sono in Cappadocia. <strong>Per gli stranieri<\/strong> , questo \u00e8 uno dei <strong>modi migliori e pi\u00f9 convenienti<\/strong> per connettersi a Internet in Cappadocia. <span style=\"text-decoration: underline;\">Dai un&#8217;occhiata al nostro elenco delle due migliori e-SIM per la Turchia, insieme al Pocket Wi-Fi, che puoi utilizzare anche tu.<\/span><\/p>\n<p data-end=\"798\" data-start=\"514\"><strong data-end=\"586\" data-start=\"514\"><span style=\"--tcb-applied-color: var$(--tcb-skin-color-0) !important; color: var(--tcb-skin-color-0) !important;\">Importante<\/span>:&nbsp;<\/strong><strong data-end=\"64\" data-is-only-node=\"\" data-start=\"0\">installa la tua eSIM prima di entrare in Turchia<\/strong>Per assicurarti che la tua eSIM funzioni correttamente in Turchia, devi installarla <strong data-end=\"175\" data-start=\"151\">prima del tuo arrivo<\/strong>. Al momento, l\u2019installazione della eSIM <strong data-end=\"235\" data-start=\"216\">non \u00e8 possibile<\/strong> all\u2019interno della Turchia.Se aspetti di essere gi\u00e0 l\u00ec, l\u2019installazione potrebbe fallire.\u00c8 consigliabile installare la eSIM <strong data-end=\"393\" data-start=\"365\">quando sei ancora a casa<\/strong> o <strong data-end=\"433\" data-start=\"396\">in aeroporto prima della partenza<\/strong>.<\/p>\n<h2 id=\"t-1668669458157\"><strong><span lang=\"EN-US\">1. La carta e-SIM prepagata Holafly per <strong>la Cappadocia<\/strong><\/span><\/strong><\/h2>\n<p><span><img decoding=\"async\" alt=\"\" data-id=\"12312\" width=\"600\" data-init-width=\"600\" height=\"399\" data-init-height=\"399\" title=\"carta-sim-turca-Holayfly\" src=\"https:\/\/cappadociatouristinformation.gen.tr\/wp-content\/uploads\/2024\/09\/turkish-sim-card-Holayfly-1.jpeg\" data-width=\"600\" data-height=\"399\" data-pinpro-key=\"dz1qn5mj7\" style=\"aspect-ratio: auto 600 \/ 399;\" loading=\"lazy\"><\/span><\/p>\n<p>La scheda e-SIM di Holafly \u00e8 tutto ci\u00f2 di cui hai bisogno per il tuo viaggio in Turchia se <strong>tutto ci\u00f2 di cui hai bisogno \u00e8 Internet mobile<\/strong> . Questa carta e-SIM prepagata \u00e8 facile da usare e ti consente di utilizzare fino alla <strong>velocit\u00e0 massima (4GLTE) per dati illimitati.<\/strong><\/p>\n<p>Cos\u00ec puoi utilizzare Internet quanto vuoi senza dover pensare alle <strong>tariffe di roaming<\/strong> .&nbsp;<\/p>\n<p>Scopri i prezzi e le condizioni qui sotto:<\/p>\n<h3 id=\"t-1725626870938\"><span lang=\"EN-US\">Come funziona Holafly?<\/span><\/h3>\n<ol>\n<li><span lang=\"EN-US\"><strong>Scegli il piano dati<\/strong> che preferisci e <strong>&nbsp;<\/strong><\/span><a href=\"https:\/\/holafly.sjv.io\/CappadociaTiIT\" rel=\"nofollow noopener\" target=\"_blank\" style=\"outline: none;\" data-lt-tmp-id=\"lt-346210\" spellcheck=\"false\"><span lang=\"EN-US\"><strong>acquista qui la e-SIM prepagata Holafly<\/strong><\/span><\/a><span lang=\"EN-US\"><strong> .&nbsp;<\/strong> Riceverai immediatamente via e-mail un codice QR contenente la e-SIM Card.<\/span><\/li>\n<li><span lang=\"EN-US\"><strong>Scansiona il codice QR<\/strong> un giorno prima della partenza.<\/span><\/li>\n<li><span lang=\"EN-US\"><strong>Disattiva<\/strong> i dati cellulari del tuo provider locale.<\/span><\/li>\n<li><span lang=\"EN-US\"><strong>Imposta le opzioni del tuo telefono<\/strong> in modo che il tuo cellulare utilizzi Internet di Holafly.<\/span><\/li>\n<li><span lang=\"EN-US\"><strong>Attiva il tuo codice QR<\/strong> dopo il tuo arrivo in Turchia e utilizza la tua SIM card Holafly durante il tuo soggiorno.&nbsp;<\/span><span lang=\"EN-US\">&nbsp;<\/span><\/li>\n<\/ol>\n<p><strong><span lang=\"EN-US\">Compatibilit\u00e0:&nbsp;<\/span><\/strong><span lang=\"EN-US\"> prima di acquistare la scheda SIM Holafly, assicurati che il tuo cellulare sia compatibile con il servizio Holafly. \u00c8 disponibile per i seguenti cellulari: iPhone SE, XS e XS Max, XR, 11, 11 Pro e 11 Pro Max, 12, 12 Pro, 12 Pro Max, 12 Mini, 13,13 Pro, 13 Pro Max, 13 Mini \/ Google Pixel 3, 3a, 4, 4a, \/ Samsung S22, S20, Galaxy Z Flip, Note 20 Ultra, Fold LTE, \/ Motorola Razr 2019<strong>&nbsp;<\/strong><\/span><\/p>\n<h3 id=\"t-1725626870939\"><span lang=\"EN-US\">La semplice eSIM per la Turchia di Holafly (<em>consigliata<\/em>):<\/span><\/h3>\n<p>Di seguito troverai una panoramica dei prezzi e delle condizioni delle interessanti carte eSIM di Holafly. Le opzioni evidenziate <span style=\"--tcb-applied-color: var$(--tcb-skin-color-18)  !important; color: var(--tcb-skin-color-0);\">in rosso<\/span> sono quelle pi\u00f9 apprezzate dai viaggiatori.<\/p>\n<ul>\n<li>&nbsp;<span><span><span lang=\"EN-US\"><strong>5 giorni di&nbsp;<\/strong> dati illimitati in Turchia (circa&nbsp; <strong>19\u20ac<\/strong>)<\/span><\/span><\/span><\/li>\n<li><span><span><span lang=\"EN-US\"><strong>7 giorni di&nbsp;<\/strong> dati illimitati in Turchia (circa&nbsp; <strong>27 <\/strong><strong>\u20ac<\/strong>)<\/span><\/span><\/span><\/li>\n<li><span lang=\"EN-US\"><strong><span style=\"--tcb-applied-color: var$(--tcb-skin-color-0)  !important; color: var(--tcb-skin-color-0);\">10 giorni di <\/span><\/strong><span style=\"color: var(--tcb-skin-color-0);\"><span style=\"--tcb-applied-color: var$(--tcb-skin-color-0) !important;\">&nbsp;dati illimitati in Turchia (circa&nbsp; <strong>34\u20ac<\/strong>)<\/span><\/span><\/span><\/li>\n<li><span lang=\"EN-US\" style=\"color: var(--tcb-skin-color-0);\"><strong>15 giorni di<\/strong> &nbsp;dati illimitati in Turchia (circa&nbsp; <strong>47\u20ac<\/strong>)<\/span><\/li>\n<li><span lang=\"EN-US\"><strong>20 giorni di<\/strong> &nbsp;dati illimitati in Turchia (circa&nbsp; <strong>57\u20ac<\/strong>)<\/span><\/li>\n<li tve-u-182b649121f\"\"=\"\"><span lang=\"EN-US\"><strong><span style=\"--tcb-applied-color: var$(--tcb-skin-color-0)  !important; color: var(--tcb-skin-color-0);\">30 giorni di&nbsp; <\/span><\/strong><span style=\"color: var(--tcb-skin-color-0);\"><span style=\"--tcb-applied-color: var$(--tcb-skin-color-0) !important;\">dati illimitati in Turchia (circa&nbsp; <strong>69\u20ac<\/strong>)<\/span><\/span><\/span><\/li>\n<li><span lang=\"EN-US\"><strong>60 giorni di<\/strong> &nbsp;dati illimitati in Turchia (circa&nbsp; <strong>87\u20ac<\/strong>)<\/span><\/li>\n<li><span lang=\"EN-US\"><strong>90 giorni di<\/strong> &nbsp;dati illimitati in Turchia (circa&nbsp; <strong>99\u20ac<\/strong>)<\/span><\/li>\n<\/ul>\n<p>Per maggiori informazioni e prezzi attuali sulle varie offerte visitate questi siti:&nbsp;<\/p>\n<p>Per avere maggiori informazioni e uno&nbsp;<a href=\"https:\/\/holafly.sjv.io\/CappadociaTiIT\" target=\"_blank\" rel=\"nofollow noopener\"><strong>sconto del 5%<\/strong><\/a><strong>,<\/strong> clicca su questo link:<\/p>\n<h2 id=\"t-1668669458159\"><strong>Fornitori di rete mobile in Turchia<\/strong><\/h2>\n<ul>\n<li>Ci sono tre operatori di rete mobile in Turchia: <strong>Turkcell, Vodafone Turkey&nbsp;<\/strong> e <strong>Turk Telekom.<\/strong><\/li>\n<li>Turkcell \u00e8 il pi\u00f9 grande operatore e il <strong>&nbsp;principale fornitore di rete mobile in Turchia<\/strong> . Offre un&#8217;ottima copertura in tutto il paese, in particolare nelle citt\u00e0 pi\u00f9 piccole o nelle aree remote.<\/li>\n<li>Tutti e tre gli operatori offrono una variet\u00e0 di pacchetti di carte SIM prepagate tra cui scegliere, alcuni di loro promuovono anche carte SIM speciali per i turisti.<\/li>\n<li>Tieni presente che le carte SIM turche sono <strong>&nbsp;valide per un massimo di 120 giorni.<\/strong><\/li>\n<li>Il prefisso internazionale per la Turchia \u00e8 <strong>&nbsp;+90<\/strong><\/li>\n<\/ul>\n<p><span><img decoding=\"async\" alt=\"\" data-id=\"12314\" width=\"702\" data-init-width=\"1000\" height=\"468\" data-init-height=\"667\" title=\"Operatori GSM in Turchia\" src=\"https:\/\/cappadociatouristinformation.gen.tr\/wp-content\/uploads\/2024\/09\/GSM-Operators-in-Turkey-1.jpeg\" data-width=\"702\" data-height=\"468\" style=\"aspect-ratio: auto 1000 \/ 667;\" data-pinpro-key=\"sv7uxf8mf\" loading=\"lazy\"><\/span><\/p>\n<h2 id=\"t-1668669458160\"><strong>Dove acquistare la tua SIM Card turca in Cappadocia?<\/strong><\/h2>\n<h3 id=\"t-1725626870940\"><strong>1. Negli aeroporti di Nev\u015fehir e Kayseri<\/strong><\/h3>\n<p>Nei terminal arrivi degli aeroporti di Nev\u015fehir e Kayseri ci sono negozi che vendono carte SIM prepagate. Poich\u00e9 il personale parla inglese, potrete comunicare facilmente e trovare cos\u00ec l&#8217;offerta pi\u00f9 adatta alle vostre esigenze. Tuttavia <strong>, i prezzi per le carte SIM turche qui sono relativamente alti<\/strong> , quindi <strong>non consigliare di acquistare&nbsp;<\/strong> la carta SIM prepagata in aeroporto.&nbsp;<\/p>\n<h3 id=\"t-1725626870941\"><strong>2. In citt\u00e0<\/strong><\/h3>\n<p>Nel centro di Nev\u015fehir e della Cappadocia ci sono numerosi negozi al dettaglio dove \u00e8 possibile acquistare una carta SIM turca. Innanzitutto le&nbsp; <strong>filiali ufficiali&nbsp;<\/strong> degli operatori di telefonia mobile: Turkcell, Vodafone e Turk Telekom. Inoltre, ci sono&nbsp; <strong>negozi di elettronica, negozi di telefonia e chioschi&nbsp;<\/strong> che vendono carte SIM prepagate per questi operatori GSM.&nbsp;<\/p>\n<p><strong>Tieni presente <\/strong><strong>che ogni negozio pu\u00f2 avere prezzi diversi<\/strong> per le proprie carte SIM. Questo perch\u00e9 le filiali ed i rivenditori dell&#8217;operatore GSM turco fissano i propri prezzi individuali. Pertanto, vale la pena controllare alcuni negozi prima di sceglierne uno per essere sicuri di ottenere il miglior affare possibile.<\/p>\n<h2 id=\"t-1668669458161\"><strong>Costo delle carte SIM turche per i turisti in Cappadocia<\/strong><\/h2>\n<p><span><img decoding=\"async\" alt=\"\" data-id=\"12315\" width=\"702\" data-init-width=\"1000\" height=\"468\" data-init-height=\"667\" title=\"Operatore Turkcell ad Antalya\" src=\"https:\/\/cappadociatouristinformation.gen.tr\/wp-content\/uploads\/2024\/09\/Turkcell-Operator-in-Antalya-1.jpeg\" data-width=\"702\" data-height=\"468\" data-pinpro-key=\"cjxj2uhaw\" style=\"aspect-ratio: auto 1000 \/ 667;\" loading=\"lazy\"><\/span><\/p>\n<h3 id=\"t-1725626870942\"><strong>1. Turkcella<\/strong><\/h3>\n<p>Turkcell promuove un pacchetto speciale per i viaggiatori, il cosiddetto &#8220;Tourist Welcome Pack.&#8221;.<\/p>\n<p>Questa offerta \u00e8 valida per i clienti che acquistano una carta SIM prepagata da Turkcell con passaporto straniero.<\/p>\n<ul>\n<li><strong>Cosa \u00e8 incluso:&nbsp;<\/strong><b>&nbsp;<\/b> Una SIM card con <b>&nbsp;<\/b>20GB dati + 200 minuti di chiamate locali + messaggistica illimitata tramite Whatsapp &amp;BiP. Come bonus, ottieni sconti speciali presso ristoranti, hotel, autonoleggi e altro ancora.<\/li>\n<li><strong>Validit\u00e0:&nbsp;<\/strong> 30 giorni; dopo 3 mesi la SIM verr\u00e0 disattivata.<\/li>\n<li><a href=\"https:\/\/www.turkcell.com.tr\/en\/aboutus\/traveling-turkey\/local-sim-card-for-your-vacation\" style=\"outline: none;\" data-lt-tmp-id=\"lt-182845\" spellcheck=\"false\" target=\"_blank\" rel=\"nofollow noopener\"><strong>Visita il sito web ufficiale di Turkcell per ulteriori informazioni e i prezzi attuali.<\/strong><\/a><\/li>\n<li>Questi prezzi possono arrivare fino a pi\u00f9 di 1.100 <strong>&nbsp;TL nei negozi dell&#8217;aeroporto.<\/strong><strong><\/strong><\/li>\n<\/ul>\n<p><span><img decoding=\"async\" alt=\"\" data-id=\"12317\" width=\"702\" data-init-width=\"1000\" height=\"468\" data-init-height=\"667\" title=\"Operatore Vodafone ad Antalya\" src=\"https:\/\/cappadociatouristinformation.gen.tr\/wp-content\/uploads\/2024\/09\/Vodafone-Operator-in-Antalya-1.jpeg\" data-width=\"702\" data-height=\"468\" data-pinpro-key=\"8eobrm4kp\" style=\"aspect-ratio: auto 1000 \/ 667;\" loading=\"lazy\"><\/span><\/p>\n<h3 id=\"t-1725626870943\"><strong>2. Vodafone Turchia&nbsp;<\/strong><\/h3>\n<p>L&#8217;operatore di telefonia mobile Vodafone Turchia offre un pacchetto turistico speciale per la carta SIM prepagata. Si chiama &#8220;Benvenuti nel pacchetto Turchia&#8221;.<\/p>\n<ul>\n<li><strong>Cosa \u00e8 incluso:&nbsp;<\/strong> L&#8217; <strong>&nbsp;<\/strong>offerta comprende 20 GB di dati + WhatsApp illimitato + una settimana FB\/IG\/X illimitati + 750 minuti di chiamate urbane + 1000 SMS&nbsp;<\/li>\n<li><strong>Validit\u00e0: <\/strong><strong><strong>28 giorni<\/strong><\/strong><strong> .&nbsp;<\/strong> Puoi utilizzare la tua SIM Card Turistica Prepagata per un totale di&nbsp; <strong>90 giorni<\/strong> . Successivamente verr\u00e0 disattivato.<strong>&nbsp;<strong><\/strong><\/strong><strong><\/strong><\/li>\n<li><strong>Per ulteriori dettagli e i prezzi attuali&nbsp;<\/strong><a href=\"https:\/\/www.vodafone.com.tr\/tarifeler\/tourist-sim-card-turkey\" style=\"outline: none;\" data-lt-tmp-id=\"lt-148519\" spellcheck=\"false\" target=\"_blank\" rel=\"nofollow noopener\"><strong>vi invitiamo a verificare il sito ufficiale di Vodafone.&nbsp;<\/strong><\/a><\/li>\n<li>Questi prezzi possono arrivare fino a pi\u00f9 di 1.000 <strong>&nbsp;TL in aeroporto.<\/strong><strong><\/strong><\/li>\n<\/ul>\n<p><span><img decoding=\"async\" alt=\"\" data-id=\"12318\" width=\"702\" data-init-width=\"1000\" height=\"468\" data-init-height=\"667\" title=\"Operatore Turk-Telekom-ad-Antalya\" src=\"https:\/\/cappadociatouristinformation.gen.tr\/wp-content\/uploads\/2024\/09\/Turk-Telekom-Operator-in-Antalya-1.jpeg\" data-width=\"702\" data-height=\"468\" data-pinpro-key=\"79bgftrfs\" style=\"aspect-ratio: auto 1000 \/ 667;\" loading=\"lazy\"><\/span><\/p>\n<h3 id=\"t-1725626870944\"><strong>3. Turk Telekom<\/strong><\/h3>\n<p>&#8220;Hos geldin&#8221; (Benvenuto) \u00e8 il nome del pacchetto speciale di carte SIM di T\u00fcrk Telekom per i turisti.<\/p>\n<ul>\n<li><strong>Cosa \u00e8 incluso:<\/strong> Il pacchetto Hosgeldin 50GB comprende 50 GB + 1500 minuti di chiamate locali + 1000 SMS&nbsp;<\/li>\n<li><strong>Validit\u00e0:<\/strong> 28 giorni<\/li>\n<li><a href=\"https:\/\/bireysel.turktelekom.com.tr\/mobil\/yeni-musteri-tarife-ve-paketleri\/faturasiz-paketler\/yeni-hat-alanlara-ozel-hos-geldin-50gb\" style=\"outline: none;\" data-lt-tmp-id=\"lt-103731\" spellcheck=\"false\" target=\"_blank\" rel=\"noopener\">Controlla il sito ufficiale di Turk Telekom&nbsp; <\/a><strong>per ulteriori informazioni. (solo in turco)&nbsp;<\/strong><\/li>\n<li>I prezzi per questa carta SIM possono arrivare fino a pi\u00f9 di&nbsp; <strong>900 TL in aeroporto<\/strong> .<\/li>\n<\/ul>\n<p><strong><strong>Puoi ricaricare qualsiasi tariffa una volta esaurita.<\/strong><\/strong><\/p>\n<h2 id=\"t-1668669458162\"><strong>Conclusione:<\/strong><\/h2>\n<p>Considerando tutti i fattori, in particolare il feedback dei nostri lettori, <strong>consiglia <\/strong><strong>vivamente <\/strong><strong>la&nbsp;<\/strong><a href=\"https:\/\/holafly.sjv.io\/CappadociaTiIT\" style=\"outline: none;\" data-lt-tmp-id=\"lt-953734\" spellcheck=\"false\" target=\"_blank\" rel=\"nofollow noopener\"><strong>scheda eSIM di Holafly<\/strong><\/a><strong> .<\/strong>&nbsp;<\/p>\n<p>Non solo offre ai viaggiatori il <strong>modo pi\u00f9 semplice<\/strong> per acquistare una carta SIM prepagata in Turchia, ma \u00e8 anche il pi\u00f9 veloce. La scheda e-SIM Holafly ha un <strong>ottimo <\/strong><strong>rapporto qualit\u00e0-prezzo,<\/strong> si installa in pochi passaggi e come bonus \u00e8 possibile mantenere il proprio numero di telefono. Invece delle telefonate, devi solo utilizzare WhatsApp o app simili.<\/p>\n<p>Inoltre, ci\u00f2 che rende la carta eSIM cos\u00ec popolare \u00e8 il fatto che <strong>non devi preoccuparti di offerte troppo costose o addirittura di truffe.<\/strong><\/p>\n<h2 style=\"\" id=\"t-1668669458163\">Domande frequenti sulla carta SIM Turchia (domande frequenti)<\/h2>\n<h3 style=\"\" id=\"t-1725626870945\" data-hide=\"true\">Articoli Correlati<\/h3>\n<p><a href=\"https:\/\/cappadociatouristinformation.gen.tr\/it\/hotel\/hotel-economici\/\" dynamic-postlink=\"tcb_post_the_permalink\" data-shortcode-id=\"2986\"><\/a><\/p>\n<h3 style=\"text-align: center; padding-top: 0px !important; margin-top: 0px !important;\" id=\"t-1725626870946\" data-hide=\"true\"><span data-attr-link=\"1\" data-attr-rel=\"0\" data-attr-target=\"0\" data-extra_key=\"\" data-option-inline=\"1\" data-shortcode=\"tcb_post_title\" data-shortcode-name=\"Post title\" data-attr-css=\"\" data-attr-static-link=\"{&quot;className&quot;:&quot;&quot;,&quot;href&quot;:&quot;https:\/\/cappadociatouristinformation.gen.tr\/it\/hotel\/hotel-economici\/&quot;,&quot;title&quot;:&quot;10 Hotel Economici Pi\u00f9 Votati in Cappadocia&quot;,&quot;class&quot;:&quot;&quot;}\" style=\"\"><a href=\"https:\/\/cappadociatouristinformation.gen.tr\/it\/hotel\/hotel-economici\/\" title=\"10 Hotel Economici Pi\u00f9 Votati in Cappadocia\" data-css=\"\">10 Hotel Economici Pi\u00f9 Votati in Cappadocia<\/a><\/span><\/h3>\n<p><a href=\"https:\/\/cappadociatouristinformation.gen.tr\/it\/hotel\/hotel-economici\/\" style=\"\"><span style=\"\"><span style=\"\">Per saperne di pi\u00f9<\/span><\/span><\/a><a href=\"https:\/\/cappadociatouristinformation.gen.tr\/it\/hotel\/hotel-caverna\/\" dynamic-postlink=\"tcb_post_the_permalink\" data-shortcode-id=\"2986\"><\/a><\/p>\n<h3 style=\"text-align: center; padding-top: 0px !important; margin-top: 0px !important;\" id=\"t-1725626870946\" data-hide=\"true\"><span data-attr-link=\"1\" data-attr-rel=\"0\" data-attr-target=\"0\" data-extra_key=\"\" data-option-inline=\"1\" data-shortcode=\"tcb_post_title\" data-shortcode-name=\"Post title\" data-attr-css=\"\" data-attr-static-link=\"{&quot;className&quot;:&quot;&quot;,&quot;href&quot;:&quot;https:\/\/cappadociatouristinformation.gen.tr\/it\/hotel\/hotel-economici\/&quot;,&quot;title&quot;:&quot;10 Hotel Economici Pi\u00f9 Votati in Cappadocia&quot;,&quot;class&quot;:&quot;&quot;}\" style=\"\"><a href=\"https:\/\/cappadociatouristinformation.gen.tr\/it\/hotel\/hotel-caverna\/\" title=\"10 Migliori Hotel Caverna Grotte Della Cappadocia\" data-css=\"\">10 Migliori Hotel Caverna Grotte Della Cappadocia<\/a><\/span><\/h3>\n<p><a href=\"https:\/\/cappadociatouristinformation.gen.tr\/it\/hotel\/hotel-caverna\/\" style=\"\"><span style=\"\"><span style=\"\">Per saperne di pi\u00f9<\/span><\/span><\/a><a href=\"https:\/\/cappadociatouristinformation.gen.tr\/it\/cose-da-fare\/con-bambini\/\" dynamic-postlink=\"tcb_post_the_permalink\" data-shortcode-id=\"2986\"><\/a><\/p>\n<h3 style=\"text-align: center; padding-top: 0px !important; margin-top: 0px !important;\" id=\"t-1725626870946\" data-hide=\"true\"><span data-attr-link=\"1\" data-attr-rel=\"0\" data-attr-target=\"0\" data-extra_key=\"\" data-option-inline=\"1\" data-shortcode=\"tcb_post_title\" data-shortcode-name=\"Post title\" data-attr-css=\"\" data-attr-static-link=\"{&quot;className&quot;:&quot;&quot;,&quot;href&quot;:&quot;https:\/\/cappadociatouristinformation.gen.tr\/it\/hotel\/hotel-economici\/&quot;,&quot;title&quot;:&quot;10 Hotel Economici Pi\u00f9 Votati in Cappadocia&quot;,&quot;class&quot;:&quot;&quot;}\" style=\"\"><a href=\"https:\/\/cappadociatouristinformation.gen.tr\/it\/cose-da-fare\/con-bambini\/\" title=\"15 Cose Migliori da Fare in Cappadocia Con Bambini\" data-css=\"\">15 Cose Migliori da Fare in Cappadocia Con Bambini<\/a><\/span><\/h3>\n<p><a href=\"https:\/\/cappadociatouristinformation.gen.tr\/it\/cose-da-fare\/con-bambini\/\" style=\"\"><span style=\"\"><span style=\"\">Per saperne di pi\u00f9<\/span><\/span><\/a><a href=\"https:\/\/cappadociatouristinformation.gen.tr\/it\/organizza-il-tuo-viaggio-in-cappadocia\/itinerario-tre-giorni\/\" dynamic-postlink=\"tcb_post_the_permalink\" data-shortcode-id=\"2986\"><\/a><\/p>\n<h3 style=\"text-align: center; padding-top: 0px !important; margin-top: 0px !important;\" id=\"t-1725626870946\" data-hide=\"true\"><span data-attr-link=\"1\" data-attr-rel=\"0\" data-attr-target=\"0\" data-extra_key=\"\" data-option-inline=\"1\" data-shortcode=\"tcb_post_title\" data-shortcode-name=\"Post title\" data-attr-css=\"\" data-attr-static-link=\"{&quot;className&quot;:&quot;&quot;,&quot;href&quot;:&quot;https:\/\/cappadociatouristinformation.gen.tr\/it\/hotel\/hotel-economici\/&quot;,&quot;title&quot;:&quot;10 Hotel Economici Pi\u00f9 Votati in Cappadocia&quot;,&quot;class&quot;:&quot;&quot;}\" style=\"\"><a href=\"https:\/\/cappadociatouristinformation.gen.tr\/it\/organizza-il-tuo-viaggio-in-cappadocia\/itinerario-tre-giorni\/\" title=\"Itinerario di 3 Giorni in Cappadocia: Il miglior itinerario di 3 giorni per principianti in Cappadocia [Con biglietti]\" data-css=\"\">Itinerario di 3 Giorni in Cappadocia: Il miglior itinerario di 3 giorni per principianti in Cappadocia [Con biglietti]<\/a><\/span><\/h3>\n<p><a href=\"https:\/\/cappadociatouristinformation.gen.tr\/it\/organizza-il-tuo-viaggio-in-cappadocia\/itinerario-tre-giorni\/\" style=\"\"><span style=\"\"><span style=\"\">Per saperne di pi\u00f9<\/span><\/span><\/a><\/p>\n","protected":false},"excerpt":{"rendered":"<p>Questa \u00e8 la nostra guida definitiva all&#8217;acquisto di una carta SIM turca per i turisti in Cappadocia. Se stai pianificando una vacanza in Cappadocia, restare connesso \u00e8 essenziale e acquistare una carta SIM prepagata per la tua visita \u00e8 il modo pi\u00f9 semplice per farlo.&nbsp; In questa guida esamineremo tutto ci\u00f2 che devi sapere sulle [&hellip;]<\/p>\n","protected":false},"author":2,"featured_media":3152,"parent":2248,"menu_order":0,"comment_status":"closed","ping_status":"closed","template":"","meta":{"footnotes":""},"categories":[],"tags":[89,54,108,90],"class_list":["post-2855","page","type-page","status-publish","has-post-thumbnail","hentry","tag-carta-sim","tag-plan-your-trip-to-cappadocia","tag-plan-your-trip-to-cappadocia-it","tag-turca","post-wrapper","thrv_wrapper"],"_links":{"self":[{"href":"https:\/\/cappadociatouristinformation.gen.tr\/it\/wp-json\/wp\/v2\/pages\/2855","targetHints":{"allow":["GET"]}}],"collection":[{"href":"https:\/\/cappadociatouristinformation.gen.tr\/it\/wp-json\/wp\/v2\/pages"}],"about":[{"href":"https:\/\/cappadociatouristinformation.gen.tr\/it\/wp-json\/wp\/v2\/types\/page"}],"author":[{"embeddable":true,"href":"https:\/\/cappadociatouristinformation.gen.tr\/it\/wp-json\/wp\/v2\/users\/2"}],"replies":[{"embeddable":true,"href":"https:\/\/cappadociatouristinformation.gen.tr\/it\/wp-json\/wp\/v2\/comments?post=2855"}],"version-history":[{"count":17,"href":"https:\/\/cappadociatouristinformation.gen.tr\/it\/wp-json\/wp\/v2\/pages\/2855\/revisions"}],"predecessor-version":[{"id":3780,"href":"https:\/\/cappadociatouristinformation.gen.tr\/it\/wp-json\/wp\/v2\/pages\/2855\/revisions\/3780"}],"up":[{"embeddable":true,"href":"https:\/\/cappadociatouristinformation.gen.tr\/it\/wp-json\/wp\/v2\/pages\/2248"}],"wp:featuredmedia":[{"embeddable":true,"href":"https:\/\/cappadociatouristinformation.gen.tr\/it\/wp-json\/wp\/v2\/media\/3152"}],"wp:attachment":[{"href":"https:\/\/cappadociatouristinformation.gen.tr\/it\/wp-json\/wp\/v2\/media?parent=2855"}],"wp:term":[{"taxonomy":"category","embeddable":true,"href":"https:\/\/cappadociatouristinformation.gen.tr\/it\/wp-json\/wp\/v2\/categories?post=2855"},{"taxonomy":"post_tag","embeddable":true,"href":"https:\/\/cappadociatouristinformation.gen.tr\/it\/wp-json\/wp\/v2\/tags?post=2855"}],"curies":[{"name":"wp","href":"https:\/\/api.w.org\/{rel}","templated":true}]}}