{"id":3014,"date":"2024-09-03T08:44:01","date_gmt":"2024-09-03T08:44:01","guid":{"rendered":"https:\/\/cappadociatouristinformation.gen.tr\/?page_id=3014"},"modified":"2024-09-06T14:39:46","modified_gmt":"2024-09-06T14:39:46","slug":"dove-alloggiare","status":"publish","type":"page","link":"https:\/\/cappadociatouristinformation.gen.tr\/it\/hotel\/dove-alloggiare\/","title":{"rendered":"Dove Alloggiare in Cappadocia: 4 Fantastici Quartieri da Conoscere"},"content":{"rendered":"<p><strong>Con i consigli dei nostri esperti su dove alloggiare in Cappadocia, trascorrerai un soggiorno fantastico nello straordinario scenario di questo paese delle meraviglie turco.<\/strong><\/p>\n<p>L&#8217;hotel che sceglierai in Cappadocia avr\u00e0 senza dubbio un impatto sull&#8217;intero viaggio. Quando si pianifica una vacanza in un&#8217;ampia regione geografica come la Cappadocia, i fattori pi\u00f9 essenziali da considerare sono le condizioni dell&#8217;hotel e le attivit\u00e0 nelle vicinanze.<\/p>\n<p>Dove alloggiare in Cappadocia, quale zona potrebbe soddisfare meglio le tue esigenze? Vuoi essere vicino ai trasporti pubblici? Oppure ti piace scoprire il magico mondo degli hotel in grotta con piscina privata?<\/p>\n<p>Prendere una decisione saggia \u00e8 impegnativo. Questo posto rende tutto possibile. Vediamo che tipo di ambiente render\u00e0 il vostro soggiorno indimenticabile!<\/p>\n<p>Abbiamo creato questa guida ai quattro quartieri principali e pi\u00f9 centrali della Cappadocia. Gli hotel e le attrazioni soddisfano tutte le esigenze dei viaggiatori, che tu sia qui per una <a href=\"https:\/\/cappadociatouristinformation.gen.tr\/it\/hotel\/5-stelle\/\" style=\"outline: currentcolor;\">vacanza a 5 stelle<\/a> , <a href=\"https:\/\/cappadociatouristinformation.gen.tr\/it\/hotel\/hotel-caverna\/\" style=\"outline: currentcolor;\">hotel caverna grotte della Cappadocia<\/a> , una <a href=\"https:\/\/cappadociatouristinformation.gen.tr\/it\/hotel\/hotel-per-la-luna-di-miele\/\" style=\"outline: currentcolor;\">luna di miele<\/a> o <a href=\"https:\/\/cappadociatouristinformation.gen.tr\/it\/hotel\/hotel-economici\/\" style=\"outline: currentcolor;\">hotel convenienti<\/a> per tutti. Sapere come vuoi trascorrere la tua giornata di vacanza e cosa ti piacerebbe vedere ea cui avere accesso inizia da dove soggiorni! .<\/p>\n<h2 id=\"t-1702560220790\"><strong>Cose da considerare quando si sceglie dove alloggiare in Cappadocia<\/strong><\/h2>\n<p><span><img decoding=\"async\" alt=\"informazioni turistiche sulla cappadocia dove alloggiare\" data-id=\"7821\" width=\"702\" data-init-width=\"1000\" height=\"468\" data-init-height=\"666\" title=\"informazioni turistiche sulla cappadocia dove alloggiare\" src=\"https:\/\/cappadociatouristinformation.gen.tr\/wp-content\/uploads\/2024\/09\/cappadocia-tourist-information-hotels-where-to-stay-1.jpg\" data-width=\"702\" data-height=\"468\" style=\"aspect-ratio: auto 1000 \/ 666;\" loading=\"lazy\"><\/span><\/p>\n<p>La Cappadocia ha una variet\u00e0 di citt\u00e0 e villaggi, ognuno con il suo fascino unico, come G\u00f6reme, \u00dcrg\u00fcp e U\u00e7hisar. Gli alloggi possono trasformare il tuo viaggio in un&#8217;esperienza indimenticabile, con la scelta dell&#8217;alloggio che decide la qualit\u00e0 dell&#8217;intera esperienza.<\/p>\n<p>La regione \u00e8 ricca di siti storici, come antiche chiese rupestri e civilt\u00e0 sotterranee, che la rendono un&#8217;ottima destinazione per gli esploratori. G\u00f6reme, con il suo Museo all&#8217;aperto G\u00f6reme, \u00e8 una destinazione popolare per conoscere la ricca storia della regione. U\u00e7hisar, vicino al famoso Castello di U\u00e7hisar, offre una tregua pi\u00f9 tranquilla.<\/p>\n<p>Le tue preferenze di trasporto influenzeranno anche la scelta dell&#8217;alloggio. Dovresti scegliere gli hotel vicino alle strade principali se preferisci, un&#8217;auto a noleggio e i motel vicino alle fermate o agli snodi principali degli autobus se preferisci i trasporti pubblici. G\u00f6reme \u00e8 anche un luogo eccellente per un giro in mongolfiera.<\/p>\n<h2 id=\"t-1702560220791\"><strong>1. \u00dcrg\u00fcp: una miscela di tradizione e comfort<\/strong><\/h2>\n<p><span><img decoding=\"async\" alt=\"informazioni turistiche sulla cappadocia dove alloggiare\" data-id=\"7822\" width=\"702\" data-init-width=\"1000\" height=\"468\" data-init-height=\"667\" title=\"informazioni turistiche sulla cappadocia dove alloggiare\" src=\"https:\/\/cappadociatouristinformation.gen.tr\/wp-content\/uploads\/2024\/09\/cappadocia-tourist-information-hotels-2.jpg\" data-width=\"702\" data-height=\"468\" style=\"aspect-ratio: auto 1000 \/ 667;\" loading=\"lazy\"><\/span><\/p>\n<p>Se vuoi svegliarti la giornata con una vista straordinaria delle mongolfiere che fluttuano nel cielo, allora \u00dcrg\u00fcp \u00e8 il posto giusto per te.<\/p>\n<p>\u00dcrg\u00fcp, una citt\u00e0 della Cappadocia, \u00e8 nota per le sue caratteristiche geologiche, tra cui i camini delle fate, le abitazioni rupestri e le surreali formazioni rocciose. La sua ricca storia risale ai tempi antichi e comprende chiese rupestri e insediamenti monastici.<\/p>\n<p>Gli esclusivi hotel rupestri di \u00dcrg\u00fcp offrono un&#8217;esperienza unica, che spazia dalle lussuose suite alle camere economiche. La citt\u00e0 \u00e8 anche una base per esplorare i paesaggi della Cappadocia, tra cui la valle di G\u00f6reme, Pasabag e la valle di Devrent, con i giri in mongolfiera che sono un modo popolare per ammirare il paesaggio surreale della regione.<\/p>\n<h2 id=\"t-1702560220792\">2.&nbsp; <strong>U\u00e7hisar: dove la storia tocca il cielo<\/strong><\/h2>\n<p><span><img decoding=\"async\" alt=\"informazioni turistiche sulla cappadocia dove alloggiare\" data-id=\"7823\" width=\"702\" data-init-width=\"1000\" height=\"468\" data-init-height=\"667\" title=\"informazioni turistiche sulla cappadocia dove alloggiare\" src=\"https:\/\/cappadociatouristinformation.gen.tr\/wp-content\/uploads\/2024\/09\/cappadocia-tourist-information-hotel-1.jpg\" data-width=\"702\" data-height=\"468\" style=\"aspect-ratio: auto 1000 \/ 667;\" loading=\"lazy\"><\/span><\/p>\n<p>U\u00e7hisar, nel mezzo della Cappadocia, \u00e8 una tappa obbligata per i turisti per la sua vicinanza a molte delle attrazioni pi\u00f9 affascinanti della regione.<\/p>\n<p>Il castello di U\u00e7hisar, un&#8217;imponente formazione rocciosa naturale, \u00e8 una destinazione popolare in Cappadocia e offre viste panoramiche sui paesaggi surreali della regione. La posizione elevata del castello offre viste spettacolari e pittoresche, rendendolo un paradiso per fotografi e viaggiatori. Gli hotel nelle grotte della zona offrono le esperienze pi\u00f9 uniche nel paesaggio e nella storia della Cappadocia.<\/p>\n<p>Sentieri escursionistici, come Pigeon Valley e Love Valley, offrono l&#8217;opportunit\u00e0 di esplorare le meraviglie naturali della regione. Pigeon Valley, che prende il nome dalle migliaia di piccioni che un tempo vivevano l\u00ec, \u00e8 un bellissimo posto per piacevoli escursioni o passeggiate. I giri in mongolfiera offrono un&#8217;esperienza indimenticabile della bellezza surreale della Cappadocia.<\/p>\n<p>I punti salienti della zona sono le esperienze culturali, tra cui la cucina tradizionale turca, lo shopping e l&#8217;interazione con la gente locale ospitale. Love Valley, con le sue formazioni rocciose uniche, \u00e8 un luogo popolare per la fotografia e l&#8217;escursionismo.<\/p>\n<h2 id=\"t-1702560220793\"><strong>3. G\u00f6reme: il cuore della Cappadocia<\/strong><\/h2>\n<p><span><img decoding=\"async\" alt=\"informazioni turistiche sulla cappadocia dove alloggiare\" data-id=\"7824\" width=\"702\" data-init-width=\"1000\" height=\"468\" data-init-height=\"667\" title=\"informazioni turistiche sulla cappadocia dove alloggiare\" src=\"https:\/\/cappadociatouristinformation.gen.tr\/wp-content\/uploads\/2024\/09\/cappadocia-tourist-information-hotels-1-1.jpg\" data-width=\"702\" data-height=\"468\" style=\"aspect-ratio: auto 1000 \/ 667;\" loading=\"lazy\"><\/span><\/p>\n<p>G\u00f6reme in Cappadocia ospita un&#8217;ampia selezione di opzioni di alloggio possono che soddisfare gusti diversi e fasce di budget. G\u00f6reme \u00e8 uno dei siti turistici pi\u00f9 popolari della zona circostante e, come racconto, offre un&#8217;ampia variet\u00e0 di alloggi, ognuno dei quali ha un fascino speciale.<\/p>\n<p>Gli hotel nelle grotte di G\u00f6reme offrono un&#8217;esperienza unica e coinvolgente con pareti in pietra naturale e soffitti ad arco. Queste sistemazioni sono splendidamente progettate e dotate di comfort moderni, offrendo comfort e lusso.<\/p>\n<p>Gli ospiti possono godere di una vista mozzafiato sulle valli circostanti e sui camini delle fate. L&#8217;architettura unica delle sistemazioni nelle grotte integra perfettamente i comfort moderni con le formazioni rocciose naturali, creando un&#8217;atmosfera unica. Le suite e le camere della grotta sono progettate con cura, fondendo elementi tradizionali con comfort contemporanei.<\/p>\n<p>Alcuni alloggi offrono esperienze speciali come spettacoli notturni turchi e dimostrazioni culturali. \u00c8 inoltre disponibile un facile accesso ad attrazioni come il Museo all&#8217;aperto di G\u00f6reme e ai negozi.<\/p>\n<h2 id=\"t-1702560220794\"><strong>4. Avanos: il polo artistico<\/strong><\/h2>\n<p><span><img decoding=\"async\" alt=\"informazioni turistiche sulla cappadocia dove alloggiare\" data-id=\"7825\" width=\"702\" data-init-width=\"1000\" height=\"468\" data-init-height=\"667\" title=\"informazioni turistiche sulla cappadocia dove alloggiare\" src=\"https:\/\/cappadociatouristinformation.gen.tr\/wp-content\/uploads\/2024\/09\/cappadocia-tourist-information-where-to-stay-3.jpg\" data-width=\"702\" data-height=\"468\" style=\"aspect-ratio: auto 1000 \/ 667;\" loading=\"lazy\"><\/span><\/p>\n<p>Avanos, una citt\u00e0 della Cappadocia, offre una miscela unica di alloggi tradizionali e moderni. Gli hotel nelle caverne e le locande boutique sono scavati nella roccia tenera, offrendo una miscela di elementi tradizionali e comfort moderni. Avanos \u00e8 anche noto per i suoi laboratori di ceramica, che offrono opportunit\u00e0 per attivit\u00e0 di lavorazione della ceramica e visite guidate.<\/p>\n<p>Oltre alla ceramica, Avanos tesse tappeti. Puoi visitare negozi e laboratori di tappeti locali per vedere e acquistare squisiti tappeti e kilim fatti a mano.<\/p>\n<p>Avanos offre una variet\u00e0 di sistemazioni adatte a diversi budget. Che tu stia cercando una pensione pi\u00f9 economica o un boutique hotel in una grotta, puoi trovare opzioni che soddisfano le tue preferenze e la tua fascia di prezzo.<\/p>\n<p>Avanos \u00e8 ben posizionato per esplorare le attrazioni locali, tra cui il fiume K\u0131z\u0131l\u0131rmak, il centro storico e il Ponte sul Fiume Rosso. Anche alcune sistemazioni offrono viste panoramiche sul fiume K\u0131z\u0131l\u0131rmak e splendide valli circostanti.<\/p>\n<p><span><img decoding=\"async\" alt=\"informazioni turistiche sulla cappadocia dove alloggiare\" data-id=\"7826\" width=\"702\" data-init-width=\"1000\" height=\"468\" data-init-height=\"667\" title=\"informazioni turistiche sulla cappadocia dove alloggiare\" src=\"https:\/\/cappadociatouristinformation.gen.tr\/wp-content\/uploads\/2024\/09\/Cappadocia-tourist-information-pool-1-1-1.jpg\" data-width=\"702\" data-height=\"468\" style=\"aspect-ratio: auto 1000 \/ 667;\" loading=\"lazy\"><\/span><\/p>\n<p>In conclusione, proprio come ovunque nel mondo, la scelta della localit\u00e0 in Cappadocia pu\u00f2 fare una differenza significativa nella tua esperienza di viaggio. Prenditi un momento per riflettere su ci\u00f2 che apprezzi di pi\u00f9 in ci\u00f2 che ti circonda, sui tuoi rituali mattutini e sul tuo mezzo di trasporto preferito.<\/p>\n<p>Considerando questi fattori, puoi sfruttare al meglio la tua visita in questa magica terra di camini delle fate, abitazioni rupestri e mongolfiere. Che tu scelga G\u00f6reme, \u00dcrg\u00fcp, Avanos o qualsiasi altra affascinante citt\u00e0 della Cappadocia, ti aspetta un&#8217;avventura davvero indimenticabile.<\/p>\n<h3 style=\"\" id=\"t-1702560220795\" data-hide=\"true\">Articoli Correlati<\/h3>\n<p><a href=\"https:\/\/cappadociatouristinformation.gen.tr\/it\/cose-da-fare\/cappadocia-in-inverno\/\" dynamic-postlink=\"tcb_post_the_permalink\" data-shortcode-id=\"2620\"><\/a><\/p>\n<h3 style=\"text-align: center; padding-top: 0px !important; margin-top: 0px !important;\" id=\"t-1725633295603\" data-hide=\"true\"><span data-attr-link=\"1\" data-attr-rel=\"0\" data-attr-target=\"0\" data-extra_key=\"\" data-option-inline=\"1\" data-shortcode=\"tcb_post_title\" data-shortcode-name=\"Post title\" data-attr-css=\"\" data-attr-static-link=\"{&quot;className&quot;:&quot;&quot;,&quot;href&quot;:&quot;https:\/\/cappadociatouristinformation.gen.tr\/it\/cose-da-fare\/cappadocia-in-inverno\/&quot;,&quot;title&quot;:&quot;10 Cose da Fare in Cappadocia in Inverno&quot;,&quot;class&quot;:&quot;&quot;}\" style=\"\"><a href=\"https:\/\/cappadociatouristinformation.gen.tr\/it\/cose-da-fare\/cappadocia-in-inverno\/\" title=\"10 Cose da Fare in Cappadocia in Inverno\" data-css=\"\">10 Cose da Fare in Cappadocia in Inverno<\/a><\/span><\/h3>\n<p><a href=\"https:\/\/cappadociatouristinformation.gen.tr\/it\/cose-da-fare\/cappadocia-in-inverno\/\" style=\"\"><span style=\"\"><span style=\"\">Per saperne di pi\u00f9<\/span><\/span><\/a><a href=\"https:\/\/cappadociatouristinformation.gen.tr\/it\/cose-da-fare\/musei-in-cappadocia\/\" dynamic-postlink=\"tcb_post_the_permalink\" data-shortcode-id=\"2620\"><\/a><\/p>\n<h3 style=\"text-align: center; padding-top: 0px !important; margin-top: 0px !important;\" id=\"t-1725633295603\" data-hide=\"true\"><span data-attr-link=\"1\" data-attr-rel=\"0\" data-attr-target=\"0\" data-extra_key=\"\" data-option-inline=\"1\" data-shortcode=\"tcb_post_title\" data-shortcode-name=\"Post title\" data-attr-css=\"\" data-attr-static-link=\"{&quot;className&quot;:&quot;&quot;,&quot;href&quot;:&quot;https:\/\/cappadociatouristinformation.gen.tr\/it\/cose-da-fare\/cappadocia-in-inverno\/&quot;,&quot;title&quot;:&quot;10 Cose da Fare in Cappadocia in Inverno&quot;,&quot;class&quot;:&quot;&quot;}\" style=\"\"><a href=\"https:\/\/cappadociatouristinformation.gen.tr\/it\/cose-da-fare\/musei-in-cappadocia\/\" title=\"10 musei in Cappadocia \u2013 Musei pi\u00f9 votati\" data-css=\"\">10 musei in Cappadocia \u2013 Musei pi\u00f9 votati<\/a><\/span><\/h3>\n<p><a href=\"https:\/\/cappadociatouristinformation.gen.tr\/it\/cose-da-fare\/musei-in-cappadocia\/\" style=\"\"><span style=\"\"><span style=\"\">Per saperne di pi\u00f9<\/span><\/span><\/a><a href=\"https:\/\/cappadociatouristinformation.gen.tr\/it\/cose-da-fare\/con-bambini\/\" dynamic-postlink=\"tcb_post_the_permalink\" data-shortcode-id=\"2620\"><\/a><\/p>\n<h3 style=\"text-align: center; padding-top: 0px !important; margin-top: 0px !important;\" id=\"t-1725633295603\" data-hide=\"true\"><span data-attr-link=\"1\" data-attr-rel=\"0\" data-attr-target=\"0\" data-extra_key=\"\" data-option-inline=\"1\" data-shortcode=\"tcb_post_title\" data-shortcode-name=\"Post title\" data-attr-css=\"\" data-attr-static-link=\"{&quot;className&quot;:&quot;&quot;,&quot;href&quot;:&quot;https:\/\/cappadociatouristinformation.gen.tr\/it\/cose-da-fare\/cappadocia-in-inverno\/&quot;,&quot;title&quot;:&quot;10 Cose da Fare in Cappadocia in Inverno&quot;,&quot;class&quot;:&quot;&quot;}\" style=\"\"><a href=\"https:\/\/cappadociatouristinformation.gen.tr\/it\/cose-da-fare\/con-bambini\/\" title=\"15 Cose Migliori da Fare in Cappadocia Con Bambini\" data-css=\"\">15 Cose Migliori da Fare in Cappadocia Con Bambini<\/a><\/span><\/h3>\n<p><a href=\"https:\/\/cappadociatouristinformation.gen.tr\/it\/cose-da-fare\/con-bambini\/\" style=\"\"><span style=\"\"><span style=\"\">Per saperne di pi\u00f9<\/span><\/span><\/a><a href=\"https:\/\/cappadociatouristinformation.gen.tr\/it\/organizza-il-tuo-viaggio-in-cappadocia\/itinerario-tre-giorni\/\" dynamic-postlink=\"tcb_post_the_permalink\" data-shortcode-id=\"2620\"><\/a><\/p>\n<h3 style=\"text-align: center; padding-top: 0px !important; margin-top: 0px !important;\" id=\"t-1725633295603\" data-hide=\"true\"><span data-attr-link=\"1\" data-attr-rel=\"0\" data-attr-target=\"0\" data-extra_key=\"\" data-option-inline=\"1\" data-shortcode=\"tcb_post_title\" data-shortcode-name=\"Post title\" data-attr-css=\"\" data-attr-static-link=\"{&quot;className&quot;:&quot;&quot;,&quot;href&quot;:&quot;https:\/\/cappadociatouristinformation.gen.tr\/it\/cose-da-fare\/cappadocia-in-inverno\/&quot;,&quot;title&quot;:&quot;10 Cose da Fare in Cappadocia in Inverno&quot;,&quot;class&quot;:&quot;&quot;}\" style=\"\"><a href=\"https:\/\/cappadociatouristinformation.gen.tr\/it\/organizza-il-tuo-viaggio-in-cappadocia\/itinerario-tre-giorni\/\" title=\"Itinerario di 3 Giorni in Cappadocia: Il miglior itinerario di 3 giorni per principianti in Cappadocia [Con biglietti]\" data-css=\"\">Itinerario di 3 Giorni in Cappadocia: Il miglior itinerario di 3 giorni per principianti in Cappadocia [Con biglietti]<\/a><\/span><\/h3>\n<p><a href=\"https:\/\/cappadociatouristinformation.gen.tr\/it\/organizza-il-tuo-viaggio-in-cappadocia\/itinerario-tre-giorni\/\" style=\"\"><span style=\"\"><span style=\"\">Per saperne di pi\u00f9<\/span><\/span><\/a><\/p>\n","protected":false},"excerpt":{"rendered":"<p>Con i consigli dei nostri esperti su dove alloggiare in Cappadocia, trascorrerai un soggiorno fantastico nello straordinario scenario di questo paese delle meraviglie turco. L&#8217;hotel che sceglierai in Cappadocia avr\u00e0 senza dubbio un impatto sull&#8217;intero viaggio. Quando si pianifica una vacanza in un&#8217;ampia regione geografica come la Cappadocia, i fattori pi\u00f9 essenziali da considerare sono [&hellip;]<\/p>\n","protected":false},"author":2,"featured_media":3182,"parent":2496,"menu_order":0,"comment_status":"closed","ping_status":"closed","template":"","meta":{"footnotes":""},"categories":[],"tags":[75,74],"class_list":["post-3014","page","type-page","status-publish","has-post-thumbnail","hentry","tag-cappadocia-hotels-it","tag-dove-alloggiare-in-cappadocia","post-wrapper","thrv_wrapper"],"_links":{"self":[{"href":"https:\/\/cappadociatouristinformation.gen.tr\/it\/wp-json\/wp\/v2\/pages\/3014","targetHints":{"allow":["GET"]}}],"collection":[{"href":"https:\/\/cappadociatouristinformation.gen.tr\/it\/wp-json\/wp\/v2\/pages"}],"about":[{"href":"https:\/\/cappadociatouristinformation.gen.tr\/it\/wp-json\/wp\/v2\/types\/page"}],"author":[{"embeddable":true,"href":"https:\/\/cappadociatouristinformation.gen.tr\/it\/wp-json\/wp\/v2\/users\/2"}],"replies":[{"embeddable":true,"href":"https:\/\/cappadociatouristinformation.gen.tr\/it\/wp-json\/wp\/v2\/comments?post=3014"}],"version-history":[{"count":8,"href":"https:\/\/cappadociatouristinformation.gen.tr\/it\/wp-json\/wp\/v2\/pages\/3014\/revisions"}],"predecessor-version":[{"id":3379,"href":"https:\/\/cappadociatouristinformation.gen.tr\/it\/wp-json\/wp\/v2\/pages\/3014\/revisions\/3379"}],"up":[{"embeddable":true,"href":"https:\/\/cappadociatouristinformation.gen.tr\/it\/wp-json\/wp\/v2\/pages\/2496"}],"wp:featuredmedia":[{"embeddable":true,"href":"https:\/\/cappadociatouristinformation.gen.tr\/it\/wp-json\/wp\/v2\/media\/3182"}],"wp:attachment":[{"href":"https:\/\/cappadociatouristinformation.gen.tr\/it\/wp-json\/wp\/v2\/media?parent=3014"}],"wp:term":[{"taxonomy":"category","embeddable":true,"href":"https:\/\/cappadociatouristinformation.gen.tr\/it\/wp-json\/wp\/v2\/categories?post=3014"},{"taxonomy":"post_tag","embeddable":true,"href":"https:\/\/cappadociatouristinformation.gen.tr\/it\/wp-json\/wp\/v2\/tags?post=3014"}],"curies":[{"name":"wp","href":"https:\/\/api.w.org\/{rel}","templated":true}]}}