{"id":3329,"date":"2024-09-02T16:19:55","date_gmt":"2024-09-02T16:19:55","guid":{"rendered":"https:\/\/cappadociatouristinformation.gen.tr\/cose-da-fare\/festivals-in-cappadocia\/"},"modified":"2024-10-03T13:41:05","modified_gmt":"2024-10-03T13:41:05","slug":"festival-in-cappadocia","status":"publish","type":"page","link":"https:\/\/cappadociatouristinformation.gen.tr\/it\/cose-da-fare\/festival-in-cappadocia\/","title":{"rendered":"La Guida Definitiva ai Festival in Cappadocia: Vivi Cultura e Intrattenimento"},"content":{"rendered":"<p dir=\"ltr\">La Cappadocia \u00e8 una localit\u00e0 della Turchia che attrae turisti da tutto il mondo grazie ai suoi <strong>paesaggi bizzarri<\/strong> e alla <strong>sua ricca storia culturale.<\/strong><\/p>\n<p dir=\"ltr\">La Cappadocia \u00e8 famosa per i suoi viaggi in mongolfiera, i camini da favola e le case-grotta. \u00c8 anche un luogo vivace dove i festival onorano la sua <strong>storia, arte e tradizioni uniche. &nbsp;<\/strong><\/p>\n<p dir=\"ltr\">Questa zona ospita una serie di eventi che mettono in risalto la sua bellezza naturale e il suo spirito artistico, tra cui l&#8217;affascinante <strong>Festival internazionale delle mongolfiere della Cappadocia<\/strong> , l&#8217;affascinante <strong>Cappadox Festival<\/strong> e <strong>Harvest Festival<\/strong> e la <strong>Runfire Cappadocia Ultra Marathon.<\/strong><\/p>\n<p dir=\"ltr\">Inoltre, piccoli e grandi gruppi si organizzano durante tutto l&#8217;anno <strong>numerose feste e attivit\u00e0 spirituali praticamente in ogni parte della Cappadocia.<\/strong><\/p>\n<p dir=\"ltr\">Scopri i festival pi\u00f9 interessanti della Cappadocia, dove le festivit\u00e0 moderne si fondono con le usanze secolari per creare un&#8217;esperienza che sar\u00e0 ricordata per sempre.<\/p>\n<h2 id=\"t-1725294033046\"><strong>1. Festival delle mongolfiere della Cappadocia e percorso culturale Festival in Cappadocia<\/strong><\/h2>\n<p><span><img decoding=\"async\" alt=\"festival delle mongolfiere cappadocia\" data-id=\"9722\" width=\"702\" data-init-width=\"2560\" height=\"560\" data-init-height=\"2043\" title=\"festival delle mongolfiere cappadocia\" loading=\"lazy\" src=\"https:\/\/cappadociatouristinformation.gen.tr\/wp-content\/uploads\/2024\/09\/hot-air-balloons-over-rocks-2023-12-27-22-59-43-utc-scaled-1.jpg\" data-width=\"702\" data-height=\"560\" style=\"aspect-ratio: auto 2560 \/ 2043;\"><\/span><\/p>\n<p dir=\"ltr\"><strong>Il Cappadocia Hot Air Balloon Festival 2024<\/strong> si terr\u00e0 dal <strong>3 all&#8217;11 agosto<\/strong> e avr\u00e0 eventi che dureranno <strong>circa 9 giorni. <\/strong><strong>Durante questo festival gratuito,<\/strong> i visitatori della zona potranno ammirare le abili esibizioni dei piloti di mongolfiere che decoreranno il cielo con palloncini luminosi e interessanti. Il Cappadocia Balloon Festival di quest&#8217;anno <strong>sar\u00e0 pi\u00f9 di semplici spettacoli<\/strong> . Saranno inclusi <strong>eventi, musica e altre attivit\u00e0 sociali.<\/strong><\/p>\n<p dir=\"ltr\">Durante i concerti tenuti durante il <strong>Cappadocia Hot Air Balloon Festival e il Culture Trail Festival<\/strong> (Kapadokya K\u00fclt\u00fcr Yolu Festivali), che unisce i due eventi, artisti e musicisti locali mettono in mostra la ricca storia culturale della zona.&nbsp;<\/p>\n<p dir=\"ltr\">L&#8217;evento prevede tante cose diverse, <strong>come <\/strong><strong>mercatini dell&#8217;artigianato, mostre d&#8217;arte<\/strong> e stand gastronomici con piatti tradizionali della Cappadocia e di Nevsehir.<\/p>\n<p>Non dimenticare di <a href=\"https:\/\/www.mgm.gov.tr\/tahmin\/il-ve-ilceler.aspx?il=Nev\u015fehir&amp;ilce=G\u00f6reme%20Kapadokya\" target=\"_blank\" rel=\"nofollow noopener\" style=\"outline: currentcolor;\">controllare le previsioni meteo<\/a> prima della tua visita.<\/p>\n<h2 id=\"t-1725294033047\"><strong>2. Festival della&nbsp;<\/strong><strong>Cappadox&nbsp;<\/strong><\/h2>\n<p><span><img decoding=\"async\" alt=\"Informazioni turistiche sulla festa del Cappadox in Cappadocia.\" data-id=\"9743\" width=\"702\" data-init-width=\"1000\" height=\"468\" data-init-height=\"667\" title=\"Festival Cappadox informazioni turistiche sulla cappadocia\" loading=\"lazy\" src=\"https:\/\/cappadociatouristinformation.gen.tr\/wp-content\/uploads\/2024\/09\/Cappadox-festival-cappadociatouristinformation.jpg\" data-width=\"702\" data-height=\"468\" style=\"aspect-ratio: auto 1000 \/ 667;\"><\/span><\/p>\n<p dir=\"ltr\"><strong>Il Cappadox Festival 2024<\/strong> si terr\u00e0 in Cappadocia, Turchia, dal <strong>23 al 26 maggio.<\/strong> Ambientato negli splendidi dintorni della Cappadocia, questo festival multidisciplinare di <strong>musica, arte moderna, cibo e attivit\u00e0 all&#8217;aperto<\/strong> offre un&#8217;esperienza culturale unica dal 2015.<\/p>\n<p dir=\"ltr\">Il <strong>festival di 4 giorni<\/strong> presenta diversi <strong>spettacoli ed eventi<\/strong> . <strong>Mostre d&#8217;arte, escursioni nella natura e cibo gourmet di chef locali e internazionali<\/strong> completeranno le esibizioni musicali.<\/p>\n<p dir=\"ltr\">Cappadox unisce la bellezza naturale e il significato storico della Cappadocia con l&#8217;arte e la musica innovativa per creare un sovraccarico sensoriale completo. \u00c8 organizzato da Pozitif, una famosa attivit\u00e0 di intrattenimento turco nota per i grandi eventi e festival.<\/p>\n<p>Se desideri unirti al <strong>tour in mongolfiera<\/strong> durante il tuo soggiorno in Cappadocia, puoi <strong>ottenere informazioni dettagliate sui biglietti per il volo in mongolfiera <\/strong><a href=\"https:\/\/cappadocia-hot-air-balloon-tickets.com\" target=\"_blank\" style=\"outline: currentcolor;\" rel=\"noopener\">tramite questo link<\/a> .<\/p>\n<h2 id=\"t-1725294033048\"><strong>3. Festival Della Dastronomia Della Cappadocia<\/strong><\/h2>\n<p><span><img decoding=\"async\" alt=\"Festival gastronomici in Cappadocia\" data-id=\"9748\" width=\"702\" data-init-width=\"2560\" height=\"468\" data-init-height=\"1707\" title=\"Festival gastronomici in Cappadocia\" loading=\"lazy\" src=\"https:\/\/cappadociatouristinformation.gen.tr\/wp-content\/uploads\/2024\/09\/Gastronomy-festivals-in-cappadocia-scaled-1.jpg\" data-width=\"702\" data-height=\"468\" style=\"aspect-ratio: auto 2560 \/ 1707;\"><\/span><\/p>\n<p dir=\"ltr\"><strong>Il Festival della gastronomia della Cappadocia<\/strong> (Kapadokya Gastronomi Festivali) <strong>2024,<\/strong> noto anche come <strong>&#8220;Tavole di primavera in Cappadocia&#8221;,<\/strong> inizier\u00e0 il <strong>5 maggio<\/strong> e celebrer\u00e0 il ricco e diversificato patrimonio culinario della Cappadocia.&nbsp;<\/p>\n<p dir=\"ltr\">Il festival \u00e8 organizzato dal <strong>governatorato di Nev\u015fehir<\/strong> e <strong>dall&#8217;Universit\u00e0 della Cappadocia<\/strong> e offre agli studenti di gastronomia locale e ai rinomati chef un&#8217;opportunit\u00e0 <strong>unica per mettere in mostra il proprio talento<\/strong> .<\/p>\n<p dir=\"ltr\">I partecipanti possono gustare <strong>piatti tradizionali<\/strong> migliorati con tecniche attuali che rappresentano i sapori e il patrimonio distintivi della regione. Il festival di quest&#8217;anno ti consente di assaporare i sapori della Cappadocia e di immergerti nel suo retaggio culturale.&nbsp;<\/p>\n<h2 id=\"t-1725294033049\"><strong>4. MilyonFest<\/strong><\/h2>\n<p><span><img decoding=\"async\" alt=\"Festival Milyonfest in Cappadocia\" data-id=\"9726\" width=\"702\" data-init-width=\"2560\" height=\"468\" data-init-height=\"1707\" title=\"festival in cappadocia\" loading=\"lazy\" src=\"https:\/\/cappadociatouristinformation.gen.tr\/wp-content\/uploads\/2024\/09\/crowds-enjoying-themselves-at-outdoor-music-festiv-2023-11-27-05-20-25-utc-scaled-1.jpg\" data-width=\"702\" data-height=\"468\" style=\"aspect-ratio: auto 2560 \/ 1707;\"><\/span><\/p>\n<p dir=\"ltr\"><strong>MilyonFest Cappadocia 2024<\/strong> \u00e8 un festival musicale ampiamente atteso, ambientato nello splendido paesaggio della Cappadocia, in Turchia. Questo festival, che si terr\u00e0 dal <strong>16 al 19 maggio 2024,<\/strong> offre un elenco eccezionale di artisti rock e alternativi turchi popolari, oltre a una variet\u00e0 di eventi di intrattenimento.<\/p>\n<p>Milyon Yap\u0131m organizza l&#8217;evento, che fa parte di una serie di Milyon Fest condotti in tutta la Turchia ed \u00e8 riconosciuto per la sua<strong> atmosfera colorata<\/strong><strong> e i vari spettacoli musicali<\/strong> . I partecipanti possono aspettarsi un <strong>mix di eventi musicali dal vivo, esperienze di campeggio<\/strong> e la rara opportunit\u00e0 di esplorare i rinomati paesaggi della Cappadocia, come i camini delle fate e le case-grotta.<\/p>\n<h2 id=\"t-1725294033050\"><strong>5. Festa del Raccolto di \u00dcrg\u00fcp<\/strong><\/h2>\n<p><span><img decoding=\"async\" alt=\"feste del raccolto in cappadocia\" data-id=\"9728\" width=\"702\" data-init-width=\"7957\" height=\"452\" data-init-height=\"5124\" title=\"feste del raccolto in cappadocia\" loading=\"lazy\" src=\"https:\/\/cappadociatouristinformation.gen.tr\/wp-content\/uploads\/2024\/09\/harvest-festivals-in-cappadocia.jpg\" data-width=\"702\" data-height=\"452\" style=\"aspect-ratio: auto 7957 \/ 5124;\"><\/span><\/p>\n<p><strong>Il Festival della vendemmia di \u00dcrg\u00fcp in Cappadocia<\/strong>  &nbsp;\u00e8 un amato evento annuale che mette in risalto la ricca tradizione vitivinicola della regione. Gli amanti del vino e del cibo potranno godersi questo festival a&nbsp;  <strong>met\u00e0 settembre 2024.<\/strong><\/p>\n<p>Il festival di \u00dcrg\u00fcp inizia con un&#8217;elaborata <strong>&nbsp;processione&nbsp;<\/strong> e continua con&nbsp;  <strong>danze popolari, spettacoli di luci e musica notturna.<\/strong>  &nbsp;I visitatori possono raccogliere l&#8217;uva dai vigneti e assaggiare i vini locali. La pigiatura dell&#8217;uva,&nbsp;  <strong>il pekmez, una prelibatezza locale, e la produzione di sciroppo d&#8217;uva sono inclusi&nbsp;<\/strong> nel festival.<\/p>\n<p>La celebrazione onora il raccolto e&nbsp;  <strong>la storia della vinificazione ittita e bizantina della Cappadocia.<\/strong> All&#8217;evento, puoi assaggiare i vini della regione e sperimentare musica, danza e cucina locale.<\/p>\n<h2 id=\"t-1725294033051\"><strong>6. Il Festival Ittita della Cappadocia<\/strong><\/h2>\n<p><span><img decoding=\"async\" alt=\"Feste ittite in Cappadocia\" data-id=\"9730\" width=\"702\" data-init-width=\"2560\" height=\"468\" data-init-height=\"1707\" title=\"Feste ittite in Cappadocia\" loading=\"lazy\" src=\"https:\/\/cappadociatouristinformation.gen.tr\/wp-content\/uploads\/2024\/09\/young-women-with-textile-on-stone-2023-11-27-04-58-46-utc-scaled-1.jpg\" data-width=\"702\" data-height=\"468\" style=\"aspect-ratio: auto 2560 \/ 1707;\"><\/span><\/p>\n<p><strong>Il Cappadocia Hittite Festival 2024<\/strong>  &nbsp;celebrer\u00e0 l&#8217;antica cultura ittita della Turchia.&nbsp;  <strong>A fine agosto,<\/strong>  &nbsp;i siti storici della Cappadocia ospiteranno questa celebrazione.<\/p>\n<p>L&#8217;Hittite Festival offrir\u00e0 una variet\u00e0 di attivit\u00e0 che coinvolgono gli ospiti nella cultura ittita. I punti salienti includono <strong>simulazioni della vita ittita e di eventi importanti,<\/strong>  &nbsp;nonch\u00e9&nbsp;  <strong>musica e danza tradizionali<\/strong> . I visitatori possono anche vedere&nbsp;  <strong>manufatti ittiti<\/strong> , che rivelano l&#8217;arte, la religione e la societ\u00e0 di questa antica civilt\u00e0.<\/p>\n<p>Il festival comprender\u00e0 anche workshop interattivi e lezioni tenute da storici e archeologi per aiutare <strong>&nbsp;i partecipanti a comprendere l&#8217; <\/strong>&nbsp;<strong>impatto dell&#8217;Impero Ittita sulla Cappadocia<\/strong> . Il festival celebra e preserva la cultura Ittita, educando tutte le et\u00e0.<\/p>\n<h2 id=\"t-1725294033052\"><strong>7. La Maratona Ultra Runfire Cappadocia<\/strong><\/h2>\n<p><span><img decoding=\"async\" alt=\"I festival della Runfire Cappadocia Ultra Marathon in Cappadocia\" data-id=\"9733\" width=\"702\" data-init-width=\"2560\" height=\"469\" data-init-height=\"1709\" title=\"I festival della Runfire Cappadocia Ultra Marathon in Cappadocia\" loading=\"lazy\" src=\"https:\/\/cappadociatouristinformation.gen.tr\/wp-content\/uploads\/2024\/09\/cappadocia-2023-11-27-05-25-41-utc-scaled-1.jpg\" data-width=\"702\" data-height=\"469\" style=\"aspect-ratio: auto 2560 \/ 1709;\"><\/span><\/p>\n<p><strong>La Runfire Cappadocia Ultra Marathon<\/strong>  &nbsp;\u00e8 una dura e spettacolare&nbsp;  <strong>ultramaratona di pi\u00f9 giorni <\/strong>&nbsp;<strong>dal 13 al 19 luglio 2024.<\/strong> Il&nbsp;  <strong>sito patrimonio mondiale dell&#8217;UNESCO della Cappadocia<\/strong> , in Turchia, ospita questo&nbsp;  evento internazionale&nbsp;  <strong>di 6 giorni che<\/strong><strong>copre 260 chilometri (<\/strong> 162 miglia).<\/p>\n<p>Correre attraverso&nbsp;  <strong>la Valle dei Piccioni<\/strong> , <strong>&nbsp;Ortahisar, <\/strong>&nbsp;<strong>G\u00f6reme, <\/strong>&nbsp;<strong>\u00dcrg\u00fcp<\/strong> ,&nbsp;  <strong>la Valle di Ihlara<\/strong> e&nbsp;  <strong>il Lago Tuz&nbsp;<\/strong> \u00e8 iconico. Ogni tappa della gara presenta&nbsp;  <strong>valli, saline, formazioni rocciose e attrazioni storiche<\/strong>  &nbsp;come <strong>&nbsp;chiese rupestri e citt\u00e0 sotterranee.<\/strong> La maratona inizia e si conclude a U\u00e7hisar, immergendo i corridoi nella grandiosit\u00e0 naturale e storica della Cappadocia.<\/p>\n<p>L&#8217;evento \u00e8 organizzato da Argos Culture &amp; Arts e accreditato dall&#8217;Ultra-Trail du Mont-Blanc, che assegna ai partecipanti punti che possono utilizzare per qualificarsi alle principali ultramaratone internazionali.<\/p>\n<p>Quest&#8217;anno la maratona metter\u00e0&nbsp;  <strong>alla prova i concorrenti&nbsp;<\/strong> con dislivelli che vanno dai&nbsp;  <strong>900 ai 1.700&nbsp;<\/strong> metri (dai 3.000 ai 5.600 piedi), rendendola una delle&nbsp;  <strong>ultramaratone pi\u00f9 impegnative al mondo.&nbsp;<\/strong><\/p>\n<p><span><img decoding=\"async\" alt=\"festival in cappadocia\" data-id=\"9737\" width=\"702\" data-init-width=\"1000\" height=\"468\" data-init-height=\"667\" title=\"festival in cappadocia\" loading=\"lazy\" src=\"https:\/\/cappadociatouristinformation.gen.tr\/wp-content\/uploads\/2024\/09\/shutterstock_2286799449.jpg\" data-width=\"702\" data-height=\"468\" style=\"aspect-ratio: auto 1000 \/ 667;\"><\/span><\/p>\n<p>Il vivace calendario dei festival della Cappadocia presenta un <strong>incantevole mix di musica, cultura, arte e storia,<\/strong>  &nbsp;assicurando ad ogni visitatore un&#8217;esperienza indimenticabile.&nbsp;<\/p>\n<p>Ogni evento in questa straordinaria regione, dal volo in mongolfiera sopra i camini delle fate alla degustazione di vini locali al&nbsp;  <strong>Grape Harvest Festival<\/strong>  &nbsp;fino all&#8217;esperienza&nbsp;  <strong>di antiche tradizioni<\/strong>  &nbsp;all&#8217;Hittite <strong>&nbsp;Festival<\/strong> , mette in mostra il suo fascino unico.&nbsp;  <strong>I festival in Cappadocia<\/strong>  &nbsp;mettono in risalto la sua straordinaria&nbsp;  <strong>bellezza naturale, la sua ricca cultura e la sua calda ospitalit\u00e0.&nbsp;<\/strong><\/p>\n<p><strong>Prima di visitare la Cappadocia<\/strong> , prenota in anticipo il tuo hotel, il festival ei tour delle mongolfiere e&nbsp;  <strong>i biglietti del festival <\/strong>&nbsp;<strong>per risparmiare tempo e denaro<\/strong> . Visitare questa magica regione \u00e8 ancora pi\u00f9 piacevole se pianifichi in anticipo per ottenere le migliori offerte e disponibilit\u00e0.<\/p>\n<p>Se non sei ancora sicuro <a href=\"https:\/\/cappadociatouristinformation.gen.tr\/hotels\/where-to-stay\/\" style=\"outline: currentcolor;\">di dove alloggiare,<\/a> prova a leggere i nostri articoli sui quartieri pi\u00f9 popolari della Cappadocia. Non dimenticare di scoprire di pi\u00f9 sulle <a href=\"https:\/\/cappadociatouristinformation.gen.tr\/guide\/cappadocia-hot-air-balloon\/\" style=\"outline: currentcolor;\">mongolfiere della Cappadocia.<\/a> Dai un&#8217;occhiata alle nostre utili guide sulla <a href=\"https:\/\/cappadociatouristinformation.gen.tr\/guide\/nightlife\/\" style=\"outline: currentcolor;\">vita notturna, <\/a><a href=\"https:\/\/cappadociatouristinformation.gen.tr\/guide\/restaurants\/\" style=\"outline: currentcolor;\">i ristoranti<\/a> e <a href=\"https:\/\/cappadociatouristinformation.gen.tr\/guide\/shopping\/\" style=\"outline: currentcolor;\">lo shopping della Cappadocia!!<\/a><\/p>\n<p>I festival della Cappadocia vi lasceranno ricordi indelebili, quindi segnateli sul calendario e fate le valigie!!!<\/p>\n<h3><strong>Articoli correlati:<\/strong><\/h3>\n<p><a href=\"https:\/\/cappadociatouristinformation.gen.tr\/it\/organizza-il-tuo-viaggio-in-cappadocia\/carta-sim-turca\/\" dynamic-postlink=\"tcb_post_the_permalink\" data-shortcode-id=\"593\"><\/a><\/p>\n<h3 style=\"text-align: center; padding-top: 0px !important; margin-top: 0px !important;\"><span data-attr-link=\"1\" data-attr-rel=\"0\" data-attr-target=\"0\" data-extra_key=\"\" data-option-inline=\"1\" data-shortcode=\"tcb_post_title\" data-shortcode-name=\"Post title\" data-attr-css=\"\" data-attr-static-link=\"{&quot;className&quot;:&quot;&quot;,&quot;href&quot;:&quot;https:\/\/cappadociatouristinformation.gen.tr\/it\/organizza-il-tuo-viaggio-in-cappadocia\/carta-sim-turca\/&quot;,&quot;title&quot;:&quot;Carta SIM Turca Per Turisti&quot;,&quot;class&quot;:&quot;&quot;}\" style=\"\"><a href=\"https:\/\/cappadociatouristinformation.gen.tr\/it\/organizza-il-tuo-viaggio-in-cappadocia\/carta-sim-turca\/\" title=\"Carta SIM Turca Per Turisti\" data-css=\"\">Carta SIM Turca Per Turisti<\/a><\/span><\/h3>\n<p><a href=\"https:\/\/cappadociatouristinformation.gen.tr\/it\/organizza-il-tuo-viaggio-in-cappadocia\/carta-sim-turca\/\" style=\"\"><span style=\"\"><span style=\"\">Per saperne di pi\u00f9<\/span><\/span><\/a><a href=\"https:\/\/cappadociatouristinformation.gen.tr\/it\/hotel\/\" dynamic-postlink=\"tcb_post_the_permalink\" data-shortcode-id=\"593\"><\/a><\/p>\n<h3 style=\"text-align: center; padding-top: 0px !important; margin-top: 0px !important;\"><span data-attr-link=\"1\" data-attr-rel=\"0\" data-attr-target=\"0\" data-extra_key=\"\" data-option-inline=\"1\" data-shortcode=\"tcb_post_title\" data-shortcode-name=\"Post title\" data-attr-css=\"\" data-attr-static-link=\"{&quot;className&quot;:&quot;&quot;,&quot;href&quot;:&quot;https:\/\/cappadociatouristinformation.gen.tr\/it\/organizza-il-tuo-viaggio-in-cappadocia\/carta-sim-turca\/&quot;,&quot;title&quot;:&quot;Carta SIM Turca Per Turisti&quot;,&quot;class&quot;:&quot;&quot;}\" style=\"\"><a href=\"https:\/\/cappadociatouristinformation.gen.tr\/it\/hotel\/\" title=\"Gli Hotel Pi\u00f9 Votati in Cappadocia: Grotta, Storico, Boutique\u2026\" data-css=\"\">Gli Hotel Pi\u00f9 Votati in Cappadocia: Grotta, Storico, Boutique\u2026<\/a><\/span><\/h3>\n<p><a href=\"https:\/\/cappadociatouristinformation.gen.tr\/it\/hotel\/\" style=\"\"><span style=\"\"><span style=\"\">Per saperne di pi\u00f9<\/span><\/span><\/a><a href=\"https:\/\/cappadociatouristinformation.gen.tr\/it\/organizza-il-tuo-viaggio-in-cappadocia\/carta-pass-musei\/\" dynamic-postlink=\"tcb_post_the_permalink\" data-shortcode-id=\"593\"><\/a><\/p>\n<h3 style=\"text-align: center; padding-top: 0px !important; margin-top: 0px !important;\"><span data-attr-link=\"1\" data-attr-rel=\"0\" data-attr-target=\"0\" data-extra_key=\"\" data-option-inline=\"1\" data-shortcode=\"tcb_post_title\" data-shortcode-name=\"Post title\" data-attr-css=\"\" data-attr-static-link=\"{&quot;className&quot;:&quot;&quot;,&quot;href&quot;:&quot;https:\/\/cappadociatouristinformation.gen.tr\/it\/organizza-il-tuo-viaggio-in-cappadocia\/carta-sim-turca\/&quot;,&quot;title&quot;:&quot;Carta SIM Turca Per Turisti&quot;,&quot;class&quot;:&quot;&quot;}\" style=\"\"><a href=\"https:\/\/cappadociatouristinformation.gen.tr\/it\/organizza-il-tuo-viaggio-in-cappadocia\/carta-pass-musei\/\" title=\"Il Miglior Carta Pass Musei Per la Cappadocia | Confronta Prezzi e Attivit\u00e0 Incluse\" data-css=\"\">Il Miglior Carta Pass Musei Per la Cappadocia | Confronta Prezzi e Attivit\u00e0 Incluse<\/a><\/span><\/h3>\n<p><a href=\"https:\/\/cappadociatouristinformation.gen.tr\/it\/organizza-il-tuo-viaggio-in-cappadocia\/carta-pass-musei\/\" style=\"\"><span style=\"\"><span style=\"\">Per saperne di pi\u00f9<\/span><\/span><\/a><a href=\"https:\/\/cappadociatouristinformation.gen.tr\/it\/cose-da-fare\/\" dynamic-postlink=\"tcb_post_the_permalink\" data-shortcode-id=\"593\"><\/a><\/p>\n<h3 style=\"text-align: center; padding-top: 0px !important; margin-top: 0px !important;\"><span data-attr-link=\"1\" data-attr-rel=\"0\" data-attr-target=\"0\" data-extra_key=\"\" data-option-inline=\"1\" data-shortcode=\"tcb_post_title\" data-shortcode-name=\"Post title\" data-attr-css=\"\" data-attr-static-link=\"{&quot;className&quot;:&quot;&quot;,&quot;href&quot;:&quot;https:\/\/cappadociatouristinformation.gen.tr\/it\/organizza-il-tuo-viaggio-in-cappadocia\/carta-sim-turca\/&quot;,&quot;title&quot;:&quot;Carta SIM Turca Per Turisti&quot;,&quot;class&quot;:&quot;&quot;}\" style=\"\"><a href=\"https:\/\/cappadociatouristinformation.gen.tr\/it\/cose-da-fare\/\" title=\"Le 50 Cose da Fare in Cappadocia [Con Biglietti]\" data-css=\"\">Le 50 Cose da Fare in Cappadocia [Con Biglietti]<\/a><\/span><\/h3>\n<p><a href=\"https:\/\/cappadociatouristinformation.gen.tr\/it\/cose-da-fare\/\" style=\"\"><span style=\"\"><span style=\"\">Per saperne di pi\u00f9<\/span><\/span><\/a><\/p>\n","protected":false},"excerpt":{"rendered":"<p>La Cappadocia \u00e8 una localit\u00e0 della Turchia che attrae turisti da tutto il mondo grazie ai suoi paesaggi bizzarri e alla sua ricca storia culturale. La Cappadocia \u00e8 famosa per i suoi viaggi in mongolfiera, i camini da favola e le case-grotta. \u00c8 anche un luogo vivace dove i festival onorano la sua storia, arte [&hellip;]<\/p>\n","protected":false},"author":4,"featured_media":3138,"parent":2463,"menu_order":0,"comment_status":"closed","ping_status":"closed","template":"","meta":{"footnotes":""},"categories":[],"tags":[107,108,109],"class_list":["post-3329","page","type-page","status-publish","has-post-thumbnail","hentry","tag-festivals-it","tag-plan-your-trip-to-cappadocia-it","tag-things-to-do-it","post-wrapper","thrv_wrapper"],"_links":{"self":[{"href":"https:\/\/cappadociatouristinformation.gen.tr\/it\/wp-json\/wp\/v2\/pages\/3329","targetHints":{"allow":["GET"]}}],"collection":[{"href":"https:\/\/cappadociatouristinformation.gen.tr\/it\/wp-json\/wp\/v2\/pages"}],"about":[{"href":"https:\/\/cappadociatouristinformation.gen.tr\/it\/wp-json\/wp\/v2\/types\/page"}],"author":[{"embeddable":true,"href":"https:\/\/cappadociatouristinformation.gen.tr\/it\/wp-json\/wp\/v2\/users\/4"}],"replies":[{"embeddable":true,"href":"https:\/\/cappadociatouristinformation.gen.tr\/it\/wp-json\/wp\/v2\/comments?post=3329"}],"version-history":[{"count":6,"href":"https:\/\/cappadociatouristinformation.gen.tr\/it\/wp-json\/wp\/v2\/pages\/3329\/revisions"}],"predecessor-version":[{"id":3401,"href":"https:\/\/cappadociatouristinformation.gen.tr\/it\/wp-json\/wp\/v2\/pages\/3329\/revisions\/3401"}],"up":[{"embeddable":true,"href":"https:\/\/cappadociatouristinformation.gen.tr\/it\/wp-json\/wp\/v2\/pages\/2463"}],"wp:featuredmedia":[{"embeddable":true,"href":"https:\/\/cappadociatouristinformation.gen.tr\/it\/wp-json\/wp\/v2\/media\/3138"}],"wp:attachment":[{"href":"https:\/\/cappadociatouristinformation.gen.tr\/it\/wp-json\/wp\/v2\/media?parent=3329"}],"wp:term":[{"taxonomy":"category","embeddable":true,"href":"https:\/\/cappadociatouristinformation.gen.tr\/it\/wp-json\/wp\/v2\/categories?post=3329"},{"taxonomy":"post_tag","embeddable":true,"href":"https:\/\/cappadociatouristinformation.gen.tr\/it\/wp-json\/wp\/v2\/tags?post=3329"}],"curies":[{"name":"wp","href":"https:\/\/api.w.org\/{rel}","templated":true}]}}