{"id":568,"date":"2024-09-02T11:37:53","date_gmt":"2024-09-02T11:37:53","guid":{"rendered":"https:\/\/cappadociatouristinformation.gen.tr\/?page_id=568"},"modified":"2025-07-01T06:42:43","modified_gmt":"2025-07-01T06:42:43","slug":"homepage-it","status":"publish","type":"page","link":"https:\/\/cappadociatouristinformation.gen.tr\/it\/","title":{"rendered":"Informazioni Turistiche Sulla Cappadocia: Vedi, Pianifica ed Esperienza"},"content":{"rendered":"<h2 style=\"text-align: center;\">Cosa posso fare in Cappadocia?<\/h2>\n<p style=\"text-align: center;\">Luoghi, attrazioni e musei<\/p>\n<h2><span data-attr-link=\"1\" data-attr-rel=\"0\" data-attr-target=\"0\" data-extra_key=\"\" data-option-inline=\"1\" data-shortcode=\"tcb_post_title\" data-shortcode-name=\"Post title\" data-attr-static-link=\"{&quot;className&quot;:&quot;&quot;,&quot;href&quot;:&quot;https:\/\/cappadociatouristinformation.gen.tr\/it\/cose-da-fare\/&quot;,&quot;title&quot;:&quot;Le 50 Cose da Fare in Cappadocia ((Con Biglietti))&quot;,&quot;class&quot;:&quot;&quot;}\" data-attr-css=\"\" style=\"\"><a href=\"https:\/\/cappadociatouristinformation.gen.tr\/it\/cose-da-fare\/\" title=\"Le 50 Cose da Fare in Cappadocia [Con Biglietti]\" data-css=\"\">Le 50 Cose da Fare in Cappadocia [Con Biglietti]<\/a><\/span><\/h2>\n<p><a href=\"https:\/\/cappadociatouristinformation.gen.tr\/it\/cose-da-fare\/cappadocia-in-inverno\/\" dynamic-postlink=\"tcb_post_the_permalink\" data-shortcode-id=\"2620\"><\/a><\/p>\n<h3 style=\"text-align: center; padding-top: 0px !important; margin-top: 0px !important;\"><span data-attr-link=\"1\" data-attr-rel=\"0\" data-attr-target=\"0\" data-extra_key=\"\" data-option-inline=\"1\" data-shortcode=\"tcb_post_title\" data-shortcode-name=\"Post title\" data-attr-css=\"\" data-attr-static-link=\"{&quot;className&quot;:&quot;&quot;,&quot;href&quot;:&quot;https:\/\/cappadociatouristinformation.gen.tr\/it\/cose-da-fare\/cappadocia-in-inverno\/&quot;,&quot;title&quot;:&quot;10 Cose da Fare in Cappadocia in Inverno&quot;,&quot;class&quot;:&quot;&quot;}\" style=\"\"><a href=\"https:\/\/cappadociatouristinformation.gen.tr\/it\/cose-da-fare\/cappadocia-in-inverno\/\" title=\"10 Cose da Fare in Cappadocia in Inverno\" data-css=\"\">10 Cose da Fare in Cappadocia in Inverno<\/a><\/span><\/h3>\n<p><a href=\"https:\/\/cappadociatouristinformation.gen.tr\/it\/cose-da-fare\/cappadocia-in-inverno\/\" style=\"\"><span style=\"\"><span style=\"\">Per saperne di pi\u00f9<\/span><\/span><\/a><a href=\"https:\/\/cappadociatouristinformation.gen.tr\/it\/cose-da-fare\/musei-in-cappadocia\/\" dynamic-postlink=\"tcb_post_the_permalink\" data-shortcode-id=\"2620\"><\/a><\/p>\n<h3 style=\"text-align: center; padding-top: 0px !important; margin-top: 0px !important;\"><span data-attr-link=\"1\" data-attr-rel=\"0\" data-attr-target=\"0\" data-extra_key=\"\" data-option-inline=\"1\" data-shortcode=\"tcb_post_title\" data-shortcode-name=\"Post title\" data-attr-css=\"\" data-attr-static-link=\"{&quot;className&quot;:&quot;&quot;,&quot;href&quot;:&quot;https:\/\/cappadociatouristinformation.gen.tr\/it\/cose-da-fare\/cappadocia-in-inverno\/&quot;,&quot;title&quot;:&quot;10 Cose da Fare in Cappadocia in Inverno&quot;,&quot;class&quot;:&quot;&quot;}\" style=\"\"><a href=\"https:\/\/cappadociatouristinformation.gen.tr\/it\/cose-da-fare\/musei-in-cappadocia\/\" title=\"10 musei in Cappadocia \u2013 Musei pi\u00f9 votati\" data-css=\"\">10 musei in Cappadocia \u2013 Musei pi\u00f9 votati<\/a><\/span><\/h3>\n<p><a href=\"https:\/\/cappadociatouristinformation.gen.tr\/it\/cose-da-fare\/musei-in-cappadocia\/\" style=\"\"><span style=\"\"><span style=\"\">Per saperne di pi\u00f9<\/span><\/span><\/a><a href=\"https:\/\/cappadociatouristinformation.gen.tr\/it\/cose-da-fare\/con-bambini\/\" dynamic-postlink=\"tcb_post_the_permalink\" data-shortcode-id=\"2620\"><\/a><\/p>\n<h3 style=\"text-align: center; padding-top: 0px !important; margin-top: 0px !important;\"><span data-attr-link=\"1\" data-attr-rel=\"0\" data-attr-target=\"0\" data-extra_key=\"\" data-option-inline=\"1\" data-shortcode=\"tcb_post_title\" data-shortcode-name=\"Post title\" data-attr-css=\"\" data-attr-static-link=\"{&quot;className&quot;:&quot;&quot;,&quot;href&quot;:&quot;https:\/\/cappadociatouristinformation.gen.tr\/it\/cose-da-fare\/cappadocia-in-inverno\/&quot;,&quot;title&quot;:&quot;10 Cose da Fare in Cappadocia in Inverno&quot;,&quot;class&quot;:&quot;&quot;}\" style=\"\"><a href=\"https:\/\/cappadociatouristinformation.gen.tr\/it\/cose-da-fare\/con-bambini\/\" title=\"15 Cose Migliori da Fare in Cappadocia Con Bambini\" data-css=\"\">15 Cose Migliori da Fare in Cappadocia Con Bambini<\/a><\/span><\/h3>\n<p><a href=\"https:\/\/cappadociatouristinformation.gen.tr\/it\/cose-da-fare\/con-bambini\/\" style=\"\"><span style=\"\"><span style=\"\">Per saperne di pi\u00f9<\/span><\/span><\/a><a href=\"javascript:void(0)\"><span style=\"\"><span style=\"\">Load More<\/span><\/span><\/a><\/p>\n<h2 style=\"text-align: center;\">Organizza un viaggio in Cappadocia<\/h2>\n<h2><span data-attr-link=\"1\" data-attr-rel=\"0\" data-attr-target=\"0\" data-extra_key=\"\" data-option-inline=\"1\" data-shortcode=\"tcb_post_title\" data-shortcode-name=\"Post title\" data-attr-static-link=\"{&quot;className&quot;:&quot;&quot;,&quot;href&quot;:&quot;https:\/\/cappadociatouristinformation.gen.tr\/it\/guida\/&quot;,&quot;title&quot;:&quot;Guida Alla Cultura Della Cappadocia&quot;,&quot;class&quot;:&quot;&quot;}\" data-attr-css=\"\"><a href=\"https:\/\/cappadociatouristinformation.gen.tr\/it\/guida\/\" title=\"Guida Alla Cultura Della Cappadocia\" data-css=\"\">Guida Alla Cultura Della Cappadocia<\/a><\/span><\/h2>\n<p><a href=\"javascript:void(0)\"><span style=\"\"><span style=\"\">Load More<\/span><\/span><\/a><a href=\"https:\/\/cappadociatouristinformation.gen.tr\/it\/organizza-il-tuo-viaggio-in-cappadocia\/carta-sim-turca\/\" dynamic-postlink=\"tcb_post_the_permalink\" data-shortcode-id=\"2855\"><\/a><\/p>\n<h3 style=\"text-align: center; padding-top: 0px !important; margin-top: 0px !important;\"><span data-attr-link=\"1\" data-attr-rel=\"0\" data-attr-target=\"0\" data-extra_key=\"\" data-option-inline=\"1\" data-shortcode=\"tcb_post_title\" data-shortcode-name=\"Post title\" data-attr-css=\"\" data-attr-static-link=\"{&quot;className&quot;:&quot;&quot;,&quot;href&quot;:&quot;https:\/\/cappadociatouristinformation.gen.tr\/it\/organizza-il-tuo-viaggio-in-cappadocia\/carta-sim-turca\/&quot;,&quot;title&quot;:&quot;Carta SIM Turca Per Turisti&quot;,&quot;class&quot;:&quot;&quot;}\" style=\"\"><a href=\"https:\/\/cappadociatouristinformation.gen.tr\/it\/organizza-il-tuo-viaggio-in-cappadocia\/carta-sim-turca\/\" title=\"Carta SIM Turca Per Turisti\" data-css=\"\">Carta SIM Turca Per Turisti<\/a><\/span><\/h3>\n<p><a href=\"https:\/\/cappadociatouristinformation.gen.tr\/it\/organizza-il-tuo-viaggio-in-cappadocia\/carta-sim-turca\/\" style=\"\"><span style=\"\"><span style=\"\">Per saperne di pi\u00f9<\/span><\/span><\/a><a href=\"https:\/\/cappadociatouristinformation.gen.tr\/it\/guida\/ristoranti\/\" dynamic-postlink=\"tcb_post_the_permalink\" data-shortcode-id=\"2855\"><\/a><\/p>\n<h3 style=\"text-align: center; padding-top: 0px !important; margin-top: 0px !important;\"><span data-attr-link=\"1\" data-attr-rel=\"0\" data-attr-target=\"0\" data-extra_key=\"\" data-option-inline=\"1\" data-shortcode=\"tcb_post_title\" data-shortcode-name=\"Post title\" data-attr-css=\"\" data-attr-static-link=\"{&quot;className&quot;:&quot;&quot;,&quot;href&quot;:&quot;https:\/\/cappadociatouristinformation.gen.tr\/it\/organizza-il-tuo-viaggio-in-cappadocia\/carta-sim-turca\/&quot;,&quot;title&quot;:&quot;Carta SIM Turca Per Turisti&quot;,&quot;class&quot;:&quot;&quot;}\" style=\"\"><a href=\"https:\/\/cappadociatouristinformation.gen.tr\/it\/guida\/ristoranti\/\" title=\"Guida Completa ai Ristoranti della Cappadocia\" data-css=\"\">Guida Completa ai Ristoranti della Cappadocia<\/a><\/span><\/h3>\n<p><a href=\"https:\/\/cappadociatouristinformation.gen.tr\/it\/guida\/ristoranti\/\" style=\"\"><span style=\"\"><span style=\"\">Per saperne di pi\u00f9<\/span><\/span><\/a><a href=\"https:\/\/cappadociatouristinformation.gen.tr\/it\/guida\/mongolfiera\/\" dynamic-postlink=\"tcb_post_the_permalink\" data-shortcode-id=\"2855\"><\/a><\/p>\n<h3 style=\"text-align: center; padding-top: 0px !important; margin-top: 0px !important;\"><span data-attr-link=\"1\" data-attr-rel=\"0\" data-attr-target=\"0\" data-extra_key=\"\" data-option-inline=\"1\" data-shortcode=\"tcb_post_title\" data-shortcode-name=\"Post title\" data-attr-css=\"\" data-attr-static-link=\"{&quot;className&quot;:&quot;&quot;,&quot;href&quot;:&quot;https:\/\/cappadociatouristinformation.gen.tr\/it\/organizza-il-tuo-viaggio-in-cappadocia\/carta-sim-turca\/&quot;,&quot;title&quot;:&quot;Carta SIM Turca Per Turisti&quot;,&quot;class&quot;:&quot;&quot;}\" style=\"\"><a href=\"https:\/\/cappadociatouristinformation.gen.tr\/it\/guida\/mongolfiera\/\" title=\"Guida Completa Per il Tour in Mongolfiera in Cappadocia [Consigli + Biglietti + FAQ]\" data-css=\"\">Guida Completa Per il Tour in Mongolfiera in Cappadocia [Consigli + Biglietti + FAQ]<\/a><\/span><\/h3>\n<p><a href=\"https:\/\/cappadociatouristinformation.gen.tr\/it\/guida\/mongolfiera\/\" style=\"\"><span style=\"\"><span style=\"\">Per saperne di pi\u00f9<\/span><\/span><\/a><\/p>\n<h2>Audioguida per visitare la Cappadocia<\/h2>\n<p>Scarica&nbsp; <strong>l&#8217;app Mobile Guide<\/strong> e ascolta le ultime guide dei migliori quartieri della Cappadocia e scopri la citt\u00e0 al tuo ritmo!&nbsp;<\/p>\n<h2 style=\"text-align: center;\">Prenota un hotel in Cappadocia<\/h2>\n<h2><span data-attr-link=\"1\" data-attr-rel=\"0\" data-attr-target=\"0\" data-extra_key=\"\" data-option-inline=\"1\" data-shortcode=\"tcb_post_title\" data-shortcode-name=\"Post title\" data-attr-static-link=\"{&quot;className&quot;:&quot;&quot;,&quot;href&quot;:&quot;https:\/\/cappadociatouristinformation.gen.tr\/it\/hotel\/dove-alloggiare\/&quot;,&quot;title&quot;:&quot;Dove Alloggiare in Cappadocia: 4 Fantastici Quartieri da Conoscere&quot;,&quot;class&quot;:&quot;&quot;}\" data-attr-css=\"\"><a href=\"https:\/\/cappadociatouristinformation.gen.tr\/it\/hotel\/dove-alloggiare\/\" title=\"Dove Alloggiare in Cappadocia: 4 Fantastici Quartieri da Conoscere\" data-css=\"\">Dove Alloggiare in Cappadocia: 4 Fantastici Quartieri da Conoscere<\/a><\/span><\/h2>\n<p><a href=\"javascript:void(0)\"><span style=\"\"><span style=\"\">Load More<\/span><\/span><\/a><a href=\"https:\/\/cappadociatouristinformation.gen.tr\/it\/hotel\/hotel-per-la-luna-di-miele\/\" dynamic-postlink=\"tcb_post_the_permalink\" data-shortcode-id=\"2995\"><\/a><\/p>\n<h3 style=\"text-align: center; padding-top: 0px !important; margin-top: 0px !important;\"><span data-attr-link=\"1\" data-attr-rel=\"0\" data-attr-target=\"0\" data-extra_key=\"\" data-option-inline=\"1\" data-shortcode=\"tcb_post_title\" data-shortcode-name=\"Post title\" data-attr-css=\"\" data-attr-static-link=\"{&quot;className&quot;:&quot;&quot;,&quot;href&quot;:&quot;https:\/\/cappadociatouristinformation.gen.tr\/it\/hotel\/hotel-per-la-luna-di-miele\/&quot;,&quot;title&quot;:&quot;10 Hotel Per la Luna di Miele in Cappadocia \u2013 Hotel Romantici&quot;,&quot;class&quot;:&quot;&quot;}\" style=\"\"><a href=\"https:\/\/cappadociatouristinformation.gen.tr\/it\/hotel\/hotel-per-la-luna-di-miele\/\" title=\"10 Hotel Per la Luna di Miele in Cappadocia \u2013 Hotel Romantici\" data-css=\"\">10 Hotel Per la Luna di Miele in Cappadocia \u2013 Hotel Romantici<\/a><\/span><\/h3>\n<p><a href=\"https:\/\/cappadociatouristinformation.gen.tr\/it\/hotel\/hotel-per-la-luna-di-miele\/\" style=\"\"><span style=\"\"><span style=\"\"><b>Per saperne di pi\u00f9<\/b><\/span><\/span><\/a><a href=\"https:\/\/cappadociatouristinformation.gen.tr\/it\/hotel\/hotel-caverna\/\" dynamic-postlink=\"tcb_post_the_permalink\" data-shortcode-id=\"2995\"><\/a><\/p>\n<h3 style=\"text-align: center; padding-top: 0px !important; margin-top: 0px !important;\"><span data-attr-link=\"1\" data-attr-rel=\"0\" data-attr-target=\"0\" data-extra_key=\"\" data-option-inline=\"1\" data-shortcode=\"tcb_post_title\" data-shortcode-name=\"Post title\" data-attr-css=\"\" data-attr-static-link=\"{&quot;className&quot;:&quot;&quot;,&quot;href&quot;:&quot;https:\/\/cappadociatouristinformation.gen.tr\/it\/hotel\/hotel-per-la-luna-di-miele\/&quot;,&quot;title&quot;:&quot;10 Hotel Per la Luna di Miele in Cappadocia \u2013 Hotel Romantici&quot;,&quot;class&quot;:&quot;&quot;}\" style=\"\"><a href=\"https:\/\/cappadociatouristinformation.gen.tr\/it\/hotel\/hotel-caverna\/\" title=\"10 Migliori Hotel Caverna Grotte Della Cappadocia\" data-css=\"\">10 Migliori Hotel Caverna Grotte Della Cappadocia<\/a><\/span><\/h3>\n<p><a href=\"https:\/\/cappadociatouristinformation.gen.tr\/it\/hotel\/hotel-caverna\/\" style=\"\"><span style=\"\"><span style=\"\"><b>Per saperne di pi\u00f9<\/b><\/span><\/span><\/a><a href=\"https:\/\/cappadociatouristinformation.gen.tr\/it\/hotel\/5-stelle\/\" dynamic-postlink=\"tcb_post_the_permalink\" data-shortcode-id=\"2995\"><\/a><\/p>\n<h3 style=\"text-align: center; padding-top: 0px !important; margin-top: 0px !important;\"><span data-attr-link=\"1\" data-attr-rel=\"0\" data-attr-target=\"0\" data-extra_key=\"\" data-option-inline=\"1\" data-shortcode=\"tcb_post_title\" data-shortcode-name=\"Post title\" data-attr-css=\"\" data-attr-static-link=\"{&quot;className&quot;:&quot;&quot;,&quot;href&quot;:&quot;https:\/\/cappadociatouristinformation.gen.tr\/it\/hotel\/hotel-per-la-luna-di-miele\/&quot;,&quot;title&quot;:&quot;10 Hotel Per la Luna di Miele in Cappadocia \u2013 Hotel Romantici&quot;,&quot;class&quot;:&quot;&quot;}\" style=\"\"><a href=\"https:\/\/cappadociatouristinformation.gen.tr\/it\/hotel\/5-stelle\/\" title=\"Gli hotel a 5 stelle pi\u00f9 esclusivi della Cappadocia\" data-css=\"\">Gli hotel a 5 stelle pi\u00f9 esclusivi della Cappadocia<\/a><\/span><\/h3>\n<p><a href=\"https:\/\/cappadociatouristinformation.gen.tr\/it\/hotel\/5-stelle\/\" style=\"\"><span style=\"\"><span style=\"\"><b>Per saperne di pi\u00f9<\/b><\/span><\/span><\/a><a href=\"javascript:void(0)\"><span style=\"\"><span style=\"\">Load More<\/span><\/span><\/a><\/p>\n<h2>Supporto MICE per viaggi di gruppo<\/h2>\n<p>Forniamo un servizio completo di organizzazione per tour di gruppo, conferenze ed eventi aziendali in Cappadocia. Unisciti a noi e ricevi subito un preventivo gratuito.<\/p>\n<h2 style=\"text-align: center;\">Cibo, vita notturna e stile di vita<\/h2>\n<h2><span data-attr-link=\"1\" data-attr-rel=\"0\" data-attr-target=\"0\" data-extra_key=\"\" data-option-inline=\"1\" data-shortcode=\"tcb_post_title\" data-shortcode-name=\"Post title\" data-attr-static-link=\"{&quot;className&quot;:&quot;&quot;,&quot;href&quot;:&quot;https:\/\/cappadociatouristinformation.gen.tr\/it\/guida\/shopping\/&quot;,&quot;title&quot;:&quot;Una Guida Completa Allo Shopping in Cappadocia: Cosa Comprare e Dove (Negozi, Mercati, ecc.)&quot;,&quot;class&quot;:&quot;&quot;}\" data-attr-css=\"\"><a href=\"https:\/\/cappadociatouristinformation.gen.tr\/it\/guida\/shopping\/\" title=\"Una Guida Completa Allo Shopping in Cappadocia: Cosa Comprare e Dove (Negozi, Mercati, ecc.)\" data-css=\"\">Una Guida Completa Allo Shopping in Cappadocia: Cosa Comprare e Dove (Negozi, Mercati, ecc.)<\/a><\/span><\/h2>\n<p><a href=\"https:\/\/cappadociatouristinformation.gen.tr\/it\/guida\/\" dynamic-postlink=\"tcb_post_the_permalink\" data-shortcode-id=\"2489\"><\/a><\/p>\n<h3 style=\"text-align: center; padding-top: 0px !important; margin-top: 0px !important;\"><span data-attr-link=\"1\" data-attr-rel=\"0\" data-attr-target=\"0\" data-extra_key=\"\" data-option-inline=\"1\" data-shortcode=\"tcb_post_title\" data-shortcode-name=\"Post title\" data-attr-css=\"\" data-attr-static-link=\"{&quot;className&quot;:&quot;&quot;,&quot;href&quot;:&quot;https:\/\/cappadociatouristinformation.gen.tr\/it\/guida\/&quot;,&quot;title&quot;:&quot;Guida Alla Cultura Della Cappadocia&quot;,&quot;class&quot;:&quot;&quot;}\" style=\"\"><a href=\"https:\/\/cappadociatouristinformation.gen.tr\/it\/guida\/\" title=\"Guida Alla Cultura Della Cappadocia\" data-css=\"\">Guida Alla Cultura Della Cappadocia<\/a><\/span><\/h3>\n<p><a href=\"https:\/\/cappadociatouristinformation.gen.tr\/it\/guida\/\" style=\"\"><span style=\"\"><span style=\"\">Per saperne di pi\u00f9<\/span><\/span><\/a><a href=\"https:\/\/cappadociatouristinformation.gen.tr\/it\/guida\/vita-notturna\/\" dynamic-postlink=\"tcb_post_the_permalink\" data-shortcode-id=\"2489\"><\/a><\/p>\n<h3 style=\"text-align: center; padding-top: 0px !important; margin-top: 0px !important;\"><span data-attr-link=\"1\" data-attr-rel=\"0\" data-attr-target=\"0\" data-extra_key=\"\" data-option-inline=\"1\" data-shortcode=\"tcb_post_title\" data-shortcode-name=\"Post title\" data-attr-css=\"\" data-attr-static-link=\"{&quot;className&quot;:&quot;&quot;,&quot;href&quot;:&quot;https:\/\/cappadociatouristinformation.gen.tr\/it\/guida\/&quot;,&quot;title&quot;:&quot;Guida Alla Cultura Della Cappadocia&quot;,&quot;class&quot;:&quot;&quot;}\" style=\"\"><a href=\"https:\/\/cappadociatouristinformation.gen.tr\/it\/guida\/vita-notturna\/\" title=\"Guida Completa Alla Vita Notturna in Cappadocia: Bar, Club e Spettacoli Notturni Turchi\" data-css=\"\">Guida Completa Alla Vita Notturna in Cappadocia: Bar, Club e Spettacoli Notturni Turchi<\/a><\/span><\/h3>\n<p><a href=\"https:\/\/cappadociatouristinformation.gen.tr\/it\/guida\/vita-notturna\/\" style=\"\"><span style=\"\"><span style=\"\">Per saperne di pi\u00f9<\/span><\/span><\/a><a href=\"https:\/\/cappadociatouristinformation.gen.tr\/it\/cose-da-fare\/10-cose-da-fare\/\" dynamic-postlink=\"tcb_post_the_permalink\" data-shortcode-id=\"2489\"><\/a><\/p>\n<h3 style=\"text-align: center; padding-top: 0px !important; margin-top: 0px !important;\"><span data-attr-link=\"1\" data-attr-rel=\"0\" data-attr-target=\"0\" data-extra_key=\"\" data-option-inline=\"1\" data-shortcode=\"tcb_post_title\" data-shortcode-name=\"Post title\" data-attr-css=\"\" data-attr-static-link=\"{&quot;className&quot;:&quot;&quot;,&quot;href&quot;:&quot;https:\/\/cappadociatouristinformation.gen.tr\/it\/guida\/&quot;,&quot;title&quot;:&quot;Guida Alla Cultura Della Cappadocia&quot;,&quot;class&quot;:&quot;&quot;}\" style=\"\"><a href=\"https:\/\/cappadociatouristinformation.gen.tr\/it\/cose-da-fare\/10-cose-da-fare\/\" title=\"Le 10 Cose da Fare in Cappadocia\" data-css=\"\">Le 10 Cose da Fare in Cappadocia<\/a><\/span><\/h3>\n<p><a href=\"https:\/\/cappadociatouristinformation.gen.tr\/it\/cose-da-fare\/10-cose-da-fare\/\" style=\"\"><span style=\"\"><span style=\"\">Per saperne di pi\u00f9<\/span><\/span><\/a><a href=\"javascript:void(0)\"><span style=\"\"><span style=\"\">Load More<\/span><\/span><\/a><\/p>\n","protected":false},"excerpt":{"rendered":"<p>Cosa posso fare in Cappadocia? Luoghi, attrazioni e musei Le 50 Cose da Fare in Cappadocia [Con Biglietti] 10 Cose da Fare in Cappadocia in Inverno Per saperne di pi\u00f9 10 musei in Cappadocia \u2013 Musei pi\u00f9 votati Per saperne di pi\u00f9 15 Cose Migliori da Fare in Cappadocia Con Bambini Per saperne di pi\u00f9Load [&hellip;]<\/p>\n","protected":false},"author":2,"featured_media":0,"parent":0,"menu_order":0,"comment_status":"closed","ping_status":"closed","template":"","meta":{"footnotes":""},"categories":[],"tags":[],"class_list":["post-568","page","type-page","status-publish","hentry","post-wrapper","thrv_wrapper"],"_links":{"self":[{"href":"https:\/\/cappadociatouristinformation.gen.tr\/it\/wp-json\/wp\/v2\/pages\/568","targetHints":{"allow":["GET"]}}],"collection":[{"href":"https:\/\/cappadociatouristinformation.gen.tr\/it\/wp-json\/wp\/v2\/pages"}],"about":[{"href":"https:\/\/cappadociatouristinformation.gen.tr\/it\/wp-json\/wp\/v2\/types\/page"}],"author":[{"embeddable":true,"href":"https:\/\/cappadociatouristinformation.gen.tr\/it\/wp-json\/wp\/v2\/users\/2"}],"replies":[{"embeddable":true,"href":"https:\/\/cappadociatouristinformation.gen.tr\/it\/wp-json\/wp\/v2\/comments?post=568"}],"version-history":[{"count":17,"href":"https:\/\/cappadociatouristinformation.gen.tr\/it\/wp-json\/wp\/v2\/pages\/568\/revisions"}],"predecessor-version":[{"id":3772,"href":"https:\/\/cappadociatouristinformation.gen.tr\/it\/wp-json\/wp\/v2\/pages\/568\/revisions\/3772"}],"wp:attachment":[{"href":"https:\/\/cappadociatouristinformation.gen.tr\/it\/wp-json\/wp\/v2\/media?parent=568"}],"wp:term":[{"taxonomy":"category","embeddable":true,"href":"https:\/\/cappadociatouristinformation.gen.tr\/it\/wp-json\/wp\/v2\/categories?post=568"},{"taxonomy":"post_tag","embeddable":true,"href":"https:\/\/cappadociatouristinformation.gen.tr\/it\/wp-json\/wp\/v2\/tags?post=568"}],"curies":[{"name":"wp","href":"https:\/\/api.w.org\/{rel}","templated":true}]}}